{"id":758665,"date":"2025-08-28T08:11:48","date_gmt":"2025-08-28T05:11:48","guid":{"rendered":"https:\/\/roveyayinevi.com.tr\/index.php\/urun\/spor-ve-iletisim-bilimlerinde-yenilikci-yaklasimlar\/"},"modified":"2026-04-16T03:11:44","modified_gmt":"2026-04-16T00:11:44","slug":"spor-ve-iletisim-bilimlerinde-yenilikci-yaklasimlar","status":"publish","type":"product","link":"https:\/\/roveyayinevi.com.tr\/index.php\/urun\/spor-ve-iletisim-bilimlerinde-yenilikci-yaklasimlar\/","title":{"rendered":"Spor Ve \u0130leti\u015fim Bilimlerinde Yenilik\u00e7i Yakla\u015f\u0131mlar"},"content":{"rendered":"<p>\u0130\u00e7indekiler :   SPORDA \u015e\u0130DDET   D\u0130J\u0130TAL YAYIN PLATFORMLARI \u00d6ZEL\u0130NDE T\u00dcRK D\u0130Z\u0130 SEKT\u00d6R\u00dcN\u00dcN YAPISAL   D\u00d6N\u00dc\u015e\u00dcM\u00dc: EXXEN VE NETFL\u0130X \u00d6RNE\u011e\u0130   \u00d6\u011eRETMEN ADAYLARININ DUYGUSAL \u0130LET\u0130\u015e\u0130M BECER\u0130 D\u00dcZEYLER\u0130N\u0130N SPORT\u0130F AKT\u0130V\u0130TE VE FARKLI DE\u011e\u0130\u015eKENLER A\u00c7ISINDAN \u0130NCELENMES\u0130   GAZETEC\u0130LER\u0130N PERSPEKT\u0130F\u0130NDEN GELENEKSEL VE \u0130NTERNET GAZETELER\u0130 ARASINDAK\u0130 HABER AKTARIM FARKLARI   ATAT\u00dcRK \u00dcN\u0130VERS\u0130TES\u0130 KAMP\u00dcS\u00dcNDE REKREAT\u0130F VE SPORT\u0130F AMA\u00c7LI ORYANT\u0130R\u0130NG PARKUR KAZANIMI (ABDEP)   \u00dcN\u0130VERS\u0130TE \u00d6\u011eRENC\u0130LER\u0130N\u0130N SIKINTIYA DAYANMA T\u00dcRLER\u0130 \u0130LE \u00d6FKE \u0130FADE TARZLARI ARASINDAK\u0130 \u0130L\u0130\u015eK\u0130N\u0130N \u0130NCELENMES\u0130   SPOR YAPAN VE YAPMAYAN \u00dcN\u0130VERS\u0130TE \u00d6\u011eRENC\u0130LER\u0130N\u0130N SALDIRGANLIK D\u00dcZEYLER\u0130N\u0130N \u0130NCELENMES\u0130   KASSAL H\u0130PERTROF\u0130DE HORMONEL ADAPTASYON   SPORUN K\u00dcRESEL D\u00d6N\u00dc\u015e\u00dcM\u00dc   TOPLUM SA\u011eLI\u011eI \u0130\u00c7\u0130N EGZERS\u0130Z RE\u00c7ETES\u0130 <\/p>\n","protected":false},"excerpt":{"rendered":"<p>\u0130\u00e7indekiler : SPORDA \u015e\u0130DDET D\u0130J\u0130TAL YAYIN PLATFORMLARI \u00d6ZEL\u0130NDE T\u00dcRK D\u0130Z\u0130 SEKT\u00d6R\u00dcN\u00dcN YAPISAL D\u00d6N\u00dc\u015e\u00dcM\u00dc: EXXEN VE NETFL\u0130X \u00d6RNE\u011e\u0130 \u00d6\u011eRETMEN ADAYLARININ DUYGUSAL \u0130LET\u0130\u015e\u0130M BECER\u0130 D\u00dcZEYLER\u0130N\u0130N SPORT\u0130F AKT\u0130V\u0130TE VE<span class=\"excerpt-hellip\"> [\u2026]<\/span><\/p>\n","protected":false},"featured_media":0,"template":"","meta":{"_monsterinsights_skip_tracking":false,"_monsterinsights_sitenote_active":false,"_monsterinsights_sitenote_note":"","_monsterinsights_sitenote_category":0},"product_brand":[],"product_cat":[15563,15564],"product_tag":[],"class_list":{"0":"post-758665","1":"product","2":"type-product","3":"status-publish","5":"product_cat-hobi","6":"product_cat-spor","7":"pa_cilt-ciltsiz","8":"pa_tur-kitap","9":"pa_yayinevi-gazi-kitabevi","10":"pa_yazar-kolektif","12":"first","13":"instock","14":"sale","15":"shipping-taxable","16":"purchasable","17":"product-type-simple"},"_links":{"self":[{"href":"https:\/\/roveyayinevi.com.tr\/index.php\/wp-json\/wp\/v2\/product\/758665","targetHints":{"allow":["GET"]}}],"collection":[{"href":"https:\/\/roveyayinevi.com.tr\/index.php\/wp-json\/wp\/v2\/product"}],"about":[{"href":"https:\/\/roveyayinevi.com.tr\/index.php\/wp-json\/wp\/v2\/types\/product"}],"wp:attachment":[{"href":"https:\/\/roveyayinevi.com.tr\/index.php\/wp-json\/wp\/v2\/media?parent=758665"}],"wp:term":[{"taxonomy":"product_brand","embeddable":true,"href":"https:\/\/roveyayinevi.com.tr\/index.php\/wp-json\/wp\/v2\/product_brand?post=758665"},{"taxonomy":"product_cat","embeddable":true,"href":"https:\/\/roveyayinevi.com.tr\/index.php\/wp-json\/wp\/v2\/product_cat?post=758665"},{"taxonomy":"product_tag","embeddable":true,"href":"https:\/\/roveyayinevi.com.tr\/index.php\/wp-json\/wp\/v2\/product_tag?post=758665"}],"curies":[{"name":"wp","href":"https:\/\/api.w.org\/{rel}","templated":true}]}}