{"id":758664,"date":"2025-08-28T08:11:47","date_gmt":"2025-08-28T05:11:47","guid":{"rendered":"https:\/\/roveyayinevi.com.tr\/index.php\/urun\/genc-basketbolcularda-modifiye-edilmis-nba-draft-testlerinin-turkiye-normatif-degerleri\/"},"modified":"2026-04-16T03:11:44","modified_gmt":"2026-04-16T00:11:44","slug":"genc-basketbolcularda-modifiye-edilmis-nba-draft-testlerinin-turkiye-normatif-degerleri","status":"publish","type":"product","link":"https:\/\/roveyayinevi.com.tr\/index.php\/urun\/genc-basketbolcularda-modifiye-edilmis-nba-draft-testlerinin-turkiye-normatif-degerleri\/","title":{"rendered":"Gen\u00e7 Basketbolcularda Modifiye Edilmi\u015f Nba Draft Testlerinin T\u00fcrkiye Normatif De\u011ferleri"},"content":{"rendered":"<p>\u0130\u00e7indekiler :        1.G\u0130R\u0130\u015e        2.AMA\u00c7        3. Y\u00d6NTEM        4. BULGULAR        5.TARTI\u015eMA        6. SONU\u00c7LAR ve \u00d6NER\u0130LER <\/p>\n","protected":false},"excerpt":{"rendered":"<p>\u0130\u00e7indekiler : 1.G\u0130R\u0130\u015e 2.AMA\u00c7 3. Y\u00d6NTEM 4. BULGULAR 5.TARTI\u015eMA 6. SONU\u00c7LAR ve \u00d6NER\u0130LER<\/p>\n","protected":false},"featured_media":0,"template":"","meta":{"_monsterinsights_skip_tracking":false,"_monsterinsights_sitenote_active":false,"_monsterinsights_sitenote_note":"","_monsterinsights_sitenote_category":0},"product_brand":[],"product_cat":[15563,15564],"product_tag":[],"class_list":{"0":"post-758664","1":"product","2":"type-product","3":"status-publish","5":"product_cat-hobi","6":"product_cat-spor","7":"pa_cilt-ciltsiz","8":"pa_tur-kitap","9":"pa_yayinevi-gazi-kitabevi","10":"pa_yazar-tuncay-kiratli","12":"first","13":"instock","14":"sale","15":"shipping-taxable","16":"purchasable","17":"product-type-simple"},"_links":{"self":[{"href":"https:\/\/roveyayinevi.com.tr\/index.php\/wp-json\/wp\/v2\/product\/758664","targetHints":{"allow":["GET"]}}],"collection":[{"href":"https:\/\/roveyayinevi.com.tr\/index.php\/wp-json\/wp\/v2\/product"}],"about":[{"href":"https:\/\/roveyayinevi.com.tr\/index.php\/wp-json\/wp\/v2\/types\/product"}],"wp:attachment":[{"href":"https:\/\/roveyayinevi.com.tr\/index.php\/wp-json\/wp\/v2\/media?parent=758664"}],"wp:term":[{"taxonomy":"product_brand","embeddable":true,"href":"https:\/\/roveyayinevi.com.tr\/index.php\/wp-json\/wp\/v2\/product_brand?post=758664"},{"taxonomy":"product_cat","embeddable":true,"href":"https:\/\/roveyayinevi.com.tr\/index.php\/wp-json\/wp\/v2\/product_cat?post=758664"},{"taxonomy":"product_tag","embeddable":true,"href":"https:\/\/roveyayinevi.com.tr\/index.php\/wp-json\/wp\/v2\/product_tag?post=758664"}],"curies":[{"name":"wp","href":"https:\/\/api.w.org\/{rel}","templated":true}]}}