{"id":758662,"date":"2025-08-28T08:11:44","date_gmt":"2025-08-28T05:11:44","guid":{"rendered":"https:\/\/roveyayinevi.com.tr\/index.php\/urun\/uzay-tuhafligi\/"},"modified":"2026-04-16T03:11:44","modified_gmt":"2026-04-16T00:11:44","slug":"uzay-tuhafligi","status":"publish","type":"product","link":"https:\/\/roveyayinevi.com.tr\/index.php\/urun\/uzay-tuhafligi\/","title":{"rendered":"Uzay Tuhafl\u0131\u011f\u0131"},"content":{"rendered":"<p>Bu hik\u00e2yeyi UFO\u2019larla, kara deliklerle, katil robotlarla ve pek k\u00f6t\u00fc kokan uzayl\u0131larla dolu, galaksiler aras\u0131 bir macera san\u0131yor olabilirsiniz.Hakl\u0131s\u0131n\u0131z da.Ama hik\u00e2yenin b\u00fcy\u00fck bir b\u00f6l\u00fcm\u00fc Jake adl\u0131 bir \u00e7ocuk, onu s\u00fcrekli utand\u0131ran babas\u0131 ve ak\u0131l almaz bir soruyla ilgili\u2026Evrende ger\u00e7ekten yaln\u0131z m\u0131y\u0131z? \u00c7ok sevilen Albie Br\u0131hgt&#8217;\u0131n Say\u0131s\u0131z D\u00fcnyas\u0131 kitab\u0131n\u0131n yazar\u0131, pozitif bilimlerle \u00e7ocuk edebiyat\u0131n\u0131 ustaca birle\u015ftiren Christopher Edge bu kez ad\u0131n\u0131 David Bowie&#8217;nin Space Oddity par\u00e7as\u0131ndan alan, ilgin\u00e7 bilgilerle dolu heyecanl\u0131 bir macerayla kar\u015f\u0131m\u0131zda. \u00d6vg\u00fcler:&#8221;Parlak, zekice yaz\u0131lm\u0131\u015f bir kitap&#8230; bir tutam mizah ve bolca duygusal zeka ile s\u00fcslenmi\u015f.&#8221;                                                                    The Times, Children&#8217;s Book of the Week &#8220;Bilimin yan\u0131nda g\u00fclmeyi de seviyorsan\u0131z, bu e\u011flenceli uzay maceras\u0131 tam size g\u00f6re.&#8221;                                                                                                          The Week Junior&#8221;Edge&#8217;in son derece orijinal kitaplar\u0131 bilim ve heyecan\u0131 bir araya getiriyor; bu sefer bir uzaymaceras\u0131nda i\u015fin i\u00e7ine komediyi de kat\u0131yor.&#8221;                                                                                                             The Bookseller<\/p>\n","protected":false},"excerpt":{"rendered":"<p>Bu hik\u00e2yeyi UFO\u2019larla, kara deliklerle, katil robotlarla ve pek k\u00f6t\u00fc kokan uzayl\u0131larla dolu, galaksiler aras\u0131 bir macera san\u0131yor olabilirsiniz.Hakl\u0131s\u0131n\u0131z da.Ama hik\u00e2yenin b\u00fcy\u00fck bir b\u00f6l\u00fcm\u00fc Jake adl\u0131<span class=\"excerpt-hellip\"> [\u2026]<\/span><\/p>\n","protected":false},"featured_media":0,"template":"","meta":{"_monsterinsights_skip_tracking":false,"_monsterinsights_sitenote_active":false,"_monsterinsights_sitenote_note":"","_monsterinsights_sitenote_category":0},"product_brand":[],"product_cat":[12275,12274],"product_tag":[],"class_list":{"0":"post-758662","1":"product","2":"type-product","3":"status-publish","5":"product_cat-6-12-yas-kitaplari","6":"product_cat-cocuk-ve-genclik-kitaplari","7":"pa_cilt-ciltsiz","8":"pa_tur-kitap","9":"pa_yayinevi-bilgi-yayinevi","10":"pa_yazar-christopher-edge","12":"first","13":"instock","14":"sale","15":"shipping-taxable","16":"purchasable","17":"product-type-simple"},"_links":{"self":[{"href":"https:\/\/roveyayinevi.com.tr\/index.php\/wp-json\/wp\/v2\/product\/758662","targetHints":{"allow":["GET"]}}],"collection":[{"href":"https:\/\/roveyayinevi.com.tr\/index.php\/wp-json\/wp\/v2\/product"}],"about":[{"href":"https:\/\/roveyayinevi.com.tr\/index.php\/wp-json\/wp\/v2\/types\/product"}],"wp:attachment":[{"href":"https:\/\/roveyayinevi.com.tr\/index.php\/wp-json\/wp\/v2\/media?parent=758662"}],"wp:term":[{"taxonomy":"product_brand","embeddable":true,"href":"https:\/\/roveyayinevi.com.tr\/index.php\/wp-json\/wp\/v2\/product_brand?post=758662"},{"taxonomy":"product_cat","embeddable":true,"href":"https:\/\/roveyayinevi.com.tr\/index.php\/wp-json\/wp\/v2\/product_cat?post=758662"},{"taxonomy":"product_tag","embeddable":true,"href":"https:\/\/roveyayinevi.com.tr\/index.php\/wp-json\/wp\/v2\/product_tag?post=758662"}],"curies":[{"name":"wp","href":"https:\/\/api.w.org\/{rel}","templated":true}]}}