{"id":758661,"date":"2025-08-28T08:11:42","date_gmt":"2025-08-28T05:11:42","guid":{"rendered":"https:\/\/roveyayinevi.com.tr\/index.php\/urun\/sosyoloji-ve-antropoloji-1\/"},"modified":"2026-04-16T03:11:44","modified_gmt":"2026-04-16T00:11:44","slug":"sosyoloji-ve-antropoloji-1","status":"publish","type":"product","link":"https:\/\/roveyayinevi.com.tr\/index.php\/urun\/sosyoloji-ve-antropoloji-1\/","title":{"rendered":"Sosyoloji ve Antropoloji &#8211; 1"},"content":{"rendered":"<p>B\u00fcy\u00fc, tan\u0131m\u0131 gere\u011fi, bir inan\u00e7 konusudur. Kendi \u00f6gelerinden daha ger\u00e7ek oldu\u011fu gibi, genellikle b\u00fcy\u00fcye olan inan\u00e7 da onun \u00f6gelerine olan inan\u00e7tan daha k\u00f6kl\u00fcd\u00fcr. Genellikle bu inan\u00e7, t\u00fcm toplumda mekanik bi\u00e7imde yay\u0131lm\u0131\u015f durumdad\u0131r; do\u011fumdan ba\u015flayarak payla\u015f\u0131lmaktad\u0131r. Burada b\u00fcy\u00fcye olan inan\u00e7, bilimsel inan\u00e7lardan farkl\u0131 de\u011fildir. Bu alanda ara\u015ft\u0131rma yapan \u00e7o\u011fu kuramc\u0131 yazarlar, \u00f6zel konulardaki g\u00f6r\u00fc\u015f ayr\u0131mlar\u0131 bir yana, b\u00fcy\u00fcn\u00fcn bir t\u00fcr \u201cbilim \u00f6ncesi bilim\u201d oldu\u011funda g\u00f6r\u00fc\u015f birli\u011fi i\u00e7indedirler. B\u00fcy\u00fcn\u00fcn \u00f6nce ar\u0131 bir durumda var oldu\u011fu, insan\u0131n ba\u015flang\u0131\u00e7ta yaln\u0131z b\u00fcy\u00fcsel terimlerle d\u00fc\u015f\u00fcnebilmekte oldu\u011fu varsay\u0131lmaktad\u0131r. \u0130lkellerin tap\u0131nmalar\u0131nda ve halk k\u00fclt\u00fcr\u00fcnde b\u00fcy\u00fcsel t\u00f6renlerin ba\u015fat yer tutmas\u0131, bu varsay\u0131m\u0131 do\u011frulay\u0131c\u0131 \u00f6nemli bir kan\u0131t say\u0131lmaktad\u0131r. Ayr\u0131ca totem t\u00f6renlerinin t\u00fcmden b\u00fcy\u00fcsel nitelik ta\u015f\u0131d\u0131\u011f\u0131 s\u00f6ylenen kimi Orta Avusturalya oymaklar\u0131ndan b\u00fcy\u00fcn\u00fcn h\u00e2l\u00e2 bu durumunu s\u00fcrd\u00fcrmekte oldu\u011fu belirtiliyor. B\u00fcy\u00fc, b\u00f6ylece ilkel insan\u0131n hem t\u00fcm gizemsel ya\u015fam\u0131n\u0131, hem de t\u00fcm bilimsel ya\u015fam\u0131n\u0131 olu\u015fturmaktad\u0131r. \u00d6rne\u011fin; kimi halkbilimciler, Malezyal\u0131lar\u0131n eski tar\u0131msal t\u00f6renlerini b\u00fcy\u00fc olarak g\u00f6rmektedir. Dinin, d\u00fc\u015f\u00fcnsel \u00f6geleri arac\u0131l\u0131\u011f\u0131yla, do\u011fa \u00f6teselli\u011fe y\u00f6nelmesine kar\u015f\u0131n, somut ger\u00e7ekli\u011fe daha d\u00fc\u015fk\u00fcn olarak betimlenen b\u00fcy\u00fc, do\u011fay\u0131 tan\u0131maya \u00f6nem verir. Bilimlerin bir b\u00f6l\u00fcm\u00fcn\u00fcn, \u00f6zellikle ilkel toplumlarda b\u00fcy\u00fcc\u00fcler taraf\u0131ndan geli\u015ftirildi\u011fi kesindir. Eski Yunan\u2019da simyac\u0131 b\u00fcy\u00fcc\u00fcler, y\u0131ld\u0131z falc\u0131s\u0131 b\u00fcy\u00fcc\u00fcler, Hindistan ve ba\u015fka yerlerde de oldu\u011fu gibi, g\u00f6k bilimin, fizi\u011fin, kimyan\u0131n, do\u011fa tarihinin kurucular\u0131 ve \u00e7al\u0131\u015fanlar\u0131 olmu\u015flard\u0131r.  <\/p>\n","protected":false},"excerpt":{"rendered":"<p>B\u00fcy\u00fc, tan\u0131m\u0131 gere\u011fi, bir inan\u00e7 konusudur. Kendi \u00f6gelerinden daha ger\u00e7ek oldu\u011fu gibi, genellikle b\u00fcy\u00fcye olan inan\u00e7 da onun \u00f6gelerine olan inan\u00e7tan daha k\u00f6kl\u00fcd\u00fcr. Genellikle bu inan\u00e7,<span class=\"excerpt-hellip\"> [\u2026]<\/span><\/p>\n","protected":false},"featured_media":0,"template":"","meta":{"_monsterinsights_skip_tracking":false,"_monsterinsights_sitenote_active":false,"_monsterinsights_sitenote_note":"","_monsterinsights_sitenote_category":0},"product_brand":[],"product_cat":[12325,12324],"product_tag":[],"class_list":{"0":"post-758661","1":"product","2":"type-product","3":"status-publish","5":"product_cat-diger-sosyoloji","6":"product_cat-sosyoloji","7":"pa_cilt-ciltsiz","8":"pa_tur-kitap","9":"pa_yayinevi-cem-yayinevi","10":"pa_yazar-marcel-mauss","12":"first","13":"instock","14":"sale","15":"shipping-taxable","16":"purchasable","17":"product-type-simple"},"_links":{"self":[{"href":"https:\/\/roveyayinevi.com.tr\/index.php\/wp-json\/wp\/v2\/product\/758661","targetHints":{"allow":["GET"]}}],"collection":[{"href":"https:\/\/roveyayinevi.com.tr\/index.php\/wp-json\/wp\/v2\/product"}],"about":[{"href":"https:\/\/roveyayinevi.com.tr\/index.php\/wp-json\/wp\/v2\/types\/product"}],"wp:attachment":[{"href":"https:\/\/roveyayinevi.com.tr\/index.php\/wp-json\/wp\/v2\/media?parent=758661"}],"wp:term":[{"taxonomy":"product_brand","embeddable":true,"href":"https:\/\/roveyayinevi.com.tr\/index.php\/wp-json\/wp\/v2\/product_brand?post=758661"},{"taxonomy":"product_cat","embeddable":true,"href":"https:\/\/roveyayinevi.com.tr\/index.php\/wp-json\/wp\/v2\/product_cat?post=758661"},{"taxonomy":"product_tag","embeddable":true,"href":"https:\/\/roveyayinevi.com.tr\/index.php\/wp-json\/wp\/v2\/product_tag?post=758661"}],"curies":[{"name":"wp","href":"https:\/\/api.w.org\/{rel}","templated":true}]}}