{"id":758658,"date":"2025-08-28T08:11:37","date_gmt":"2025-08-28T05:11:37","guid":{"rendered":"https:\/\/roveyayinevi.com.tr\/index.php\/urun\/paranin-psikolojisi\/"},"modified":"2026-04-16T03:11:44","modified_gmt":"2026-04-16T00:11:44","slug":"paranin-psikolojisi","status":"publish","type":"product","link":"https:\/\/roveyayinevi.com.tr\/index.php\/urun\/paranin-psikolojisi\/","title":{"rendered":"Paran\u0131n Psikolojisi"},"content":{"rendered":"<p>\u00c7ocuklara daha iyi not almalar\u0131 i\u00e7in para \u00f6demek iyi bir fikir mi ?Ufak \u00f6demeler size sigaray\u0131 b\u0131rakt\u0131rabilir mi ?Sevdi\u011fimiz bir g\u00fcysinin pahal\u0131 olmas\u0131 onu daha fazla sevmemizi mi sa\u011flar ?Parayla ili\u015fkimiz nerede ba\u015flar, nerede biter ? Paraya ihtiyac\u0131m\u0131z oldu\u011funu biliriz ve hep daha fazlas\u0131n\u0131 isteriz. Ancak paran\u0131n zihnimizi ve duygular\u0131m\u0131z\u0131 nas\u0131l etkiledi\u011fini, alg\u0131lar\u0131m\u0131z\u0131 nas\u0131l \u00e7arp\u0131tt\u0131\u011f\u0131n\u0131 ve hatta davran\u0131\u015flar\u0131m\u0131z\u0131 nas\u0131l de\u011fi\u015ftirdi\u011fini pek d\u00fc\u015f\u00fcnmeyiz. Zaman\u0131 Kazanmak\u2019\u0131n en sevilen yazar\u0131 Claudia Hammond, sinirbilim, psikoloji ve biyoloji alanlar\u0131ndaki son ara\u015ft\u0131rmalar\u0131 dikkate alarak parayla ili\u015fkimize yeni ve d\u00fc\u015f\u00fcnd\u00fcr\u00fcc\u00fc bir bak\u0131\u015f a\u00e7\u0131s\u0131 sunuyor ; paran\u0131n \u015fa\u015f\u0131rt\u0131c\u0131 etkilerini inceleyerek paraya ba\u011f\u0131ml\u0131l\u0131\u011f\u0131m\u0131z\u0131n sand\u0131\u011f\u0131m\u0131zdan daha karma\u015f\u0131k oldu\u011funu g\u00f6steriyor. Sahi Kitap, paran\u0131n dinamiklerinden etkilenen ve ondan en b\u00fcy\u00fck fayday\u0131 nas\u0131l sa\u011flayaca\u011f\u0131n\u0131 \u00f6\u011frenmek isteyen herkes i\u00e7in sunar : Paran\u0131n Psikolojisi.Bu kitap c\u00fczdan\u0131n\u0131zdaki paraya ve banka hesab\u0131n\u0131zdaki rakamlara bak\u0131\u015f\u0131n\u0131z\u0131 sonsuza dek de\u011fi\u015ftirecek. \u00ab Claudia Hammond, harcama ve tasarrufun tuhaf psikolojisine dair harika bir kitap \u00e7\u0131karm\u0131\u015f. Paran\u0131n Psikolojisi, kendi zihnimiz taraf\u0131ndan dalond\u0131r\u0131lmaktan nas\u0131l ka\u00e7\u0131nabilece\u011fimize dair pratik bir rehber. \u00bb\u2012Oliver Burkeman <\/p>\n","protected":false},"excerpt":{"rendered":"<p>\u00c7ocuklara daha iyi not almalar\u0131 i\u00e7in para \u00f6demek iyi bir fikir mi ?Ufak \u00f6demeler size sigaray\u0131 b\u0131rakt\u0131rabilir mi ?Sevdi\u011fimiz bir g\u00fcysinin pahal\u0131 olmas\u0131 onu daha fazla<span class=\"excerpt-hellip\"> [\u2026]<\/span><\/p>\n","protected":false},"featured_media":0,"template":"","meta":{"_monsterinsights_skip_tracking":false,"_monsterinsights_sitenote_active":false,"_monsterinsights_sitenote_note":"","_monsterinsights_sitenote_category":0},"product_brand":[],"product_cat":[12358,12357],"product_tag":[],"class_list":{"0":"post-758658","1":"product","2":"type-product","3":"status-publish","5":"product_cat-genel-psikoloji","6":"product_cat-psikoloji","7":"pa_cilt-ciltsiz","8":"pa_tur-kitap","9":"pa_yayinevi-sahi-kitap","10":"pa_yazar-claudia-hammond","12":"first","13":"instock","14":"sale","15":"shipping-taxable","16":"purchasable","17":"product-type-simple"},"_links":{"self":[{"href":"https:\/\/roveyayinevi.com.tr\/index.php\/wp-json\/wp\/v2\/product\/758658","targetHints":{"allow":["GET"]}}],"collection":[{"href":"https:\/\/roveyayinevi.com.tr\/index.php\/wp-json\/wp\/v2\/product"}],"about":[{"href":"https:\/\/roveyayinevi.com.tr\/index.php\/wp-json\/wp\/v2\/types\/product"}],"wp:attachment":[{"href":"https:\/\/roveyayinevi.com.tr\/index.php\/wp-json\/wp\/v2\/media?parent=758658"}],"wp:term":[{"taxonomy":"product_brand","embeddable":true,"href":"https:\/\/roveyayinevi.com.tr\/index.php\/wp-json\/wp\/v2\/product_brand?post=758658"},{"taxonomy":"product_cat","embeddable":true,"href":"https:\/\/roveyayinevi.com.tr\/index.php\/wp-json\/wp\/v2\/product_cat?post=758658"},{"taxonomy":"product_tag","embeddable":true,"href":"https:\/\/roveyayinevi.com.tr\/index.php\/wp-json\/wp\/v2\/product_tag?post=758658"}],"curies":[{"name":"wp","href":"https:\/\/api.w.org\/{rel}","templated":true}]}}