{"id":758656,"date":"2025-08-28T08:11:33","date_gmt":"2025-08-28T05:11:33","guid":{"rendered":"https:\/\/roveyayinevi.com.tr\/index.php\/urun\/nasreddin-bana-damdan-duseni-getirin\/"},"modified":"2026-04-16T03:11:44","modified_gmt":"2026-04-16T00:11:44","slug":"nasreddin-bana-damdan-duseni-getirin","status":"publish","type":"product","link":"https:\/\/roveyayinevi.com.tr\/index.php\/urun\/nasreddin-bana-damdan-duseni-getirin\/","title":{"rendered":"Nasreddin &#8211; Bana Damdan D\u00fc\u015feni Getirin"},"content":{"rendered":"<p>Nasreddin Hoca \u00e7a\u011flar\u0131 a\u015f\u0131p g\u00fcn\u00fcm\u00fcze gelir, bir zamane mizah yazar\u0131na rehberlik eder, elinden tutar ve ruhani tekam\u00fcl\u00fcne vesile olursa\u2026   \u0130\u015fte b\u00f6yle bir roman NasReddin. \u0130\u00e7imizden birinin, modern zamanlar\u0131n ruhani ve toplumsal yaralar\u0131yla m\u00e2l\u00fbl, yolunu kaybetmi\u015f, kaybolmu\u015f bir insan\u0131n kendini tan\u0131ma ve bulma yolculu\u011fu. Bu yolculukta Nasreddin Hoca, bilgeli\u011fin ve irfan\u0131n\u0131n temsilcisi olarak t\u0131pk\u0131 bir kimyager\/simyac\u0131 gibi kahraman\u0131m\u0131z\u0131n olgunla\u015fma yolundaki b\u00fcy\u00fck aray\u0131\u015f\u0131nda yol arkada\u015f\u0131 oluyor, onun \u00f6l\u00fcp tekrar dirilmesine \u015fahitlik ediyor.   Bu kitab\u0131n i\u00e7inde \u0130stanbul\u2019un sosyolojik d\u00f6n\u00fc\u015f\u00fcm\u00fc de var, tasavvuf bilgeleri de var, felsefe de var, y\u00fcksek dozda psikoloji ilmi de var, mizah\u0131n en karas\u0131 da\u2026   Yeni bir tabirle s\u00f6yleyecek olursak bir  nevi &#8216;\u0130lim-Kurgu\u2019 roman\u0131! B\u00fcy\u00fcl\u00fc bir ger\u00e7ek\u00e7ilik. \u015eehrin tehlikeli \u00e7atlaklar\u0131na s\u0131k\u0131\u015fm\u0131\u015f bir mizah\u00e7\u0131n\u0131n dibe vura vura kendi ruhunu kurtarma maceras\u0131\u2026   Ezc\u00fcmle; NasReddin okuyucuyu, \u015fehrin ve insan kalmaya \u00e7al\u0131\u015fman\u0131n jiletli mengenesinden kurtar\u0131p, ferahfeza bir \u00e2leme \u00e7\u0131kar\u0131yor\u2026<\/p>\n","protected":false},"excerpt":{"rendered":"<p>Nasreddin Hoca \u00e7a\u011flar\u0131 a\u015f\u0131p g\u00fcn\u00fcm\u00fcze gelir, bir zamane mizah yazar\u0131na rehberlik eder, elinden tutar ve ruhani tekam\u00fcl\u00fcne vesile olursa\u2026 \u0130\u015fte b\u00f6yle bir roman NasReddin. \u0130\u00e7imizden birinin,<span class=\"excerpt-hellip\"> [\u2026]<\/span><\/p>\n","protected":false},"featured_media":0,"template":"","meta":{"_monsterinsights_skip_tracking":false,"_monsterinsights_sitenote_active":false,"_monsterinsights_sitenote_note":"","_monsterinsights_sitenote_category":0},"product_brand":[],"product_cat":[12291,12711],"product_tag":[],"class_list":{"0":"post-758656","1":"product","2":"type-product","3":"status-publish","5":"product_cat-edebiyat","6":"product_cat-roman-oyku","7":"pa_cilt-ciltsiz","8":"pa_tur-kitap","9":"pa_yayinevi-tk-yayinlari","10":"pa_yazar-cem-sancar","12":"first","13":"instock","14":"sale","15":"shipping-taxable","16":"purchasable","17":"product-type-simple"},"_links":{"self":[{"href":"https:\/\/roveyayinevi.com.tr\/index.php\/wp-json\/wp\/v2\/product\/758656","targetHints":{"allow":["GET"]}}],"collection":[{"href":"https:\/\/roveyayinevi.com.tr\/index.php\/wp-json\/wp\/v2\/product"}],"about":[{"href":"https:\/\/roveyayinevi.com.tr\/index.php\/wp-json\/wp\/v2\/types\/product"}],"wp:attachment":[{"href":"https:\/\/roveyayinevi.com.tr\/index.php\/wp-json\/wp\/v2\/media?parent=758656"}],"wp:term":[{"taxonomy":"product_brand","embeddable":true,"href":"https:\/\/roveyayinevi.com.tr\/index.php\/wp-json\/wp\/v2\/product_brand?post=758656"},{"taxonomy":"product_cat","embeddable":true,"href":"https:\/\/roveyayinevi.com.tr\/index.php\/wp-json\/wp\/v2\/product_cat?post=758656"},{"taxonomy":"product_tag","embeddable":true,"href":"https:\/\/roveyayinevi.com.tr\/index.php\/wp-json\/wp\/v2\/product_tag?post=758656"}],"curies":[{"name":"wp","href":"https:\/\/api.w.org\/{rel}","templated":true}]}}