{"id":758655,"date":"2025-08-28T08:11:31","date_gmt":"2025-08-28T05:11:31","guid":{"rendered":"https:\/\/roveyayinevi.com.tr\/index.php\/urun\/agaclarin-diyalektigi\/"},"modified":"2026-04-16T03:11:43","modified_gmt":"2026-04-16T00:11:43","slug":"agaclarin-diyalektigi","status":"publish","type":"product","link":"https:\/\/roveyayinevi.com.tr\/index.php\/urun\/agaclarin-diyalektigi\/","title":{"rendered":"A\u011fa\u00e7lar\u0131n Diyalekti\u011fi"},"content":{"rendered":"<p>Belki de bir salk\u0131ms\u00f6\u011f\u00fctt\u00fcm, bir \u00e7\u0131\u011fl\u0131k hi\u00e7bir dile s\u0131\u011fmayan Yahut her sabah do\u011fan g\u00fcne\u015fe yepyeni bir kama\u015fma G\u00f6\u011f mavisi g\u00f6z\u00fcm g\u00f6\u011fs\u00fcm sa\u00e7lar\u0131m d\u00fcz ye\u015fil deniz Eminim beni buradan gelip ge\u00e7erken hi\u00e7 ama hi\u00e7 g\u00f6rmediniz!<\/p>\n","protected":false},"excerpt":{"rendered":"<p>Belki de bir salk\u0131ms\u00f6\u011f\u00fctt\u00fcm, bir \u00e7\u0131\u011fl\u0131k hi\u00e7bir dile s\u0131\u011fmayan Yahut her sabah do\u011fan g\u00fcne\u015fe yepyeni bir kama\u015fma G\u00f6\u011f mavisi g\u00f6z\u00fcm g\u00f6\u011fs\u00fcm sa\u00e7lar\u0131m d\u00fcz ye\u015fil deniz Eminim<span class=\"excerpt-hellip\"> [\u2026]<\/span><\/p>\n","protected":false},"featured_media":0,"template":"","meta":{"_monsterinsights_skip_tracking":false,"_monsterinsights_sitenote_active":false,"_monsterinsights_sitenote_note":"","_monsterinsights_sitenote_category":0},"product_brand":[],"product_cat":[12291,12509],"product_tag":[],"class_list":{"0":"post-758655","1":"product","2":"type-product","3":"status-publish","5":"product_cat-edebiyat","6":"product_cat-siir","7":"pa_cilt-ciltsiz","8":"pa_tur-kitap","9":"pa_yayinevi-muhit-kitap","10":"pa_yazar-murat-guzel","12":"first","13":"instock","14":"sale","15":"shipping-taxable","16":"purchasable","17":"product-type-simple"},"_links":{"self":[{"href":"https:\/\/roveyayinevi.com.tr\/index.php\/wp-json\/wp\/v2\/product\/758655","targetHints":{"allow":["GET"]}}],"collection":[{"href":"https:\/\/roveyayinevi.com.tr\/index.php\/wp-json\/wp\/v2\/product"}],"about":[{"href":"https:\/\/roveyayinevi.com.tr\/index.php\/wp-json\/wp\/v2\/types\/product"}],"wp:attachment":[{"href":"https:\/\/roveyayinevi.com.tr\/index.php\/wp-json\/wp\/v2\/media?parent=758655"}],"wp:term":[{"taxonomy":"product_brand","embeddable":true,"href":"https:\/\/roveyayinevi.com.tr\/index.php\/wp-json\/wp\/v2\/product_brand?post=758655"},{"taxonomy":"product_cat","embeddable":true,"href":"https:\/\/roveyayinevi.com.tr\/index.php\/wp-json\/wp\/v2\/product_cat?post=758655"},{"taxonomy":"product_tag","embeddable":true,"href":"https:\/\/roveyayinevi.com.tr\/index.php\/wp-json\/wp\/v2\/product_tag?post=758655"}],"curies":[{"name":"wp","href":"https:\/\/api.w.org\/{rel}","templated":true}]}}