{"id":758654,"date":"2025-08-28T08:11:29","date_gmt":"2025-08-28T05:11:29","guid":{"rendered":"https:\/\/roveyayinevi.com.tr\/index.php\/urun\/davetsiz-misafir-huzun\/"},"modified":"2026-04-16T03:11:43","modified_gmt":"2026-04-16T00:11:43","slug":"davetsiz-misafir-huzun","status":"publish","type":"product","link":"https:\/\/roveyayinevi.com.tr\/index.php\/urun\/davetsiz-misafir-huzun\/","title":{"rendered":"Davetsiz Misafir H\u00fcz\u00fcn"},"content":{"rendered":"<p>\u201cOo, sonunda gelebildin!\u201d dedi k\u00fcsk\u00fcnce. \u201cSen de kimsin?\u201d diye sordu K\u00fc\u00e7\u00fck hayretle. \u201cBenim ad\u0131m H\u00fcz\u00fcn.\u201d dedi fil sakince.   Bir sincap, ad\u0131 K\u00fc\u00e7\u00fck. F\u0131nd\u0131ktan f\u0131r\u0131lda\u011f\u0131yla d\u0131\u015far\u0131 oynamaya \u00e7\u0131kan K\u00fc\u00e7\u00fck, f\u0131r\u0131lda\u011f\u0131n\u0131 yaramaz k\u00f6stebe\u011fe kapt\u0131r\u0131yor. \u00dczg\u00fcn bir \u015fekilde eve d\u00f6nd\u00fc\u011f\u00fcnde bilin bakal\u0131m hangi davetsiz misafir onu kar\u015f\u0131l\u0131yor: Bir fil!   Firdevs Kapus\u0131zo\u011flu\u2019nun kaleminden k\u00fc\u00e7\u00fck okurlar\u0131m\u0131z\u0131n h\u00fcz\u00fcn duygusunu ke\u015ffetmelerini sa\u011flayacak s\u0131cac\u0131k bir \u00f6yk\u00fc. Haydi \u015fimdi kitab\u0131n kapa\u011f\u0131n\u0131 usulca a\u00e7 ve g\u00fczel c\u00fcmlelerle kendini ke\u015ffet! <\/p>\n","protected":false},"excerpt":{"rendered":"<p>\u201cOo, sonunda gelebildin!\u201d dedi k\u00fcsk\u00fcnce. \u201cSen de kimsin?\u201d diye sordu K\u00fc\u00e7\u00fck hayretle. \u201cBenim ad\u0131m H\u00fcz\u00fcn.\u201d dedi fil sakince. Bir sincap, ad\u0131 K\u00fc\u00e7\u00fck. F\u0131nd\u0131ktan f\u0131r\u0131lda\u011f\u0131yla d\u0131\u015far\u0131 oynamaya<span class=\"excerpt-hellip\"> [\u2026]<\/span><\/p>\n","protected":false},"featured_media":0,"template":"","meta":{"_monsterinsights_skip_tracking":false,"_monsterinsights_sitenote_active":false,"_monsterinsights_sitenote_note":"","_monsterinsights_sitenote_category":0},"product_brand":[],"product_cat":[12274,12284],"product_tag":[],"class_list":{"0":"post-758654","1":"product","2":"type-product","3":"status-publish","5":"product_cat-cocuk-ve-genclik-kitaplari","6":"product_cat-hikayeler","7":"pa_cilt-ciltsiz","8":"pa_tur-kitap","9":"pa_yayinevi-turkuvaz-kitap","10":"pa_yazar-firdevs-kapusizoglu","12":"first","13":"instock","14":"sale","15":"shipping-taxable","16":"purchasable","17":"product-type-simple"},"_links":{"self":[{"href":"https:\/\/roveyayinevi.com.tr\/index.php\/wp-json\/wp\/v2\/product\/758654","targetHints":{"allow":["GET"]}}],"collection":[{"href":"https:\/\/roveyayinevi.com.tr\/index.php\/wp-json\/wp\/v2\/product"}],"about":[{"href":"https:\/\/roveyayinevi.com.tr\/index.php\/wp-json\/wp\/v2\/types\/product"}],"wp:attachment":[{"href":"https:\/\/roveyayinevi.com.tr\/index.php\/wp-json\/wp\/v2\/media?parent=758654"}],"wp:term":[{"taxonomy":"product_brand","embeddable":true,"href":"https:\/\/roveyayinevi.com.tr\/index.php\/wp-json\/wp\/v2\/product_brand?post=758654"},{"taxonomy":"product_cat","embeddable":true,"href":"https:\/\/roveyayinevi.com.tr\/index.php\/wp-json\/wp\/v2\/product_cat?post=758654"},{"taxonomy":"product_tag","embeddable":true,"href":"https:\/\/roveyayinevi.com.tr\/index.php\/wp-json\/wp\/v2\/product_tag?post=758654"}],"curies":[{"name":"wp","href":"https:\/\/api.w.org\/{rel}","templated":true}]}}