{"id":758653,"date":"2025-08-28T08:11:27","date_gmt":"2025-08-28T05:11:27","guid":{"rendered":"https:\/\/roveyayinevi.com.tr\/index.php\/urun\/davetsiz-misafir-dehset\/"},"modified":"2026-04-16T03:11:43","modified_gmt":"2026-04-16T00:11:43","slug":"davetsiz-misafir-dehset","status":"publish","type":"product","link":"https:\/\/roveyayinevi.com.tr\/index.php\/urun\/davetsiz-misafir-dehset\/","title":{"rendered":"Davetsiz Misafir Deh\u015fet"},"content":{"rendered":"<p>Tam o s\u0131rada kap\u0131 \u00e7ald\u0131: \u201cT\u0131k t\u0131k t\u0131k!\u201d Kirlenmi\u015fti K\u00fc\u00e7\u00fck, toz i\u00e7indeydi. Yine de a\u00e7t\u0131 kap\u0131y\u0131. Bayku\u015f kendini tan\u0131tt\u0131: \u201cMerhaba benim ad\u0131m Deh\u015fet!\u201d   Bir sincap, ad\u0131 K\u00fc\u00e7\u00fck. So\u011fuk bir k\u0131\u015f g\u00fcn\u00fcnde karn\u0131 \u00e7ok ac\u0131kt\u0131\u011f\u0131 i\u00e7in saklad\u0131\u011f\u0131 yiyecekleri aramaya ba\u015fl\u0131yor. K\u00fc\u00e7\u00fck, yiyeceklerini bulamad\u0131\u011f\u0131 i\u00e7in deh\u015fet i\u00e7inde. Ve tam o s\u0131rada bilin bakal\u0131m hangi davetsiz misafir ziyaretine geliyor: Bir bayku\u015f!   Firdevs Kapus\u0131zo\u011flu\u2019nun kaleminden k\u00fc\u00e7\u00fck okurlar\u0131m\u0131z\u0131n deh\u015fet duygusunu ke\u015ffetmelerini sa\u011flayacak s\u0131cac\u0131k bir \u00f6yk\u00fc. Haydi \u015fimdi kitab\u0131n kapa\u011f\u0131n\u0131 usulca a\u00e7 ve g\u00fczel c\u00fcmlelerle kendini ke\u015ffet! <\/p>\n","protected":false},"excerpt":{"rendered":"<p>Tam o s\u0131rada kap\u0131 \u00e7ald\u0131: \u201cT\u0131k t\u0131k t\u0131k!\u201d Kirlenmi\u015fti K\u00fc\u00e7\u00fck, toz i\u00e7indeydi. Yine de a\u00e7t\u0131 kap\u0131y\u0131. Bayku\u015f kendini tan\u0131tt\u0131: \u201cMerhaba benim ad\u0131m Deh\u015fet!\u201d Bir sincap, ad\u0131<span class=\"excerpt-hellip\"> [\u2026]<\/span><\/p>\n","protected":false},"featured_media":0,"template":"","meta":{"_monsterinsights_skip_tracking":false,"_monsterinsights_sitenote_active":false,"_monsterinsights_sitenote_note":"","_monsterinsights_sitenote_category":0},"product_brand":[],"product_cat":[12274,12284],"product_tag":[],"class_list":{"0":"post-758653","1":"product","2":"type-product","3":"status-publish","5":"product_cat-cocuk-ve-genclik-kitaplari","6":"product_cat-hikayeler","7":"pa_cilt-ciltsiz","8":"pa_tur-kitap","9":"pa_yayinevi-turkuvaz-kitap","10":"pa_yazar-firdevs-kapusizoglu","12":"first","13":"instock","14":"sale","15":"shipping-taxable","16":"purchasable","17":"product-type-simple"},"_links":{"self":[{"href":"https:\/\/roveyayinevi.com.tr\/index.php\/wp-json\/wp\/v2\/product\/758653","targetHints":{"allow":["GET"]}}],"collection":[{"href":"https:\/\/roveyayinevi.com.tr\/index.php\/wp-json\/wp\/v2\/product"}],"about":[{"href":"https:\/\/roveyayinevi.com.tr\/index.php\/wp-json\/wp\/v2\/types\/product"}],"wp:attachment":[{"href":"https:\/\/roveyayinevi.com.tr\/index.php\/wp-json\/wp\/v2\/media?parent=758653"}],"wp:term":[{"taxonomy":"product_brand","embeddable":true,"href":"https:\/\/roveyayinevi.com.tr\/index.php\/wp-json\/wp\/v2\/product_brand?post=758653"},{"taxonomy":"product_cat","embeddable":true,"href":"https:\/\/roveyayinevi.com.tr\/index.php\/wp-json\/wp\/v2\/product_cat?post=758653"},{"taxonomy":"product_tag","embeddable":true,"href":"https:\/\/roveyayinevi.com.tr\/index.php\/wp-json\/wp\/v2\/product_tag?post=758653"}],"curies":[{"name":"wp","href":"https:\/\/api.w.org\/{rel}","templated":true}]}}