{"id":758650,"date":"2025-08-28T08:11:21","date_gmt":"2025-08-28T05:11:21","guid":{"rendered":"https:\/\/roveyayinevi.com.tr\/index.php\/urun\/davetsiz-misafir-nese\/"},"modified":"2026-04-16T03:11:43","modified_gmt":"2026-04-16T00:11:43","slug":"davetsiz-misafir-nese","status":"publish","type":"product","link":"https:\/\/roveyayinevi.com.tr\/index.php\/urun\/davetsiz-misafir-nese\/","title":{"rendered":"Davetsiz Misafir Ne\u015fe"},"content":{"rendered":"<p>K\u00fc\u00e7\u00fck, kap\u0131 d\u00fcrb\u00fcn\u00fcnden bakt\u0131. Kap\u0131da duruyordu bir yabanc\u0131! \u201cKim o?\u201d diye sordu \u00f6nce. Tavuk cevap verdi sevin\u00e7le: \u201cMerhaba, ben Ne\u015fe!\u201d   Bir sincap, ad\u0131 K\u00fc\u00e7\u00fck. Evde i\u015flerle u\u011fra\u015f\u0131rken pek sevin\u00e7li ve mutlu. \u00dcstelik bir me\u015fe palamudu beliriveriyor aya\u011f\u0131n\u0131n ucunda. K\u00fc\u00e7\u00fck tam me\u015fe palamudunu a\u011fz\u0131na atacakken kap\u0131 \u00e7al\u0131yor. Ve tam o s\u0131rada bilin bakal\u0131m hangi davetsiz misafir ziyaretine geliyor: Bir tavuk!   Firdevs Kapus\u0131zo\u011flu\u2019nun kaleminden k\u00fc\u00e7\u00fck okurlar\u0131m\u0131z\u0131n ne\u015fe duygusunu ke\u015ffetmelerini sa\u011flayacak s\u0131cac\u0131k bir \u00f6yk\u00fc. Haydi \u015fimdi kitab\u0131n kapa\u011f\u0131n\u0131 usulca a\u00e7 ve g\u00fczel c\u00fcmlelerle kendini ke\u015ffet! <\/p>\n","protected":false},"excerpt":{"rendered":"<p>K\u00fc\u00e7\u00fck, kap\u0131 d\u00fcrb\u00fcn\u00fcnden bakt\u0131. Kap\u0131da duruyordu bir yabanc\u0131! \u201cKim o?\u201d diye sordu \u00f6nce. Tavuk cevap verdi sevin\u00e7le: \u201cMerhaba, ben Ne\u015fe!\u201d Bir sincap, ad\u0131 K\u00fc\u00e7\u00fck. Evde i\u015flerle<span class=\"excerpt-hellip\"> [\u2026]<\/span><\/p>\n","protected":false},"featured_media":0,"template":"","meta":{"_monsterinsights_skip_tracking":false,"_monsterinsights_sitenote_active":false,"_monsterinsights_sitenote_note":"","_monsterinsights_sitenote_category":0},"product_brand":[],"product_cat":[12274,12284],"product_tag":[],"class_list":{"0":"post-758650","1":"product","2":"type-product","3":"status-publish","5":"product_cat-cocuk-ve-genclik-kitaplari","6":"product_cat-hikayeler","7":"pa_cilt-ciltsiz","8":"pa_tur-kitap","9":"pa_yayinevi-turkuvaz-kitap","10":"pa_yazar-firdevs-kapusizoglu","12":"first","13":"instock","14":"sale","15":"shipping-taxable","16":"purchasable","17":"product-type-simple"},"_links":{"self":[{"href":"https:\/\/roveyayinevi.com.tr\/index.php\/wp-json\/wp\/v2\/product\/758650","targetHints":{"allow":["GET"]}}],"collection":[{"href":"https:\/\/roveyayinevi.com.tr\/index.php\/wp-json\/wp\/v2\/product"}],"about":[{"href":"https:\/\/roveyayinevi.com.tr\/index.php\/wp-json\/wp\/v2\/types\/product"}],"wp:attachment":[{"href":"https:\/\/roveyayinevi.com.tr\/index.php\/wp-json\/wp\/v2\/media?parent=758650"}],"wp:term":[{"taxonomy":"product_brand","embeddable":true,"href":"https:\/\/roveyayinevi.com.tr\/index.php\/wp-json\/wp\/v2\/product_brand?post=758650"},{"taxonomy":"product_cat","embeddable":true,"href":"https:\/\/roveyayinevi.com.tr\/index.php\/wp-json\/wp\/v2\/product_cat?post=758650"},{"taxonomy":"product_tag","embeddable":true,"href":"https:\/\/roveyayinevi.com.tr\/index.php\/wp-json\/wp\/v2\/product_tag?post=758650"}],"curies":[{"name":"wp","href":"https:\/\/api.w.org\/{rel}","templated":true}]}}