{"id":758648,"date":"2025-08-28T08:11:19","date_gmt":"2025-08-28T05:11:19","guid":{"rendered":"https:\/\/roveyayinevi.com.tr\/index.php\/urun\/2025-5-6-7-ve-8-siniflar-icin-lgs-paragraf-ve-gorsel-okuma-soru-bankasi-ciltli\/"},"modified":"2025-09-18T04:11:41","modified_gmt":"2025-09-18T01:11:41","slug":"2025-5-6-7-ve-8-siniflar-icin-lgs-paragraf-ve-gorsel-okuma-soru-bankasi-ciltli","status":"publish","type":"product","link":"https:\/\/roveyayinevi.com.tr\/index.php\/urun\/2025-5-6-7-ve-8-siniflar-icin-lgs-paragraf-ve-gorsel-okuma-soru-bankasi-ciltli\/","title":{"rendered":"2025 5, 6, 7 ve 8. s\u0131n\u0131flar i\u00e7in LGS Paragraf ve G\u00f6rsel Okuma Soru Bankas\u0131 (Ciltli)"},"content":{"rendered":"<p>2024 5, 6, 7 ve 8. s\u0131n\u0131flar i\u00e7in LGS Paragraf ve G\u00f6rsel Okuma Soru Bankas\u0131<\/p>\n","protected":false},"excerpt":{"rendered":"<p>2024 5, 6, 7 ve 8. s\u0131n\u0131flar i\u00e7in LGS Paragraf ve G\u00f6rsel Okuma Soru Bankas\u0131<\/p>\n","protected":false},"featured_media":0,"template":"","meta":{"_monsterinsights_skip_tracking":false,"_monsterinsights_sitenote_active":false,"_monsterinsights_sitenote_note":"","_monsterinsights_sitenote_category":0},"product_brand":[],"product_cat":[12566,71470,125124,13473],"product_tag":[],"class_list":{"0":"post-758648","1":"product","2":"type-product","3":"status-publish","5":"product_cat-egitim","6":"product_cat-lgs-kitaplari","7":"product_cat-lgs-soru-bankalari","8":"product_cat-sinavlara-hazirlik-okula-yardimci-kaynaklar","9":"pa_cilt-ciltli","10":"pa_tur-kitap","11":"pa_yayinevi-marka-yayinlari","12":"pa_yazar-kolektif","14":"first","15":"instock","16":"sale","17":"shipping-taxable","18":"purchasable","19":"product-type-simple"},"_links":{"self":[{"href":"https:\/\/roveyayinevi.com.tr\/index.php\/wp-json\/wp\/v2\/product\/758648","targetHints":{"allow":["GET"]}}],"collection":[{"href":"https:\/\/roveyayinevi.com.tr\/index.php\/wp-json\/wp\/v2\/product"}],"about":[{"href":"https:\/\/roveyayinevi.com.tr\/index.php\/wp-json\/wp\/v2\/types\/product"}],"wp:attachment":[{"href":"https:\/\/roveyayinevi.com.tr\/index.php\/wp-json\/wp\/v2\/media?parent=758648"}],"wp:term":[{"taxonomy":"product_brand","embeddable":true,"href":"https:\/\/roveyayinevi.com.tr\/index.php\/wp-json\/wp\/v2\/product_brand?post=758648"},{"taxonomy":"product_cat","embeddable":true,"href":"https:\/\/roveyayinevi.com.tr\/index.php\/wp-json\/wp\/v2\/product_cat?post=758648"},{"taxonomy":"product_tag","embeddable":true,"href":"https:\/\/roveyayinevi.com.tr\/index.php\/wp-json\/wp\/v2\/product_tag?post=758648"}],"curies":[{"name":"wp","href":"https:\/\/api.w.org\/{rel}","templated":true}]}}