{"id":758645,"date":"2025-08-28T08:11:15","date_gmt":"2025-08-28T05:11:15","guid":{"rendered":"https:\/\/roveyayinevi.com.tr\/index.php\/urun\/kaostaki-beden\/"},"modified":"2025-12-30T11:20:28","modified_gmt":"2025-12-30T08:20:28","slug":"kaostaki-beden","status":"publish","type":"product","link":"https:\/\/roveyayinevi.com.tr\/index.php\/urun\/kaostaki-beden\/","title":{"rendered":"Kaostaki Beden"},"content":{"rendered":"<p>\u0130nsan bedeninden akan enerji ruh, zihin ve bedenden olu\u015fur ve bir aradad\u0131r. D\u0131\u015fsal etkilerden zarar g\u00f6ren bu enerji, zarar g\u00f6rd\u00fc\u011f\u00fc s\u00fcrece fiziksel boyutta bozulmalara yol a\u00e7ar. Bedeni fiziksel, zihinsel ve ruhsal olarak kaosa sokar. Ki\u015finin b\u00fct\u00fcn varl\u0131\u011f\u0131 kaosa s\u00fcr\u00fcklenir. Kendisi ile beraber yak\u0131n\u0131ndaki ki\u015filer de bu enerji bozuklu\u011fundan etkilenerek kaosa girebilir. Bedeni her y\u00f6nden ar\u0131nd\u0131r\u0131p sa\u011fl\u0131kl\u0131 k\u0131lmak kaosu yok edece\u011fi i\u00e7in akan zihinsel, bedensel ve ruhsal enerji ki\u015fiyi en iyi yerlere ta\u015f\u0131yacakt\u0131r. Bakt\u0131\u011f\u0131n her \u015fey enerji, do\u011fan\u0131n kendisi kaynak, var olu\u015fun ise kayna\u011f\u0131n ger\u00e7ek temelidir.   Bu kitab\u0131 muhakkak okumal\u0131s\u0131n\u0131z. <\/p>\n","protected":false},"excerpt":{"rendered":"<p>\u0130nsan bedeninden akan enerji ruh, zihin ve bedenden olu\u015fur ve bir aradad\u0131r. D\u0131\u015fsal etkilerden zarar g\u00f6ren bu enerji, zarar g\u00f6rd\u00fc\u011f\u00fc s\u00fcrece fiziksel boyutta bozulmalara yol a\u00e7ar.<span class=\"excerpt-hellip\"> [\u2026]<\/span><\/p>\n","protected":false},"featured_media":0,"template":"","meta":{"_monsterinsights_skip_tracking":false,"_monsterinsights_sitenote_active":false,"_monsterinsights_sitenote_note":"","_monsterinsights_sitenote_category":0},"product_brand":[],"product_cat":[12364,12376],"product_tag":[],"class_list":{"0":"post-758645","1":"product","2":"type-product","3":"status-publish","5":"product_cat-genel-konular","6":"product_cat-kisisel-gelisim","7":"pa_cilt-ciltsiz","8":"pa_tur-kitap","9":"pa_yayinevi-kuytu-yayinlari","10":"pa_yazar-yildirim-ezzine-djaziri","12":"first","13":"instock","14":"sale","15":"shipping-taxable","16":"purchasable","17":"product-type-simple"},"_links":{"self":[{"href":"https:\/\/roveyayinevi.com.tr\/index.php\/wp-json\/wp\/v2\/product\/758645","targetHints":{"allow":["GET"]}}],"collection":[{"href":"https:\/\/roveyayinevi.com.tr\/index.php\/wp-json\/wp\/v2\/product"}],"about":[{"href":"https:\/\/roveyayinevi.com.tr\/index.php\/wp-json\/wp\/v2\/types\/product"}],"wp:attachment":[{"href":"https:\/\/roveyayinevi.com.tr\/index.php\/wp-json\/wp\/v2\/media?parent=758645"}],"wp:term":[{"taxonomy":"product_brand","embeddable":true,"href":"https:\/\/roveyayinevi.com.tr\/index.php\/wp-json\/wp\/v2\/product_brand?post=758645"},{"taxonomy":"product_cat","embeddable":true,"href":"https:\/\/roveyayinevi.com.tr\/index.php\/wp-json\/wp\/v2\/product_cat?post=758645"},{"taxonomy":"product_tag","embeddable":true,"href":"https:\/\/roveyayinevi.com.tr\/index.php\/wp-json\/wp\/v2\/product_tag?post=758645"}],"curies":[{"name":"wp","href":"https:\/\/api.w.org\/{rel}","templated":true}]}}