{"id":758643,"date":"2025-08-28T08:11:12","date_gmt":"2025-08-28T05:11:12","guid":{"rendered":"https:\/\/roveyayinevi.com.tr\/index.php\/urun\/castaranin-bilmecesi\/"},"modified":"2026-04-13T03:19:24","modified_gmt":"2026-04-13T00:19:24","slug":"castaranin-bilmecesi","status":"publish","type":"product","link":"https:\/\/roveyayinevi.com.tr\/index.php\/urun\/castaranin-bilmecesi\/","title":{"rendered":"\u00c7astara\u2019n\u0131n Bilmecesi"},"content":{"rendered":"<p>\u00c7astara ve Ece, tarif defterinden bir kek yapmak istiyorlar. Ancak hangi tarifi a\u00e7arlarsa a\u00e7s\u0131nlar, kar\u015f\u0131lar\u0131na gizemli iki malzeme \u00e7\u0131k\u0131yor. Bu iki malzemeyi nas\u0131l bulacaklar\u0131n\u0131 bilemeyince de tarif denemekten vazge\u00e7iyorlar. Bu s\u0131rada, \u00c7astara\u2019n\u0131n kedisi Tigra fark\u0131nda olmadan onlara yol g\u00f6steriyor ve bilmecenin cevab\u0131n\u0131 bulmalar\u0131n\u0131 sa\u011fl\u0131yor. Senem Dicle \u00d6zler taraf\u0131ndan yaz\u0131lan \u00c7astara \u00f6yk\u00fclerinin \u00fc\u00e7\u00fcnc\u00fcs\u00fc olan \u00c7astara\u2019n\u0131n Bilmecesi, ak\u0131c\u0131 dili ve uyakl\u0131 sat\u0131rlar\u0131yla kolay okunan bir kitap. Bu g\u00fczel \u00f6yk\u00fcy\u00fc, Nazl\u0131 Tunal\u0131 sevimli \u00e7izimleriyle renklendirdi. <\/p>\n","protected":false},"excerpt":{"rendered":"<p>\u00c7astara ve Ece, tarif defterinden bir kek yapmak istiyorlar. Ancak hangi tarifi a\u00e7arlarsa a\u00e7s\u0131nlar, kar\u015f\u0131lar\u0131na gizemli iki malzeme \u00e7\u0131k\u0131yor. Bu iki malzemeyi nas\u0131l bulacaklar\u0131n\u0131 bilemeyince de<span class=\"excerpt-hellip\"> [\u2026]<\/span><\/p>\n","protected":false},"featured_media":0,"template":"","meta":{"_monsterinsights_skip_tracking":false,"_monsterinsights_sitenote_active":false,"_monsterinsights_sitenote_note":"","_monsterinsights_sitenote_category":0},"product_brand":[],"product_cat":[12274,12284],"product_tag":[],"class_list":{"0":"post-758643","1":"product","2":"type-product","3":"status-publish","5":"product_cat-cocuk-ve-genclik-kitaplari","6":"product_cat-hikayeler","7":"pa_cilt-ciltsiz","8":"pa_tur-kitap","9":"pa_yayinevi-potikare-yayincilik","10":"pa_yazar-senem-dicle-ozler","12":"first","13":"instock","14":"sale","15":"shipping-taxable","16":"purchasable","17":"product-type-simple"},"_links":{"self":[{"href":"https:\/\/roveyayinevi.com.tr\/index.php\/wp-json\/wp\/v2\/product\/758643","targetHints":{"allow":["GET"]}}],"collection":[{"href":"https:\/\/roveyayinevi.com.tr\/index.php\/wp-json\/wp\/v2\/product"}],"about":[{"href":"https:\/\/roveyayinevi.com.tr\/index.php\/wp-json\/wp\/v2\/types\/product"}],"wp:attachment":[{"href":"https:\/\/roveyayinevi.com.tr\/index.php\/wp-json\/wp\/v2\/media?parent=758643"}],"wp:term":[{"taxonomy":"product_brand","embeddable":true,"href":"https:\/\/roveyayinevi.com.tr\/index.php\/wp-json\/wp\/v2\/product_brand?post=758643"},{"taxonomy":"product_cat","embeddable":true,"href":"https:\/\/roveyayinevi.com.tr\/index.php\/wp-json\/wp\/v2\/product_cat?post=758643"},{"taxonomy":"product_tag","embeddable":true,"href":"https:\/\/roveyayinevi.com.tr\/index.php\/wp-json\/wp\/v2\/product_tag?post=758643"}],"curies":[{"name":"wp","href":"https:\/\/api.w.org\/{rel}","templated":true}]}}