{"id":758642,"date":"2025-08-28T08:11:11","date_gmt":"2025-08-28T05:11:11","guid":{"rendered":"https:\/\/roveyayinevi.com.tr\/index.php\/urun\/neandertal\/"},"modified":"2026-04-16T03:11:43","modified_gmt":"2026-04-16T00:11:43","slug":"neandertal","status":"publish","type":"product","link":"https:\/\/roveyayinevi.com.tr\/index.php\/urun\/neandertal\/","title":{"rendered":"Neandertal"},"content":{"rendered":"<p>Ke\u015ffedildikleri g\u00fcnden bu yana insan t\u00fcr\u00fcn\u00fcn en k\u00f6t\u00fc \u015f\u00f6hretli \u00fcyeleri say\u0131lan Neandertaller, art\u0131k ge\u00e7mi\u015fin \u00f6nyarg\u0131lar\u0131ndan ar\u0131nm\u0131\u015f, bilimsel teknolojilerin deste\u011fiyle \u015fekillenen yepyeni bir bak\u0131\u015f a\u00e7\u0131s\u0131yla tekrar inceleniyor. Fakat t\u00fcm bu ara\u015ft\u0131rmalara ra\u011fmen hik\u00e2yelerinin tamam\u0131n\u0131 \u00f6\u011frenebiliyor muyuz?   \u0130ngiliz ara\u015ft\u0131rmac\u0131, arkeolog ve yazar Rebecca Wragg Sykes i\u015fte bu hik\u00e2yeyi enine boyuna anlatabilmek i\u00e7in yola \u00e7\u0131k\u0131yor; Neandertallerin, \u00fcstlerindeki y\u0131rt\u0131k p\u0131rt\u0131k post par\u00e7alar\u0131yla bizden \u00e7ok \u00e7orak buzlu arazilerde ya\u015fayan kuyruksuz maymunlara benzetildi\u011fi eski imaj\u0131n\u0131 rafa kald\u0131r\u0131yor ve t\u00fcrl\u00fc ko\u015fullara sahip geni\u015f Avrasya co\u011frafyas\u0131nda y\u00fcz binlerce y\u0131l boyunca hayatta kalmay\u0131 ba\u015faran, b\u00fcy\u00fck iklim de\u011fi\u015fikliklerine g\u00f6\u011f\u00fcs geren bu insanlar\u0131n, asl\u0131nda her a\u00e7\u0131dan ne kadar g\u00fc\u00e7l\u00fc oldu\u011funu g\u00f6zler \u00f6n\u00fcne seriyor.   Neandertal: Soyda\u015flar\u0131m\u0131zda Hayat, Sevgi, \u00d6l\u00fcm ve Sanat bu yak\u0131n akrabalar\u0131m\u0131z\u0131n nerede, nas\u0131l ya\u015fad\u0131\u011f\u0131ndan neler yedi\u011fine, neler giyip nas\u0131l s\u00fcslendi\u011finden \u00f6l\u00fclerine nas\u0131l davrand\u0131\u011f\u0131na ve cinsel partnerlerini nas\u0131l se\u00e7ip bebeklerini nas\u0131l b\u00fcy\u00fctt\u00fc\u011f\u00fcne dek \u00e7ok geni\u015f bir inceleme aln\u0131nda, Neandertal k\u00fclt\u00fcr\u00fcne yepyeni bir pencere aral\u0131yor.  Sykes hem konunun uzmanlar\u0131 hem de Neandertalleri merak eden amat\u00f6r okurlar\u0131n keyifle okuyabilece\u011fi bilgi dolu bu kitab\u0131nda, \u00f6nc\u00fc Paleolitik ara\u015ft\u0131rmalar\u0131n ve teorilerin ortaya koydu\u011fu bulgular\u0131 temel alarak Neandertaller hakk\u0131nda yaz\u0131lan en kapsaml\u0131 ara\u015ft\u0131rmay\u0131 sunuyor.   \u2018\u2018Neandertaller hakk\u0131nda yepyeni bir hik\u00e2ye\u2026 \u0130nsanl\u0131\u011fa ilgi duyan herkes i\u00e7in \u00f6nemli bir okuma.\u2019\u2019   Yuval Noah Harari, The New York Times <\/p>\n","protected":false},"excerpt":{"rendered":"<p>Ke\u015ffedildikleri g\u00fcnden bu yana insan t\u00fcr\u00fcn\u00fcn en k\u00f6t\u00fc \u015f\u00f6hretli \u00fcyeleri say\u0131lan Neandertaller, art\u0131k ge\u00e7mi\u015fin \u00f6nyarg\u0131lar\u0131ndan ar\u0131nm\u0131\u015f, bilimsel teknolojilerin deste\u011fiyle \u015fekillenen yepyeni bir bak\u0131\u015f a\u00e7\u0131s\u0131yla tekrar inceleniyor.<span class=\"excerpt-hellip\"> [\u2026]<\/span><\/p>\n","protected":false},"featured_media":0,"template":"","meta":{"_monsterinsights_skip_tracking":false,"_monsterinsights_sitenote_active":false,"_monsterinsights_sitenote_note":"","_monsterinsights_sitenote_category":0},"product_brand":[],"product_cat":[12305,12304],"product_tag":[],"class_list":{"0":"post-758642","1":"product","2":"type-product","3":"status-publish","5":"product_cat-dunya-tarihi","6":"product_cat-tarih","7":"pa_cilt-ciltsiz","8":"pa_tur-kitap","9":"pa_yayinevi-kolektif-kitap","10":"pa_yazar-rebecca-wragg-sykes","12":"first","13":"instock","14":"sale","15":"shipping-taxable","16":"purchasable","17":"product-type-simple"},"_links":{"self":[{"href":"https:\/\/roveyayinevi.com.tr\/index.php\/wp-json\/wp\/v2\/product\/758642","targetHints":{"allow":["GET"]}}],"collection":[{"href":"https:\/\/roveyayinevi.com.tr\/index.php\/wp-json\/wp\/v2\/product"}],"about":[{"href":"https:\/\/roveyayinevi.com.tr\/index.php\/wp-json\/wp\/v2\/types\/product"}],"wp:attachment":[{"href":"https:\/\/roveyayinevi.com.tr\/index.php\/wp-json\/wp\/v2\/media?parent=758642"}],"wp:term":[{"taxonomy":"product_brand","embeddable":true,"href":"https:\/\/roveyayinevi.com.tr\/index.php\/wp-json\/wp\/v2\/product_brand?post=758642"},{"taxonomy":"product_cat","embeddable":true,"href":"https:\/\/roveyayinevi.com.tr\/index.php\/wp-json\/wp\/v2\/product_cat?post=758642"},{"taxonomy":"product_tag","embeddable":true,"href":"https:\/\/roveyayinevi.com.tr\/index.php\/wp-json\/wp\/v2\/product_tag?post=758642"}],"curies":[{"name":"wp","href":"https:\/\/api.w.org\/{rel}","templated":true}]}}