{"id":758639,"date":"2025-08-28T08:11:07","date_gmt":"2025-08-28T05:11:07","guid":{"rendered":"https:\/\/roveyayinevi.com.tr\/index.php\/urun\/vergi-uyusmazliklarindan-vergi-uyumuna-turkiye-uzerine-degerlendirmeler\/"},"modified":"2026-04-16T03:11:43","modified_gmt":"2026-04-16T00:11:43","slug":"vergi-uyusmazliklarindan-vergi-uyumuna-turkiye-uzerine-degerlendirmeler","status":"publish","type":"product","link":"https:\/\/roveyayinevi.com.tr\/index.php\/urun\/vergi-uyusmazliklarindan-vergi-uyumuna-turkiye-uzerine-degerlendirmeler\/","title":{"rendered":"Vergi Uyu\u015fmazl\u0131klar\u0131ndan Vergi Uyumuna: T\u00fcrkiye \u00dczerine De\u011ferlendirmeler"},"content":{"rendered":"<p>\u0130\u00e7indekiler :     B\u00d6L\u00dcM I: VERG\u0130 UYU\u015eMAZLIKLARI VE \u00c7\u00d6Z\u00dcM\u00dc   B\u00d6L\u00dcM II: VERG\u0130 UYUMUNUN TEOR\u0130K \u00c7ER\u00c7EVES\u0130 VE L\u0130TERAT\u00dcR   B\u00d6L\u00dcM III: T\u00dcRK\u0130YE\u2019DE VERG\u0130 UYU\u015eMAZLIKLARI \u00c7\u00d6Z\u00dcM S\u00dcREC\u0130N\u0130N VERG\u0130 UYUMU BAKIMINDAN DE\u011eERLEND\u0130R\u0130LMES\u0130 <\/p>\n","protected":false},"excerpt":{"rendered":"<p>\u0130\u00e7indekiler : B\u00d6L\u00dcM I: VERG\u0130 UYU\u015eMAZLIKLARI VE \u00c7\u00d6Z\u00dcM\u00dc B\u00d6L\u00dcM II: VERG\u0130 UYUMUNUN TEOR\u0130K \u00c7ER\u00c7EVES\u0130 VE L\u0130TERAT\u00dcR B\u00d6L\u00dcM III: T\u00dcRK\u0130YE\u2019DE VERG\u0130 UYU\u015eMAZLIKLARI \u00c7\u00d6Z\u00dcM S\u00dcREC\u0130N\u0130N VERG\u0130 UYUMU BAKIMINDAN<span class=\"excerpt-hellip\"> [\u2026]<\/span><\/p>\n","protected":false},"featured_media":0,"template":"","meta":{"_monsterinsights_skip_tracking":false,"_monsterinsights_sitenote_active":false,"_monsterinsights_sitenote_note":"","_monsterinsights_sitenote_category":0},"product_brand":[],"product_cat":[13043],"product_tag":[],"class_list":{"0":"post-758639","1":"product","2":"type-product","3":"status-publish","5":"product_cat-ekonomi","6":"pa_cilt-ciltsiz","7":"pa_tur-kitap","8":"pa_yayinevi-gazi-kitabevi","9":"pa_yazar-hamdi-furkan-gunay","11":"first","12":"instock","13":"sale","14":"shipping-taxable","15":"purchasable","16":"product-type-simple"},"_links":{"self":[{"href":"https:\/\/roveyayinevi.com.tr\/index.php\/wp-json\/wp\/v2\/product\/758639","targetHints":{"allow":["GET"]}}],"collection":[{"href":"https:\/\/roveyayinevi.com.tr\/index.php\/wp-json\/wp\/v2\/product"}],"about":[{"href":"https:\/\/roveyayinevi.com.tr\/index.php\/wp-json\/wp\/v2\/types\/product"}],"wp:attachment":[{"href":"https:\/\/roveyayinevi.com.tr\/index.php\/wp-json\/wp\/v2\/media?parent=758639"}],"wp:term":[{"taxonomy":"product_brand","embeddable":true,"href":"https:\/\/roveyayinevi.com.tr\/index.php\/wp-json\/wp\/v2\/product_brand?post=758639"},{"taxonomy":"product_cat","embeddable":true,"href":"https:\/\/roveyayinevi.com.tr\/index.php\/wp-json\/wp\/v2\/product_cat?post=758639"},{"taxonomy":"product_tag","embeddable":true,"href":"https:\/\/roveyayinevi.com.tr\/index.php\/wp-json\/wp\/v2\/product_tag?post=758639"}],"curies":[{"name":"wp","href":"https:\/\/api.w.org\/{rel}","templated":true}]}}