{"id":758638,"date":"2025-08-28T08:11:06","date_gmt":"2025-08-28T05:11:06","guid":{"rendered":"https:\/\/roveyayinevi.com.tr\/index.php\/urun\/hissederek-yasa\/"},"modified":"2026-04-16T03:11:43","modified_gmt":"2026-04-16T00:11:43","slug":"hissederek-yasa","status":"publish","type":"product","link":"https:\/\/roveyayinevi.com.tr\/index.php\/urun\/hissederek-yasa\/","title":{"rendered":"Hissederek Ya\u015fa"},"content":{"rendered":"<p>Robin yerinde duram\u0131yor. S\u00fcrekli bir \u015feylerle u\u011fra\u015f\u0131yor, g\u00f6mle\u011finin kollar\u0131n\u0131 \u00e7i\u011fniyor, masadan kalk\u0131yor.   Max zeki ve \u00f6\u011frenmeye merakl\u0131 ama s\u0131n\u0131f rutinlerine uymay\u0131 reddediyor ve bazen koridorlarda ve teneff\u00fcslerde s\u0131n\u0131f arkada\u015flar\u0131na kar\u015f\u0131 agresif davran\u0131yor.   James oyuncaklar\u0131 s\u0131raya dizmeye bay\u0131l\u0131yor, s\u00fcrekli m\u0131r\u0131ldan\u0131yor ve rutininde beklenmedik bir de\u011fi\u015fiklik oldu\u011funda sinir krizi ge\u00e7iriyor.   Peki ger\u00e7ekten neler oluyor? Birlikte \u00e7al\u0131\u015ft\u0131\u011f\u0131m\u0131z \u00e7ocuklar fevkalade karma\u015f\u0131k ve bazen de \u015fa\u015f\u0131rt\u0131c\u0131lar. Bunun nedeni dikkat eksikli\u011fi\/hiperaktivite bozuklu\u011fu (DEHB) mu yoksa ba\u015fka bir \u015fey mi? Bu \u00e7ocuklar neden b\u00f6yle davran\u0131yorlar?   Lindsey Biel, bu kitab\u0131nda \u00f6zellikle klinisyenlere duyusal i\u015fleme zorluklar\u0131n\u0131 anlamalar\u0131 i\u00e7in pratik, takip etmesi kolay bir yol haritas\u0131 sunuyor ve fark\u0131ndal\u0131klar\u0131n\u0131 art\u0131rmak i\u00e7in onlara bilmeleri gereken her \u015feyi aktar\u0131yor. Klinik g\u00f6r\u00fc\u015fler, ger\u00e7ek ya\u015fam \u00f6rnekleri, \u00e7\u00f6z\u00fcm \u00f6nerileri ve ayd\u0131nlat\u0131c\u0131 vaka analizleriyle dolu bu kitap, \u00e7ocuk davran\u0131\u015f\u0131n\u0131n kritik bir y\u00f6n\u00fcne -duyusal deneyimlere- \u0131\u015f\u0131k tutan son derece de\u011ferli bir kaynakt\u0131r. <\/p>\n","protected":false},"excerpt":{"rendered":"<p>Robin yerinde duram\u0131yor. S\u00fcrekli bir \u015feylerle u\u011fra\u015f\u0131yor, g\u00f6mle\u011finin kollar\u0131n\u0131 \u00e7i\u011fniyor, masadan kalk\u0131yor. Max zeki ve \u00f6\u011frenmeye merakl\u0131 ama s\u0131n\u0131f rutinlerine uymay\u0131 reddediyor ve bazen koridorlarda ve<span class=\"excerpt-hellip\"> [\u2026]<\/span><\/p>\n","protected":false},"featured_media":0,"template":"","meta":{"_monsterinsights_skip_tracking":false,"_monsterinsights_sitenote_active":false,"_monsterinsights_sitenote_note":"","_monsterinsights_sitenote_category":0},"product_brand":[],"product_cat":[12358,12357],"product_tag":[],"class_list":{"0":"post-758638","1":"product","2":"type-product","3":"status-publish","5":"product_cat-genel-psikoloji","6":"product_cat-psikoloji","7":"pa_cilt-ciltsiz","8":"pa_tur-kitap","9":"pa_yayinevi-mona-kitap","10":"pa_yazar-lindsey-biel","12":"first","13":"instock","14":"sale","15":"shipping-taxable","16":"purchasable","17":"product-type-simple"},"_links":{"self":[{"href":"https:\/\/roveyayinevi.com.tr\/index.php\/wp-json\/wp\/v2\/product\/758638","targetHints":{"allow":["GET"]}}],"collection":[{"href":"https:\/\/roveyayinevi.com.tr\/index.php\/wp-json\/wp\/v2\/product"}],"about":[{"href":"https:\/\/roveyayinevi.com.tr\/index.php\/wp-json\/wp\/v2\/types\/product"}],"wp:attachment":[{"href":"https:\/\/roveyayinevi.com.tr\/index.php\/wp-json\/wp\/v2\/media?parent=758638"}],"wp:term":[{"taxonomy":"product_brand","embeddable":true,"href":"https:\/\/roveyayinevi.com.tr\/index.php\/wp-json\/wp\/v2\/product_brand?post=758638"},{"taxonomy":"product_cat","embeddable":true,"href":"https:\/\/roveyayinevi.com.tr\/index.php\/wp-json\/wp\/v2\/product_cat?post=758638"},{"taxonomy":"product_tag","embeddable":true,"href":"https:\/\/roveyayinevi.com.tr\/index.php\/wp-json\/wp\/v2\/product_tag?post=758638"}],"curies":[{"name":"wp","href":"https:\/\/api.w.org\/{rel}","templated":true}]}}