{"id":758635,"date":"2025-08-28T08:11:02","date_gmt":"2025-08-28T05:11:02","guid":{"rendered":"https:\/\/roveyayinevi.com.tr\/index.php\/urun\/saglik-yonetimi-ekseninde-akademik-degerlendirmeler\/"},"modified":"2026-04-16T03:11:43","modified_gmt":"2026-04-16T00:11:43","slug":"saglik-yonetimi-ekseninde-akademik-degerlendirmeler","status":"publish","type":"product","link":"https:\/\/roveyayinevi.com.tr\/index.php\/urun\/saglik-yonetimi-ekseninde-akademik-degerlendirmeler\/","title":{"rendered":"Sa\u011fl\u0131k Y\u00f6netimi Ekseninde Akademik De\u011ferlendirmeler"},"content":{"rendered":"<p>\u0130\u00e7indekiler :       \u00b7         MEVZUATIN G\u00dcNCELL\u0130\u011e\u0130: SA\u011eLIK MEVZUATI A\u00c7ISINDAN B\u0130R DE\u011eERLEND\u0130RME   \u00b7         SA\u011eLIK KURUMLARINDA TEDAR\u0130K Y\u00d6NET\u0130M\u0130 S\u00dcREC\u0130N\u0130N KAMU \u0130HALE MEVZUATI PERSPEKT\u0130F\u0130NDEN DE\u011eERLEND\u0130R\u0130LMES\u0130   \u00b7         D\u0130J\u0130TAL \u00c7A\u011eDA SA\u011eLIK H\u0130ZMETLER\u0130 PAZARLAMASI YAKLA\u015eIMLARI   \u00b7         SA\u011eLIK H\u0130ZMETLER\u0130 PAZARLAMASINDA YAPAY ZEKANIN \u00d6NEM\u0130   \u00b7         SA\u011eLIK KURUMLARINDA AKRED\u0130TASYON VE \u00d6NEM\u0130   \u00b7         COVID-19 D\u00d6NEM\u0130 VE SONRASI AB \u00dcYES\u0130 \u00dcLKELERDE SA\u011eLIK ENDEKSLER\u0130 \u0130L\u0130\u015eK\u0130S\u0130   \u00b7         SA\u011eLIK SEKT\u00d6R\u00dcNDE MOBB\u0130NG: B\u0130BL\u0130YOGRAF\u0130K B\u0130R DE\u011eERLEND\u0130RME   \u00b7         SALGIN TEMALI YAYINLANMI\u015e MAKALELER \u00dcZER\u0130NE B\u0130R \u0130NCELEME <\/p>\n","protected":false},"excerpt":{"rendered":"<p>\u0130\u00e7indekiler : \u00b7 MEVZUATIN G\u00dcNCELL\u0130\u011e\u0130: SA\u011eLIK MEVZUATI A\u00c7ISINDAN B\u0130R DE\u011eERLEND\u0130RME \u00b7 SA\u011eLIK KURUMLARINDA TEDAR\u0130K Y\u00d6NET\u0130M\u0130 S\u00dcREC\u0130N\u0130N KAMU \u0130HALE MEVZUATI PERSPEKT\u0130F\u0130NDEN DE\u011eERLEND\u0130R\u0130LMES\u0130 \u00b7 D\u0130J\u0130TAL \u00c7A\u011eDA SA\u011eLIK H\u0130ZMETLER\u0130<span class=\"excerpt-hellip\"> [\u2026]<\/span><\/p>\n","protected":false},"featured_media":0,"template":"","meta":{"_monsterinsights_skip_tracking":false,"_monsterinsights_sitenote_active":false,"_monsterinsights_sitenote_note":"","_monsterinsights_sitenote_category":0},"product_brand":[],"product_cat":[13043],"product_tag":[],"class_list":{"0":"post-758635","1":"product","2":"type-product","3":"status-publish","5":"product_cat-ekonomi","6":"pa_cilt-ciltsiz","7":"pa_tur-kitap","8":"pa_yayinevi-gazi-kitabevi","9":"pa_yazar-kolektif","11":"first","12":"instock","13":"sale","14":"shipping-taxable","15":"purchasable","16":"product-type-simple"},"_links":{"self":[{"href":"https:\/\/roveyayinevi.com.tr\/index.php\/wp-json\/wp\/v2\/product\/758635","targetHints":{"allow":["GET"]}}],"collection":[{"href":"https:\/\/roveyayinevi.com.tr\/index.php\/wp-json\/wp\/v2\/product"}],"about":[{"href":"https:\/\/roveyayinevi.com.tr\/index.php\/wp-json\/wp\/v2\/types\/product"}],"wp:attachment":[{"href":"https:\/\/roveyayinevi.com.tr\/index.php\/wp-json\/wp\/v2\/media?parent=758635"}],"wp:term":[{"taxonomy":"product_brand","embeddable":true,"href":"https:\/\/roveyayinevi.com.tr\/index.php\/wp-json\/wp\/v2\/product_brand?post=758635"},{"taxonomy":"product_cat","embeddable":true,"href":"https:\/\/roveyayinevi.com.tr\/index.php\/wp-json\/wp\/v2\/product_cat?post=758635"},{"taxonomy":"product_tag","embeddable":true,"href":"https:\/\/roveyayinevi.com.tr\/index.php\/wp-json\/wp\/v2\/product_tag?post=758635"}],"curies":[{"name":"wp","href":"https:\/\/api.w.org\/{rel}","templated":true}]}}