{"id":758634,"date":"2025-08-28T08:11:01","date_gmt":"2025-08-28T05:11:01","guid":{"rendered":"https:\/\/roveyayinevi.com.tr\/index.php\/urun\/kirsal-alanlarda-tarimsal-uretim-ve-mulkiyet-yapilarinin-donusumu\/"},"modified":"2025-11-12T10:07:06","modified_gmt":"2025-11-12T07:07:06","slug":"kirsal-alanlarda-tarimsal-uretim-ve-mulkiyet-yapilarinin-donusumu","status":"publish","type":"product","link":"https:\/\/roveyayinevi.com.tr\/index.php\/urun\/kirsal-alanlarda-tarimsal-uretim-ve-mulkiyet-yapilarinin-donusumu\/","title":{"rendered":"K\u0131rsal Alanlarda Tar\u0131msal \u00dcretim Ve M\u00fclkiyet Yap\u0131lar\u0131n\u0131n D\u00f6n\u00fc\u015f\u00fcm\u00fc"},"content":{"rendered":"<p>\u0130\u00e7indekiler :     B\u0130R\u0130NC\u0130 B\u00d6L\u00dcM KIRSAL ALANLARA DA\u0130R GENEL KAVRAMSAL \u00c7ER\u00c7EVE   \u0130K\u0130NC\u0130 B\u00d6L\u00dcM KIRSAL ALANDA YAPISAL D\u00d6N\u00dc\u015e\u00dcM\u00dcN BOYUTLARI   \u00dc\u00c7\u00dcNC\u00dc B\u00d6L\u00dcM \u0130ZM\u0130R-MENDERES \u00d6RNE\u011e\u0130NDE B\u0130R ALAN ARA\u015eTIRMASI <\/p>\n","protected":false},"excerpt":{"rendered":"<p>\u0130\u00e7indekiler : B\u0130R\u0130NC\u0130 B\u00d6L\u00dcM KIRSAL ALANLARA DA\u0130R GENEL KAVRAMSAL \u00c7ER\u00c7EVE \u0130K\u0130NC\u0130 B\u00d6L\u00dcM KIRSAL ALANDA YAPISAL D\u00d6N\u00dc\u015e\u00dcM\u00dcN BOYUTLARI \u00dc\u00c7\u00dcNC\u00dc B\u00d6L\u00dcM \u0130ZM\u0130R-MENDERES \u00d6RNE\u011e\u0130NDE B\u0130R ALAN ARA\u015eTIRMASI<\/p>\n","protected":false},"featured_media":0,"template":"","meta":{"_monsterinsights_skip_tracking":false,"_monsterinsights_sitenote_active":false,"_monsterinsights_sitenote_note":"","_monsterinsights_sitenote_category":0},"product_brand":[],"product_cat":[13005,40995],"product_tag":[],"class_list":{"0":"post-758634","1":"product","2":"type-product","3":"status-publish","5":"product_cat-bilim-muhendislik","6":"product_cat-sosyal-bilimler","7":"pa_cilt-ciltsiz","8":"pa_tur-kitap","9":"pa_yayinevi-gazi-kitabevi","10":"pa_yazar-musa-soztutar","12":"first","13":"instock","14":"sale","15":"shipping-taxable","16":"purchasable","17":"product-type-simple"},"_links":{"self":[{"href":"https:\/\/roveyayinevi.com.tr\/index.php\/wp-json\/wp\/v2\/product\/758634","targetHints":{"allow":["GET"]}}],"collection":[{"href":"https:\/\/roveyayinevi.com.tr\/index.php\/wp-json\/wp\/v2\/product"}],"about":[{"href":"https:\/\/roveyayinevi.com.tr\/index.php\/wp-json\/wp\/v2\/types\/product"}],"wp:attachment":[{"href":"https:\/\/roveyayinevi.com.tr\/index.php\/wp-json\/wp\/v2\/media?parent=758634"}],"wp:term":[{"taxonomy":"product_brand","embeddable":true,"href":"https:\/\/roveyayinevi.com.tr\/index.php\/wp-json\/wp\/v2\/product_brand?post=758634"},{"taxonomy":"product_cat","embeddable":true,"href":"https:\/\/roveyayinevi.com.tr\/index.php\/wp-json\/wp\/v2\/product_cat?post=758634"},{"taxonomy":"product_tag","embeddable":true,"href":"https:\/\/roveyayinevi.com.tr\/index.php\/wp-json\/wp\/v2\/product_tag?post=758634"}],"curies":[{"name":"wp","href":"https:\/\/api.w.org\/{rel}","templated":true}]}}