{"id":758629,"date":"2025-08-28T08:10:15","date_gmt":"2025-08-28T05:10:15","guid":{"rendered":"https:\/\/roveyayinevi.com.tr\/index.php\/urun\/mektepli-cellat\/"},"modified":"2026-04-16T03:11:43","modified_gmt":"2026-04-16T00:11:43","slug":"mektepli-cellat","status":"publish","type":"product","link":"https:\/\/roveyayinevi.com.tr\/index.php\/urun\/mektepli-cellat\/","title":{"rendered":"Mektepli Cellat"},"content":{"rendered":"<p>Bireyler mi daha h\u0131zl\u0131 yozla\u015f\u0131r, kurumlar m\u0131? Hangisi hangisine hizmet eder, hangisi hangisini kollar bu yolda? Pavel Kohout, bu ezeli ve ebedi sorular\u0131 ac\u0131 bir g\u00fcl\u00fcmsemeyle, dozu d\u00fc\u015fmeyen kara mizah ve ironiyle, \u00e7ekinmeden dile getiriyor:  Cellatl\u0131k e\u011fitimi veren \u00f6zel okulun tek k\u0131z \u00f6\u011frencisi Liz\u00ednka&#8217;n\u0131n \u00f6\u011fretim y\u0131l\u0131n\u0131 ve bir dizi \u00e7arp\u0131kl\u0131\u011f\u0131 anlat\u0131rken geni\u015f yelpazede erkekli\u011fi tefe koyuyor. &#8220;T\u00fcyler \u00fcrpertici ama ayn\u0131 zamanda \u015fahane kurgulanm\u0131\u015f roman, Prag men\u015feli olu\u015funu her anlamda belli ediyor. Bir yan\u0131yla Kafka, Ha\u0161ek, Meyrink gibi isimlerin \u015fekillendirdi\u011fi edebiyat gelene\u011finin \u00e7izgisinde yerini al\u0131yor; di\u011fer yandan ancak bask\u0131c\u0131 bir devlette i\u015flerin nas\u0131l d\u00f6nd\u00fc\u011f\u00fcn\u00fc yak\u0131ndan bilen bir yazar\u0131n yans\u0131tabilece\u011fi ayr\u0131nt\u0131larla bezenmi\u015f. Somut deneyimle d\u00f6rt d\u00f6rtl\u00fck d\u00fc\u015f g\u00fcc\u00fcn\u00fcn birle\u015fimi, Lichtenberg&#8217;in t\u00fcmcesini resmeden deh\u015fet dolu bir hiciv \u00e7\u0131karm\u0131\u015f ortaya:  &#8221; \u2013Neue Z\u00fcrcher Zeitung<\/p>\n","protected":false},"excerpt":{"rendered":"<p>Bireyler mi daha h\u0131zl\u0131 yozla\u015f\u0131r, kurumlar m\u0131? Hangisi hangisine hizmet eder, hangisi hangisini kollar bu yolda? Pavel Kohout, bu ezeli ve ebedi sorular\u0131 ac\u0131 bir g\u00fcl\u00fcmsemeyle,<span class=\"excerpt-hellip\"> [\u2026]<\/span><\/p>\n","protected":false},"featured_media":0,"template":"","meta":{"_monsterinsights_skip_tracking":false,"_monsterinsights_sitenote_active":false,"_monsterinsights_sitenote_note":"","_monsterinsights_sitenote_category":0},"product_brand":[],"product_cat":[12291,12711],"product_tag":[],"class_list":{"0":"post-758629","1":"product","2":"type-product","3":"status-publish","5":"product_cat-edebiyat","6":"product_cat-roman-oyku","7":"pa_cilt-ciltsiz","8":"pa_tur-kitap","9":"pa_yayinevi-alfa-yayinlari","10":"pa_yazar-pavel-kohout","12":"first","13":"instock","14":"sale","15":"shipping-taxable","16":"purchasable","17":"product-type-simple"},"_links":{"self":[{"href":"https:\/\/roveyayinevi.com.tr\/index.php\/wp-json\/wp\/v2\/product\/758629","targetHints":{"allow":["GET"]}}],"collection":[{"href":"https:\/\/roveyayinevi.com.tr\/index.php\/wp-json\/wp\/v2\/product"}],"about":[{"href":"https:\/\/roveyayinevi.com.tr\/index.php\/wp-json\/wp\/v2\/types\/product"}],"wp:attachment":[{"href":"https:\/\/roveyayinevi.com.tr\/index.php\/wp-json\/wp\/v2\/media?parent=758629"}],"wp:term":[{"taxonomy":"product_brand","embeddable":true,"href":"https:\/\/roveyayinevi.com.tr\/index.php\/wp-json\/wp\/v2\/product_brand?post=758629"},{"taxonomy":"product_cat","embeddable":true,"href":"https:\/\/roveyayinevi.com.tr\/index.php\/wp-json\/wp\/v2\/product_cat?post=758629"},{"taxonomy":"product_tag","embeddable":true,"href":"https:\/\/roveyayinevi.com.tr\/index.php\/wp-json\/wp\/v2\/product_tag?post=758629"}],"curies":[{"name":"wp","href":"https:\/\/api.w.org\/{rel}","templated":true}]}}