{"id":758628,"date":"2025-08-28T08:10:14","date_gmt":"2025-08-28T05:10:14","guid":{"rendered":"https:\/\/roveyayinevi.com.tr\/index.php\/urun\/cumhuriyetin-100-yilinda-yuksekogretimde-mesleki-egitim-gelecege-yonelik-beklentiler-ve-cozum-onerileri\/"},"modified":"2026-04-16T03:11:43","modified_gmt":"2026-04-16T00:11:43","slug":"cumhuriyetin-100-yilinda-yuksekogretimde-mesleki-egitim-gelecege-yonelik-beklentiler-ve-cozum-onerileri","status":"publish","type":"product","link":"https:\/\/roveyayinevi.com.tr\/index.php\/urun\/cumhuriyetin-100-yilinda-yuksekogretimde-mesleki-egitim-gelecege-yonelik-beklentiler-ve-cozum-onerileri\/","title":{"rendered":"Cumhuriyetin 100. Y\u0131l\u0131nda Y\u00fcksek\u00f6\u011fretimde Mesleki E\u011fitim: Gelece\u011fe Y\u00f6nelik Beklentiler ve \u00c7\u00f6z\u00fcm \u00d6nerileri"},"content":{"rendered":"<p>\u0130\u00e7indekiler :   B\u0130R\u0130NC\u0130 B\u00d6L\u00dcM MESLEK\u0130 E\u011e\u0130T\u0130ME \u0130L\u0130\u015eK\u0130N KAVRAMSAL \u00c7ER\u00c7EVE   \u0130K\u0130NC\u0130 B\u00d6L\u00dcM MESLEK\u0130 E\u011e\u0130T\u0130M VE \u0130ST\u0130HDAM \u0130L\u0130\u015eK\u0130S\u0130   \u00dc\u00c7\u00dcNC\u00dc B\u00d6L\u00dcM AVRUPA B\u0130RL\u0130\u011e\u0130NE UYUM S\u00dcREC\u0130NDE MESLEK\u0130 VE TEKN\u0130K E\u011e\u0130T\u0130M: MESLEK Y\u00dcKSEKOKULLARINA BAKI\u015e   D\u00d6RD\u00dcNC\u00dc B\u00d6L\u00dcM T\u00dcRK\u0130YE\u2019DE MESLEK\u0130 E\u011e\u0130T\u0130M\u0130N HUKUK\u0130 ALT YAPISI VE MESLEK\u0130 E\u011e\u0130T\u0130M G\u00d6REN \u00d6\u011eRENC\u0130LER\u0130N SOSYAL G\u00dcVENL\u0130\u011e\u0130   BE\u015e\u0130NC\u0130 B\u00d6L\u00dcM MESLEK\u0130 E\u011e\u0130T\u0130MDE \u00c7A\u011eIN GEREKT\u0130RD\u0130KLER\u0130   ALTINCI B\u00d6L\u00dcM MESLEK\u0130 Y\u00dcKSEK\u00d6\u011eRET\u0130M\u2019E KAYNAK OLU\u015eTURMASI BA\u011eLAMINDA MESLEK\u0130 ORTA\u00d6\u011eRET\u0130M\u0130N SORUNLARI VE \u00c7\u00d6Z\u00dcM \u00d6NER\u0130LER\u0130   YED\u0130NC\u0130 B\u00d6L\u00dcM T\u00dcRK\u0130YE\u2019DE KALKINMA PLANLARINDA MESLEK\u0130 Y\u00dcKSEK\u00d6\u011eRET\u0130M POL\u0130T\u0130KALARI   SEK\u0130Z\u0130NC\u0130 B\u00d6L\u00dcM MESLEK Y\u00dcKSEKOKULLARININ B\u00d6LGELER\u0130NE EKONOM\u0130K VE SOSYAL KATKILARI: HONAZ MESLEK Y\u00dcKSEKOKULU \u00d6RNE\u011e\u0130   DOKUZUNCU B\u00d6L\u00dcM \u0130\u015eLETMELER\u0130N \u0130\u015eLETMEDE MESLEK\u0130 E\u011e\u0130T\u0130M ALACAK \u00d6\u011eRENC\u0130LERDEN B\u0130LG\u0130 VE BECER\u0130 BEKLENT\u0130LER\u0130   ONUNCU B\u00d6L\u00dcM 3+1 \u0130\u015eYER\u0130 E\u011e\u0130T\u0130M\u0130N\u0130N \u00d6\u011eRENC\u0130LER\u0130N \u0130\u015e TEKL\u0130FLER\u0130NE ETK\u0130S\u0130: N\u0130CEL B\u0130R ANAL\u0130Z   ON B\u0130R\u0130NC\u0130 B\u00d6L\u00dcM MESLEK Y\u00dcKSEKOKULU \u00d6\u011eRENC\u0130LER\u0130N\u0130N \u0130\u015eS\u0130ZL\u0130K KAYGI D\u00dcZEYLER\u0130N\u0130N SOSYO DEMOGRAF\u0130K DE\u011e\u0130\u015eKENLER A\u00c7ISINDAN \u0130NCELENMES\u0130: HONAZ MYO \u00d6RNE\u011e\u0130   ON \u0130K\u0130NC\u0130 B\u00d6L\u00dcM BANKACILIK SEKT\u00d6R\u00dcNDE MESLEK\u0130 E\u011e\u0130T\u0130M\u0130N GEL\u0130\u015e\u0130M\u0130 VE MEVCUT SORUNLARIN \u00c7\u00d6Z\u00dcM\u00dcNE OLAN KATKISI   ON \u00dc\u00c7\u00dcNC\u00dc B\u00d6L\u00dcM CEZA \u0130NFAZ KORUMA MEMURUNUN HAKLARININ KORUNMASINDA VE \u0130\u015eE YERLE\u015eT\u0130R\u0130LMESINDE UYGULAMALI MESLEK\u0130 E\u011e\u0130T\u0130M\u0130N \u00d6NEM\u0130 <\/p>\n","protected":false},"excerpt":{"rendered":"<p>\u0130\u00e7indekiler : B\u0130R\u0130NC\u0130 B\u00d6L\u00dcM MESLEK\u0130 E\u011e\u0130T\u0130ME \u0130L\u0130\u015eK\u0130N KAVRAMSAL \u00c7ER\u00c7EVE \u0130K\u0130NC\u0130 B\u00d6L\u00dcM MESLEK\u0130 E\u011e\u0130T\u0130M VE \u0130ST\u0130HDAM \u0130L\u0130\u015eK\u0130S\u0130 \u00dc\u00c7\u00dcNC\u00dc B\u00d6L\u00dcM AVRUPA B\u0130RL\u0130\u011e\u0130NE UYUM S\u00dcREC\u0130NDE MESLEK\u0130 VE TEKN\u0130K E\u011e\u0130T\u0130M:<span class=\"excerpt-hellip\"> [\u2026]<\/span><\/p>\n","protected":false},"featured_media":0,"template":"","meta":{"_monsterinsights_skip_tracking":false,"_monsterinsights_sitenote_active":false,"_monsterinsights_sitenote_note":"","_monsterinsights_sitenote_category":0},"product_brand":[],"product_cat":[12567,12566],"product_tag":[],"class_list":{"0":"post-758628","1":"product","2":"type-product","3":"status-publish","5":"product_cat-diger-egitim","6":"product_cat-egitim","7":"pa_cilt-ciltsiz","8":"pa_tur-kitap","9":"pa_yayinevi-gazi-kitabevi","10":"pa_yazar-kolektif","12":"first","13":"instock","14":"sale","15":"shipping-taxable","16":"purchasable","17":"product-type-simple"},"_links":{"self":[{"href":"https:\/\/roveyayinevi.com.tr\/index.php\/wp-json\/wp\/v2\/product\/758628","targetHints":{"allow":["GET"]}}],"collection":[{"href":"https:\/\/roveyayinevi.com.tr\/index.php\/wp-json\/wp\/v2\/product"}],"about":[{"href":"https:\/\/roveyayinevi.com.tr\/index.php\/wp-json\/wp\/v2\/types\/product"}],"wp:attachment":[{"href":"https:\/\/roveyayinevi.com.tr\/index.php\/wp-json\/wp\/v2\/media?parent=758628"}],"wp:term":[{"taxonomy":"product_brand","embeddable":true,"href":"https:\/\/roveyayinevi.com.tr\/index.php\/wp-json\/wp\/v2\/product_brand?post=758628"},{"taxonomy":"product_cat","embeddable":true,"href":"https:\/\/roveyayinevi.com.tr\/index.php\/wp-json\/wp\/v2\/product_cat?post=758628"},{"taxonomy":"product_tag","embeddable":true,"href":"https:\/\/roveyayinevi.com.tr\/index.php\/wp-json\/wp\/v2\/product_tag?post=758628"}],"curies":[{"name":"wp","href":"https:\/\/api.w.org\/{rel}","templated":true}]}}