{"id":758627,"date":"2025-08-28T08:10:12","date_gmt":"2025-08-28T05:10:12","guid":{"rendered":"https:\/\/roveyayinevi.com.tr\/index.php\/urun\/rekreasyon-bilimi-3\/"},"modified":"2026-04-16T03:11:43","modified_gmt":"2026-04-16T00:11:43","slug":"rekreasyon-bilimi-3","status":"publish","type":"product","link":"https:\/\/roveyayinevi.com.tr\/index.php\/urun\/rekreasyon-bilimi-3\/","title":{"rendered":"Rekreasyon Bilimi 3"},"content":{"rendered":"<p>\u0130\u00e7indekiler :   1. B\u00d6L\u00dcM: Robert Stebbins\u2019in \u2018The Serious Leisure Perspective: A Synthesis\u2019 Kitab\u0131 \u00dczerine De\u011ferlendirmeler   2. B\u00d6L\u00dcM: Sapk\u0131n Bo\u015f Zaman   3. B\u00d6L\u00dcM: Bisiklet ve Rekreasyon   4. B\u00d6L\u00dcM: Motosiklet ve Rekreasyon   5. B\u00d6L\u00dcM: Karavan ve Kamp Alanlar\u0131   6. B\u00d6L\u00dcM: Spor Turizmi   7. B\u00d6L\u00dcM: Rekreasyon Okuryazarl\u0131\u011f\u0131   8. B\u00d6L\u00dcM: Dijital Oyunlar   9. B\u00d6L\u00dcM: Teknolojinin Rekreasyona Etkisi: Sanal Rekreasyon   10. B\u00d6L\u00dcM: Spor ve Rekreasyon Alan\u0131nda Devrim: Yapay Zek\u00e2 (AI) Uygulamalar\u0131 ve Robotik Teknolojiler   11. B\u00d6L\u00dcM: Rekreasyon ve Kendini Ger\u00e7ekle\u015ftirme   12. B\u00d6L\u00dcM: Rekreasyon Alan\u0131nda Kriz   13. B\u00d6L\u00dcM: Rekreasyon Politikalar\u0131 ve Uygulamalar\u0131   14. B\u00d6L\u00dcM: Bir Bo\u015f Zaman K\u00fclt\u00fcr De\u011feri: Halk Oyunlar\u0131 <\/p>\n","protected":false},"excerpt":{"rendered":"<p>\u0130\u00e7indekiler : 1. B\u00d6L\u00dcM: Robert Stebbins\u2019in \u2018The Serious Leisure Perspective: A Synthesis\u2019 Kitab\u0131 \u00dczerine De\u011ferlendirmeler 2. B\u00d6L\u00dcM: Sapk\u0131n Bo\u015f Zaman 3. B\u00d6L\u00dcM: Bisiklet ve Rekreasyon 4.<span class=\"excerpt-hellip\"> [\u2026]<\/span><\/p>\n","protected":false},"featured_media":0,"template":"","meta":{"_monsterinsights_skip_tracking":false,"_monsterinsights_sitenote_active":false,"_monsterinsights_sitenote_note":"","_monsterinsights_sitenote_category":0},"product_brand":[],"product_cat":[15563,15564],"product_tag":[],"class_list":{"0":"post-758627","1":"product","2":"type-product","3":"status-publish","5":"product_cat-hobi","6":"product_cat-spor","7":"pa_cilt-ciltsiz","8":"pa_tur-kitap","9":"pa_yayinevi-gazi-kitabevi","10":"pa_yazar-kolektif","12":"first","13":"instock","14":"sale","15":"shipping-taxable","16":"purchasable","17":"product-type-simple"},"_links":{"self":[{"href":"https:\/\/roveyayinevi.com.tr\/index.php\/wp-json\/wp\/v2\/product\/758627","targetHints":{"allow":["GET"]}}],"collection":[{"href":"https:\/\/roveyayinevi.com.tr\/index.php\/wp-json\/wp\/v2\/product"}],"about":[{"href":"https:\/\/roveyayinevi.com.tr\/index.php\/wp-json\/wp\/v2\/types\/product"}],"wp:attachment":[{"href":"https:\/\/roveyayinevi.com.tr\/index.php\/wp-json\/wp\/v2\/media?parent=758627"}],"wp:term":[{"taxonomy":"product_brand","embeddable":true,"href":"https:\/\/roveyayinevi.com.tr\/index.php\/wp-json\/wp\/v2\/product_brand?post=758627"},{"taxonomy":"product_cat","embeddable":true,"href":"https:\/\/roveyayinevi.com.tr\/index.php\/wp-json\/wp\/v2\/product_cat?post=758627"},{"taxonomy":"product_tag","embeddable":true,"href":"https:\/\/roveyayinevi.com.tr\/index.php\/wp-json\/wp\/v2\/product_tag?post=758627"}],"curies":[{"name":"wp","href":"https:\/\/api.w.org\/{rel}","templated":true}]}}