{"id":758626,"date":"2025-08-28T08:10:11","date_gmt":"2025-08-28T05:10:11","guid":{"rendered":"https:\/\/roveyayinevi.com.tr\/index.php\/urun\/iktisat-ve-toplum-dergisi-160-sayi-gelir-dagilimi-ve-esitsizlik\/"},"modified":"2026-04-16T03:11:43","modified_gmt":"2026-04-16T00:11:43","slug":"iktisat-ve-toplum-dergisi-160-sayi-gelir-dagilimi-ve-esitsizlik","status":"publish","type":"product","link":"https:\/\/roveyayinevi.com.tr\/index.php\/urun\/iktisat-ve-toplum-dergisi-160-sayi-gelir-dagilimi-ve-esitsizlik\/","title":{"rendered":"\u0130ktisat ve Toplum Dergisi 160. Say\u0131 Gelir Da\u011f\u0131l\u0131m\u0131 ve E\u015fitsizlik"},"content":{"rendered":"<p>Bu say\u0131da: Gelir Da\u011f\u0131l\u0131m\u0131 E\u015fitsizli\u011fi ve Tu\u0308rkiye &#8211; Mahfi E\u011filmez             Ekonomik ve Felsefi Manifesto \u00dczerine &#8211; \u00d6rsan K. \u00d6ymen             2024 Demokrasinin En Zor Y\u0131llar\u0131ndan Biri Olabilir mi? &#8211; Ersin Kalayc\u0131o\u011flu               Sosyal Bilimciler Konu\u015fuyor: \u00d6ner Gu\u0308n\u00e7avd\u0131              Her Yerde ve Her Du\u0308zeyde A\u015f\u0131r\u0131 E\u015fitsizlik &#8211; R. Funda Barbaros               Gelir Da\u011f\u0131l\u0131m\u0131 Sorununa Bak\u0131\u015f &#8211; \u0130zzettin \u00d6nder            \u201cLiberal Sosyalizm\u201d ve E\u015fitlik\u00e7ilik: John Stuart Mill ve John Rawls &#8211; Ercan Eren, Emre \u00d6ru\u0308n          Gelir E\u015fitsizli\u011finin Cinsiyet Boyutu: Tu\u0308rkiye \u0130\u00e7in Bir De\u011ferlendirme &#8211; Burcu Tu\u0308rkcan, Fatma Akta\u015f                 Kurumsal Sekt\u00f6r Hesaplar\u0131 ve B\u00f6lu\u0308\u015fu\u0308m &#8211; Alper Duman         Akademide Bir Koltuk ve Maa\u015f Bordrosu &#8211; M. Aykut Attar             Ku\u0308resel E\u015fitsizliklerdeki Genel E\u011filim &#8211; Leyla Firuze Arda             Neoklasik Modelde \u0130\u00e7bu\u0308key \u00dcretim Olanaklar\u0131 S\u0131n\u0131r\u0131n\u0131n Ele\u015ftirisi (4) &#8211; Samuelson (2) &#8211; Turan Suba\u015fat             Daru\u0308lfu\u0308nun\u2019dan \u00dcniversiteye \u0130ktisat Muallim ve Mu\u0308derrisleri &#8211; Alaaddin Tok, Ercan Eren             \u00dccret Art\u0131\u015flar\u0131 m\u0131 Enflasyonu Yu\u0308kseltiyor, Enflasyondaki Yu\u0308kseli\u015f mi \u00dccretleri Artt\u0131r\u0131yor? &#8211; Arda Tunca                  \u201cDe\u011fil, bu an\u0131lacak \u015fey de\u011fil\u2026\u201d &#8211; Ya\u015far Ta\u015fk\u0131n Ko\u00e7              Sanattan Yans\u0131malar: R\u00f6portaj: Do\u00e7. Dr. Bilen I\u015f\u0131kta\u015f &#8211; Gu\u0308l\u00e7in Elif Yu\u0308cel     <\/p>\n","protected":false},"excerpt":{"rendered":"<p>Bu say\u0131da: Gelir Da\u011f\u0131l\u0131m\u0131 E\u015fitsizli\u011fi ve Tu\u0308rkiye &#8211; Mahfi E\u011filmez Ekonomik ve Felsefi Manifesto \u00dczerine &#8211; \u00d6rsan K. \u00d6ymen 2024 Demokrasinin En Zor Y\u0131llar\u0131ndan Biri Olabilir<span class=\"excerpt-hellip\"> [\u2026]<\/span><\/p>\n","protected":false},"featured_media":0,"template":"","meta":{"_monsterinsights_skip_tracking":false,"_monsterinsights_sitenote_active":false,"_monsterinsights_sitenote_note":"","_monsterinsights_sitenote_category":0},"product_brand":[],"product_cat":[13527],"product_tag":[],"class_list":{"0":"post-758626","1":"product","2":"type-product","3":"status-publish","5":"product_cat-sureli-yayinlar","6":"pa_cilt-ciltsiz","7":"pa_tur-dergi","8":"pa_yayinevi-efil-yayinevi-dergi","9":"pa_yazar-kolektif","11":"first","12":"instock","13":"sale","14":"shipping-taxable","15":"purchasable","16":"product-type-simple"},"_links":{"self":[{"href":"https:\/\/roveyayinevi.com.tr\/index.php\/wp-json\/wp\/v2\/product\/758626","targetHints":{"allow":["GET"]}}],"collection":[{"href":"https:\/\/roveyayinevi.com.tr\/index.php\/wp-json\/wp\/v2\/product"}],"about":[{"href":"https:\/\/roveyayinevi.com.tr\/index.php\/wp-json\/wp\/v2\/types\/product"}],"wp:attachment":[{"href":"https:\/\/roveyayinevi.com.tr\/index.php\/wp-json\/wp\/v2\/media?parent=758626"}],"wp:term":[{"taxonomy":"product_brand","embeddable":true,"href":"https:\/\/roveyayinevi.com.tr\/index.php\/wp-json\/wp\/v2\/product_brand?post=758626"},{"taxonomy":"product_cat","embeddable":true,"href":"https:\/\/roveyayinevi.com.tr\/index.php\/wp-json\/wp\/v2\/product_cat?post=758626"},{"taxonomy":"product_tag","embeddable":true,"href":"https:\/\/roveyayinevi.com.tr\/index.php\/wp-json\/wp\/v2\/product_tag?post=758626"}],"curies":[{"name":"wp","href":"https:\/\/api.w.org\/{rel}","templated":true}]}}