{"id":758625,"date":"2025-08-28T08:10:09","date_gmt":"2025-08-28T05:10:09","guid":{"rendered":"https:\/\/roveyayinevi.com.tr\/index.php\/urun\/tuna-firat\/"},"modified":"2026-04-16T03:11:43","modified_gmt":"2026-04-16T00:11:43","slug":"tuna-firat","status":"publish","type":"product","link":"https:\/\/roveyayinevi.com.tr\/index.php\/urun\/tuna-firat\/","title":{"rendered":"Tuna &#8211; F\u0131rat"},"content":{"rendered":"<p>Yan\u0131mda Kara Mustafa Pa\u015fa, Y\u00fcre\u011fimde, \u201cG\u00fczellik Dilencisi\u201d Jozsef Atilla&#8230; Uzaklarda kald\u0131 FIRAT, TUNA\u2019YSA yak\u0131n\u0131mda; \u201cBir yan\u0131mda BUDA Bir yan\u0131mda PE\u015eTE\u201d \u015eimdi Macar Ovalar\u0131\u2019nda Memlekette gibiyim i\u015fte!&#8230;   Budape\u015fte. 25 Nisan 1982 <\/p>\n","protected":false},"excerpt":{"rendered":"<p>Yan\u0131mda Kara Mustafa Pa\u015fa, Y\u00fcre\u011fimde, \u201cG\u00fczellik Dilencisi\u201d Jozsef Atilla&#8230; Uzaklarda kald\u0131 FIRAT, TUNA\u2019YSA yak\u0131n\u0131mda; \u201cBir yan\u0131mda BUDA Bir yan\u0131mda PE\u015eTE\u201d \u015eimdi Macar Ovalar\u0131\u2019nda Memlekette gibiyim i\u015fte!&#8230;<span class=\"excerpt-hellip\"> [\u2026]<\/span><\/p>\n","protected":false},"featured_media":0,"template":"","meta":{"_monsterinsights_skip_tracking":false,"_monsterinsights_sitenote_active":false,"_monsterinsights_sitenote_note":"","_monsterinsights_sitenote_category":0},"product_brand":[],"product_cat":[27157,12291],"product_tag":[],"class_list":{"0":"post-758625","1":"product","2":"type-product","3":"status-publish","5":"product_cat-derleme","6":"product_cat-edebiyat","7":"pa_cilt-ciltsiz","8":"pa_tur-kitap","9":"pa_yayinevi-doksan-dokuz-yayinlari","10":"pa_yazar-mehmet-yilmaz","12":"first","13":"instock","14":"sale","15":"shipping-taxable","16":"purchasable","17":"product-type-simple"},"_links":{"self":[{"href":"https:\/\/roveyayinevi.com.tr\/index.php\/wp-json\/wp\/v2\/product\/758625","targetHints":{"allow":["GET"]}}],"collection":[{"href":"https:\/\/roveyayinevi.com.tr\/index.php\/wp-json\/wp\/v2\/product"}],"about":[{"href":"https:\/\/roveyayinevi.com.tr\/index.php\/wp-json\/wp\/v2\/types\/product"}],"wp:attachment":[{"href":"https:\/\/roveyayinevi.com.tr\/index.php\/wp-json\/wp\/v2\/media?parent=758625"}],"wp:term":[{"taxonomy":"product_brand","embeddable":true,"href":"https:\/\/roveyayinevi.com.tr\/index.php\/wp-json\/wp\/v2\/product_brand?post=758625"},{"taxonomy":"product_cat","embeddable":true,"href":"https:\/\/roveyayinevi.com.tr\/index.php\/wp-json\/wp\/v2\/product_cat?post=758625"},{"taxonomy":"product_tag","embeddable":true,"href":"https:\/\/roveyayinevi.com.tr\/index.php\/wp-json\/wp\/v2\/product_tag?post=758625"}],"curies":[{"name":"wp","href":"https:\/\/api.w.org\/{rel}","templated":true}]}}