{"id":758624,"date":"2025-08-28T08:10:07","date_gmt":"2025-08-28T05:10:07","guid":{"rendered":"https:\/\/roveyayinevi.com.tr\/index.php\/urun\/son-zarf\/"},"modified":"2026-04-16T03:11:43","modified_gmt":"2026-04-16T00:11:43","slug":"son-zarf","status":"publish","type":"product","link":"https:\/\/roveyayinevi.com.tr\/index.php\/urun\/son-zarf\/","title":{"rendered":"Son Zarf"},"content":{"rendered":"<p>\u201cHayat\u0131n haks\u0131zl\u0131klar\u0131 ve zorbalar\u0131n kurdu\u011fu tuzaklarkar\u015f\u0131s\u0131nda asla pes etme, hakl\u0131 oldu\u011fun konularda asla e\u011filme!\u201d Kendi halinde bir Anadolu kasabas\u0131ndan, Nobel hayalleri ile s\u00fcsl\u00fc bir gelece\u011fe uzan\u0131r Sezgin\u2019in yolculu\u011fu. Mak\u00fbs kaderine raz\u0131 olmak \u00fczereyken \u00e7\u0131k\u0131p gelen ve elinden tutan day\u0131s\u0131, \u00f6n\u00fcne a\u00e7t\u0131\u011f\u0131 muhte\u015fem yol gibi, her g\u00fcn birini a\u00e7mas\u0131 \u015fart\u0131yla y\u00fczlerce zarf b\u0131rak\u0131r ona giderken. Karabasanlar\u0131n e\u015flik etti\u011fi maceras\u0131nda, son zarfa gelinceye kadar arad\u0131\u011f\u0131 cevab\u0131 bilemeyecektir\u2026 Ahmet Erol\u2019un samimi kaleminden \u00e7\u0131kan bu hik\u00e2ye, r\u00fcyalarla ger\u00e7eklerin el ele verip karabasana d\u00f6n\u00fc\u015ft\u00fc\u011f\u00fc bir co\u011frafyadan \u00e7\u0131k\u0131yor ve cevap gibi bir soru ile bitiyor. As\u0131l yolculu\u011fun ba\u015flang\u0131\u00e7 noktas\u0131n\u0131 i\u015faret ve vaat ederek\u2026 <\/p>\n","protected":false},"excerpt":{"rendered":"<p>\u201cHayat\u0131n haks\u0131zl\u0131klar\u0131 ve zorbalar\u0131n kurdu\u011fu tuzaklarkar\u015f\u0131s\u0131nda asla pes etme, hakl\u0131 oldu\u011fun konularda asla e\u011filme!\u201d Kendi halinde bir Anadolu kasabas\u0131ndan, Nobel hayalleri ile s\u00fcsl\u00fc bir gelece\u011fe uzan\u0131r<span class=\"excerpt-hellip\"> [\u2026]<\/span><\/p>\n","protected":false},"featured_media":0,"template":"","meta":{"_monsterinsights_skip_tracking":false,"_monsterinsights_sitenote_active":false,"_monsterinsights_sitenote_note":"","_monsterinsights_sitenote_category":0},"product_brand":[],"product_cat":[12291,12745],"product_tag":[],"class_list":{"0":"post-758624","1":"product","2":"type-product","3":"status-publish","5":"product_cat-edebiyat","6":"product_cat-tarihi-roman","7":"pa_cilt-ciltsiz","8":"pa_tur-kitap","9":"pa_yayinevi-epsilon-yayinlari","10":"pa_yazar-ahmet-erol","12":"first","13":"instock","14":"sale","15":"shipping-taxable","16":"purchasable","17":"product-type-simple"},"_links":{"self":[{"href":"https:\/\/roveyayinevi.com.tr\/index.php\/wp-json\/wp\/v2\/product\/758624","targetHints":{"allow":["GET"]}}],"collection":[{"href":"https:\/\/roveyayinevi.com.tr\/index.php\/wp-json\/wp\/v2\/product"}],"about":[{"href":"https:\/\/roveyayinevi.com.tr\/index.php\/wp-json\/wp\/v2\/types\/product"}],"wp:attachment":[{"href":"https:\/\/roveyayinevi.com.tr\/index.php\/wp-json\/wp\/v2\/media?parent=758624"}],"wp:term":[{"taxonomy":"product_brand","embeddable":true,"href":"https:\/\/roveyayinevi.com.tr\/index.php\/wp-json\/wp\/v2\/product_brand?post=758624"},{"taxonomy":"product_cat","embeddable":true,"href":"https:\/\/roveyayinevi.com.tr\/index.php\/wp-json\/wp\/v2\/product_cat?post=758624"},{"taxonomy":"product_tag","embeddable":true,"href":"https:\/\/roveyayinevi.com.tr\/index.php\/wp-json\/wp\/v2\/product_tag?post=758624"}],"curies":[{"name":"wp","href":"https:\/\/api.w.org\/{rel}","templated":true}]}}