{"id":758622,"date":"2025-08-28T08:10:03","date_gmt":"2025-08-28T05:10:03","guid":{"rendered":"https:\/\/roveyayinevi.com.tr\/index.php\/urun\/sosyofobi\/"},"modified":"2026-04-16T03:11:43","modified_gmt":"2026-04-16T00:11:43","slug":"sosyofobi","status":"publish","type":"product","link":"https:\/\/roveyayinevi.com.tr\/index.php\/urun\/sosyofobi\/","title":{"rendered":"Sosyofobi"},"content":{"rendered":"<p>\u201cAsl\u0131nda dijital ileti\u015fim ara\u00e7lar\u0131n\u0131n yaratt\u0131\u011f\u0131 toplumsal co\u015fku as\u0131ls\u0131zd\u0131r, dekoratiftir. Ortak varolu\u015fumuzun te\u015fvik etmesi gereken \u015feyi, yani birbirimize g\u00f6sterdi\u011fimiz ilgiyi te\u015fvik etmeye faydas\u0131 yoktur. Ayn\u0131 \u015fey e\u015fitlik\u00e7ilik 2.0, yani toplumsal fark\u0131n A\u011f\u2019da en aza indi\u011fi duygusu i\u00e7in de ge\u00e7erli. Radikal demokrasi evrensel bir m\u00fc\u015fteri-hizmet hatt\u0131 de\u011fildir. E\u011fer durup d\u00fc\u015f\u00fcn\u00fcrseniz bunun biraz sa\u00e7ma oldu\u011fu anla\u015f\u0131lacakt\u0131r.\u201d\u0130leti\u015fim teknolojileri, moderniteden arta kalan sorunlar\u0131 a\u015facak bir ara\u00e7 m\u0131, yoksa sermayenin tahakk\u00fcm\u00fcn\u00fcn yeni ara\u00e7larla s\u00fcrd\u00fcr\u00fclmesinin farkl\u0131 bi\u00e7imi mi? \u0130leti\u015fim teknolojisindeki yenilikler, uzun zaman boyunca toplumsal hayat\u0131 olumlu y\u00f6nde de\u011fi\u015ftirebilecek \u00fctopik bir unsur olarak g\u00f6r\u00fcld\u00fc. Bilhassa Avrupa solu, genel olarak teknolojinin, \u00f6zel olaraksa internetin ekonomik ve siyasi ko\u015fullar\u0131n e\u015fitlik\u00e7i bir yeniden in\u015fas\u0131na zemin haz\u0131rlad\u0131\u011f\u0131 fikrinde \u0131srarc\u0131 oldu.C\u00e9sar Rendueles, beklentilerin aksine ileti\u015fim teknolojilerinin sosyal ger\u00e7ekli\u011fi ve i\u015fbirli\u011fini art\u0131rmak yerine s\u0131n\u0131rland\u0131rd\u0131\u011f\u0131n\u0131 ileri s\u00fcr\u00fcyor. Dayan\u0131\u015fman\u0131n ve geleneksel topluluk ili\u015fkilerinin gereksiz oldu\u011fu konusundaki yayg\u0131n inanca kar\u015f\u0131 \u00e7\u0131kan Sosyofobi, neoliberalizmin yaratt\u0131\u011f\u0131 sosyal tahribattan yola \u00e7\u0131karak teknolojinin \u00e7\u00f6z\u00fcme d\u00f6n\u00fck iddialar\u0131n\u0131n ger\u00e7ekli\u011fini sorguluyor. \u00d6te yandan, teknolojideki geli\u015fmelerle e\u015fitlik\u00e7i bir gelecek perspektifini yan yana getiren siber \u00fctopyac\u0131 yakla\u015f\u0131ma \u015f\u00fcpheyle yakla\u015fan yazar, kemer s\u0131kma politikalar\u0131 kar\u015f\u0131t\u0131 \u0130spanyol 15-M hareketi \u00f6rne\u011fi \u00fczerinden yeni toplumsal olanaklar\u0131 sorgularken, siber feti\u015fizme y\u00f6nelik toplumsal tepkinin boyutlar\u0131n\u0131 inceliyor.<\/p>\n","protected":false},"excerpt":{"rendered":"<p>\u201cAsl\u0131nda dijital ileti\u015fim ara\u00e7lar\u0131n\u0131n yaratt\u0131\u011f\u0131 toplumsal co\u015fku as\u0131ls\u0131zd\u0131r, dekoratiftir. Ortak varolu\u015fumuzun te\u015fvik etmesi gereken \u015feyi, yani birbirimize g\u00f6sterdi\u011fimiz ilgiyi te\u015fvik etmeye faydas\u0131 yoktur. Ayn\u0131 \u015fey e\u015fitlik\u00e7ilik<span class=\"excerpt-hellip\"> [\u2026]<\/span><\/p>\n","protected":false},"featured_media":0,"template":"","meta":{"_monsterinsights_skip_tracking":false,"_monsterinsights_sitenote_active":false,"_monsterinsights_sitenote_note":"","_monsterinsights_sitenote_category":0},"product_brand":[],"product_cat":[12325,12324],"product_tag":[],"class_list":{"0":"post-758622","1":"product","2":"type-product","3":"status-publish","5":"product_cat-diger-sosyoloji","6":"product_cat-sosyoloji","7":"pa_cilt-ciltsiz","8":"pa_tur-kitap","9":"pa_yayinevi-iletisim-yayinlari","10":"pa_yazar-cesar-rendueles","12":"first","13":"instock","14":"sale","15":"shipping-taxable","16":"purchasable","17":"product-type-simple"},"_links":{"self":[{"href":"https:\/\/roveyayinevi.com.tr\/index.php\/wp-json\/wp\/v2\/product\/758622","targetHints":{"allow":["GET"]}}],"collection":[{"href":"https:\/\/roveyayinevi.com.tr\/index.php\/wp-json\/wp\/v2\/product"}],"about":[{"href":"https:\/\/roveyayinevi.com.tr\/index.php\/wp-json\/wp\/v2\/types\/product"}],"wp:attachment":[{"href":"https:\/\/roveyayinevi.com.tr\/index.php\/wp-json\/wp\/v2\/media?parent=758622"}],"wp:term":[{"taxonomy":"product_brand","embeddable":true,"href":"https:\/\/roveyayinevi.com.tr\/index.php\/wp-json\/wp\/v2\/product_brand?post=758622"},{"taxonomy":"product_cat","embeddable":true,"href":"https:\/\/roveyayinevi.com.tr\/index.php\/wp-json\/wp\/v2\/product_cat?post=758622"},{"taxonomy":"product_tag","embeddable":true,"href":"https:\/\/roveyayinevi.com.tr\/index.php\/wp-json\/wp\/v2\/product_tag?post=758622"}],"curies":[{"name":"wp","href":"https:\/\/api.w.org\/{rel}","templated":true}]}}