{"id":758621,"date":"2025-08-28T08:10:02","date_gmt":"2025-08-28T05:10:02","guid":{"rendered":"https:\/\/roveyayinevi.com.tr\/index.php\/urun\/mukemmel-duyu\/"},"modified":"2026-04-16T03:11:43","modified_gmt":"2026-04-16T00:11:43","slug":"mukemmel-duyu","status":"publish","type":"product","link":"https:\/\/roveyayinevi.com.tr\/index.php\/urun\/mukemmel-duyu\/","title":{"rendered":"M\u00fckemmel Duyu"},"content":{"rendered":"<p>\u201cSilinip gitmi\u015f ve en k\u00f6t\u00fc muameleye maruz kalm\u0131\u015f olan bu duyumuzun nas\u0131l ve hangi nedenle ayn\u0131 zamanda en mahrem ve en vah\u015fi duyu oldu\u011funu anlamak i\u00e7in burnumuz ve koku zek\u00e2m\u0131z\u0131n yeteneklerini kateden ke\u015fif dolu bir yolculuk yapmay\u0131 \u00f6neriyorum size. Ama\u00e7, \u00f6rne\u011fin bir koku ald\u0131\u011f\u0131m\u0131zda neler oldu\u011funa dair genel bir bak\u0131\u015f a\u00e7\u0131s\u0131 sunmak ve son yap\u0131lan bilimsel ara\u015ft\u0131rmalar \u0131\u015f\u0131\u011f\u0131nda g\u00fcnl\u00fck ya\u015famda kar\u015f\u0131la\u015fabilece\u011fimiz birtak\u0131m ger\u00e7ekleri basit \u015fekilde a\u00e7\u0131klamakt\u0131r.\u201d Koku alma, di\u011fer duyular\u0131m\u0131z\u0131n yan\u0131nda \u201c\u00fcvey\u201d evlat muamelesi g\u00f6r\u00fcr. G\u00fcndelik rutinler a\u00e7\u0131s\u0131ndan d\u00fc\u015f\u00fcn\u00fcrsek, \u00f6rne\u011fin g\u00f6rmemenin daha b\u00fcy\u00fck engeller \u00e7\u0131karaca\u011f\u0131 a\u00e7\u0131kt\u0131r ku\u015fkusuz, fakat pandemi zamanlar\u0131ndan hat\u0131rlanaca\u011f\u0131 gibi koku duyusunun kayb\u0131 di\u011fer pek \u00e7ok problemin yan\u0131nda ciddi bir sorundu ama o kadar da \u00f6nemsenmedi. Anna D\u2019Errico\u2019nun M\u00fckemmel Duyu\u2019su bir yandan burnun \u00fcvey evlatl\u0131k stat\u00fcs\u00fcn\u00fc fiziksel yap\u0131s\u0131n\u0131 titizlikle ortaya koyarak tart\u0131\u015f\u0131yor. \u00d6te yandan burnun hat\u0131ralarla i\u00e7 i\u00e7eli\u011fine, tat ile ba\u011f\u0131na, s\u00f6zgelimi k\u0131zarm\u0131\u015f ekmek kokusunun ki\u015fiyi an\u0131larda \u00e7\u0131kard\u0131\u011f\u0131 yolculu\u011fa, o kokuyu bir mek\u00e2n veya olayla e\u015fle\u015ftirmeye de\u011finiyor. Kokunun toplumsal rol\u00fcn\u00fc de hesaba kat\u0131yor. K\u00f6t\u00fc ve ho\u015f kokulara ilgi duyan, kokular\u0131 neden duydu\u011fumuzu merak eden, koku bilimiyle ilk defa kar\u015f\u0131la\u015fan, belki de bir tutku ya da bir heves nedeniyle \u00f6ncesinde bu bilimle tan\u0131\u015fm\u0131\u015f ve daha fazlas\u0131n\u0131 \u00f6\u011frenmek isteyen herkese hitap eden bir inceleme.<\/p>\n","protected":false},"excerpt":{"rendered":"<p>\u201cSilinip gitmi\u015f ve en k\u00f6t\u00fc muameleye maruz kalm\u0131\u015f olan bu duyumuzun nas\u0131l ve hangi nedenle ayn\u0131 zamanda en mahrem ve en vah\u015fi duyu oldu\u011funu anlamak i\u00e7in<span class=\"excerpt-hellip\"> [\u2026]<\/span><\/p>\n","protected":false},"featured_media":0,"template":"","meta":{"_monsterinsights_skip_tracking":false,"_monsterinsights_sitenote_active":false,"_monsterinsights_sitenote_note":"","_monsterinsights_sitenote_category":0},"product_brand":[],"product_cat":[12365,12364],"product_tag":[],"class_list":{"0":"post-758621","1":"product","2":"type-product","3":"status-publish","5":"product_cat-diger-genel-konular","6":"product_cat-genel-konular","7":"pa_cilt-ciltsiz","8":"pa_tur-kitap","9":"pa_yayinevi-iletisim-yayinlari","10":"pa_yazar-anna-derrico","12":"first","13":"instock","14":"sale","15":"shipping-taxable","16":"purchasable","17":"product-type-simple"},"_links":{"self":[{"href":"https:\/\/roveyayinevi.com.tr\/index.php\/wp-json\/wp\/v2\/product\/758621","targetHints":{"allow":["GET"]}}],"collection":[{"href":"https:\/\/roveyayinevi.com.tr\/index.php\/wp-json\/wp\/v2\/product"}],"about":[{"href":"https:\/\/roveyayinevi.com.tr\/index.php\/wp-json\/wp\/v2\/types\/product"}],"wp:attachment":[{"href":"https:\/\/roveyayinevi.com.tr\/index.php\/wp-json\/wp\/v2\/media?parent=758621"}],"wp:term":[{"taxonomy":"product_brand","embeddable":true,"href":"https:\/\/roveyayinevi.com.tr\/index.php\/wp-json\/wp\/v2\/product_brand?post=758621"},{"taxonomy":"product_cat","embeddable":true,"href":"https:\/\/roveyayinevi.com.tr\/index.php\/wp-json\/wp\/v2\/product_cat?post=758621"},{"taxonomy":"product_tag","embeddable":true,"href":"https:\/\/roveyayinevi.com.tr\/index.php\/wp-json\/wp\/v2\/product_tag?post=758621"}],"curies":[{"name":"wp","href":"https:\/\/api.w.org\/{rel}","templated":true}]}}