{"id":758620,"date":"2025-08-28T08:10:00","date_gmt":"2025-08-28T05:10:00","guid":{"rendered":"https:\/\/roveyayinevi.com.tr\/index.php\/urun\/kohne\/"},"modified":"2026-04-16T03:11:43","modified_gmt":"2026-04-16T00:11:43","slug":"kohne","status":"publish","type":"product","link":"https:\/\/roveyayinevi.com.tr\/index.php\/urun\/kohne\/","title":{"rendered":"K\u00f6hne"},"content":{"rendered":"<p>\u201c\u0130nsanl\u0131k b\u00f6yle belli olur karde\u015fim. \u0130nsanl\u0131k k\u00fc\u00e7\u00fck \u015feylerin alt\u0131na saklan\u0131r. Sen ba\u015fka yerde arars\u0131n. G\u00f6z\u00fcn\u00fcn \u00f6n\u00fcndedir, g\u00f6rmezsin. Bakmas\u0131n\u0131 bilmezsen g\u00f6rmezsin tabii. \u0130nsanl\u0131\u011f\u0131 nerede arayaca\u011f\u0131n\u0131 bileceksin. Kim insan, kim de\u011fil bileceksin.\u201d K\u00fc\u00e7\u00fcklerin b\u00fcy\u00fcklerinin yan\u0131nda sigara i\u00e7emedi\u011fi, \u00f6n\u00fcne gelenden dayak yedi\u011fi, yeniyetmeyse azar i\u015fitti\u011fi bir Orta Anadolu k\u00f6y\u00fcnde i\u00e7 i\u00e7e ge\u00e7mi\u015f ya\u015famlar. Ankara, \u00f6n\u00fcnde sonunda gidilmesi gereken bir yer\u2026 Gecekondu evler, yoksullu\u011fun ge\u00e7it vermedi\u011fi hayaller, karn\u0131 doymayan bebekler, babalar\u0131n\u0131n kopyas\u0131 o\u011fullar, karde\u015flerini Kelo\u011flan masallar\u0131yla e\u011fleyen \u00e7ocuk anneler\u2026 Bir a\u011fac\u0131n k\u00f6kleri gibi birbirine dolanm\u0131\u015f aileler, akrabalar, kom\u015fular\u2026 K\u00f6hne, Ethem Baran\u2019\u0131n anlat\u0131mda ne denli mahir oldu\u011funu her sat\u0131r\u0131nda hat\u0131rlatan, ya\u015fam\u0131n dolamba\u00e7l\u0131 yollar\u0131nda gezinen, canl\u0131 ve sahici bir roman.<\/p>\n","protected":false},"excerpt":{"rendered":"<p>\u201c\u0130nsanl\u0131k b\u00f6yle belli olur karde\u015fim. \u0130nsanl\u0131k k\u00fc\u00e7\u00fck \u015feylerin alt\u0131na saklan\u0131r. Sen ba\u015fka yerde arars\u0131n. G\u00f6z\u00fcn\u00fcn \u00f6n\u00fcndedir, g\u00f6rmezsin. Bakmas\u0131n\u0131 bilmezsen g\u00f6rmezsin tabii. \u0130nsanl\u0131\u011f\u0131 nerede arayaca\u011f\u0131n\u0131 bileceksin. Kim<span class=\"excerpt-hellip\"> [\u2026]<\/span><\/p>\n","protected":false},"featured_media":0,"template":"","meta":{"_monsterinsights_skip_tracking":false,"_monsterinsights_sitenote_active":false,"_monsterinsights_sitenote_note":"","_monsterinsights_sitenote_category":0},"product_brand":[],"product_cat":[12291,12711],"product_tag":[],"class_list":{"0":"post-758620","1":"product","2":"type-product","3":"status-publish","5":"product_cat-edebiyat","6":"product_cat-roman-oyku","7":"pa_cilt-ciltsiz","8":"pa_tur-kitap","9":"pa_yayinevi-iletisim-yayinlari","10":"pa_yazar-ethem-baran","12":"first","13":"instock","14":"sale","15":"shipping-taxable","16":"purchasable","17":"product-type-simple"},"_links":{"self":[{"href":"https:\/\/roveyayinevi.com.tr\/index.php\/wp-json\/wp\/v2\/product\/758620","targetHints":{"allow":["GET"]}}],"collection":[{"href":"https:\/\/roveyayinevi.com.tr\/index.php\/wp-json\/wp\/v2\/product"}],"about":[{"href":"https:\/\/roveyayinevi.com.tr\/index.php\/wp-json\/wp\/v2\/types\/product"}],"wp:attachment":[{"href":"https:\/\/roveyayinevi.com.tr\/index.php\/wp-json\/wp\/v2\/media?parent=758620"}],"wp:term":[{"taxonomy":"product_brand","embeddable":true,"href":"https:\/\/roveyayinevi.com.tr\/index.php\/wp-json\/wp\/v2\/product_brand?post=758620"},{"taxonomy":"product_cat","embeddable":true,"href":"https:\/\/roveyayinevi.com.tr\/index.php\/wp-json\/wp\/v2\/product_cat?post=758620"},{"taxonomy":"product_tag","embeddable":true,"href":"https:\/\/roveyayinevi.com.tr\/index.php\/wp-json\/wp\/v2\/product_tag?post=758620"}],"curies":[{"name":"wp","href":"https:\/\/api.w.org\/{rel}","templated":true}]}}