{"id":758618,"date":"2025-08-28T08:09:57","date_gmt":"2025-08-28T05:09:57","guid":{"rendered":"https:\/\/roveyayinevi.com.tr\/index.php\/urun\/bizansin-kayip-dunyasi\/"},"modified":"2026-04-16T03:11:43","modified_gmt":"2026-04-16T00:11:43","slug":"bizansin-kayip-dunyasi","status":"publish","type":"product","link":"https:\/\/roveyayinevi.com.tr\/index.php\/urun\/bizansin-kayip-dunyasi\/","title":{"rendered":"Bizans&#8217;\u0131n Kay\u0131p D\u00fcnyas\u0131"},"content":{"rendered":"<p>Hayat\u0131n\u0131 Bizans\u2019a vakfetmi\u015f olan Jonathan Harris, bu yeni \u00e7al\u0131\u015fmas\u0131nda ne do\u011fuyla ne bat\u0131yla kal\u0131c\u0131 bir ittifak kurabilmi\u015f, hem do\u011fudan hem bat\u0131dan s\u0131k\u0131\u015ft\u0131r\u0131lm\u0131\u015f, her \u015feye ra\u011fmen bin y\u0131ldan uzun bir s\u00fcre ayakta kalabilmi\u015f bu benzersiz imparatorlu\u011fun \u201ckay\u0131p tarihini\u201d g\u00fcn y\u00fcz\u00fcne \u00e7\u0131karmaya \u00e7al\u0131\u015f\u0131yor. \u0130mparatorlar\u0131 ve sava\u015flar\u0131 oda\u011f\u0131na al\u0131p tarihsel bir \u00f6zetle yetinen \u00e7al\u0131\u015fmalar\u0131n aksine bu \u00e7al\u0131\u015fmada imparatorlu\u011fun toplumsal, siyasal, dinsel, k\u00fclt\u00fcrel ve sanatsal geli\u015fimine tan\u0131kl\u0131k ediyor, o b\u00fcy\u00fck miras kar\u015f\u0131s\u0131nda hayrete d\u00fc\u015f\u00fcyoruz. Bizans\u2019\u0131n Kay\u0131p D\u00fcnyas\u0131\u2019nda okur her yeni b\u00f6l\u00fcmle beraber tehlikeli simalara rastl\u0131yor, komplolara dahil oluyor, tekinsiz yerlere dal\u0131yor ve nihayet bu kay\u0131p tarihin seyri de\u011fi\u015fiyor.   \u201cBu ku\u015fa\u011f\u0131n en heyecan verici Bizans tarih\u00e7isinden son derece muteber bir okuma.\u201d \u2013Colin Wells, Sailing From Byzantium\u2019un yazar\u0131   \u201cB\u00fcy\u00fck bir \u015fevkle yazan Harris, \u00f6rnek olay ve anekdotlardan yola \u00e7\u0131k\u0131p m\u00fckemmel sonu\u00e7lara var\u0131yor.\u201d Shaun Tougher, The Reign of Leo VI kitab\u0131n\u0131n yazar\u0131<\/p>\n","protected":false},"excerpt":{"rendered":"<p>Hayat\u0131n\u0131 Bizans\u2019a vakfetmi\u015f olan Jonathan Harris, bu yeni \u00e7al\u0131\u015fmas\u0131nda ne do\u011fuyla ne bat\u0131yla kal\u0131c\u0131 bir ittifak kurabilmi\u015f, hem do\u011fudan hem bat\u0131dan s\u0131k\u0131\u015ft\u0131r\u0131lm\u0131\u015f, her \u015feye ra\u011fmen bin<span class=\"excerpt-hellip\"> [\u2026]<\/span><\/p>\n","protected":false},"featured_media":0,"template":"","meta":{"_monsterinsights_skip_tracking":false,"_monsterinsights_sitenote_active":false,"_monsterinsights_sitenote_note":"","_monsterinsights_sitenote_category":0},"product_brand":[],"product_cat":[12304],"product_tag":[],"class_list":{"0":"post-758618","1":"product","2":"type-product","3":"status-publish","5":"product_cat-tarih","6":"pa_cilt-ciltsiz","7":"pa_tur-kitap","8":"pa_yayinevi-alfa-yayinlari","9":"pa_yazar-jonathan-harris","11":"first","12":"instock","13":"sale","14":"shipping-taxable","15":"purchasable","16":"product-type-simple"},"_links":{"self":[{"href":"https:\/\/roveyayinevi.com.tr\/index.php\/wp-json\/wp\/v2\/product\/758618","targetHints":{"allow":["GET"]}}],"collection":[{"href":"https:\/\/roveyayinevi.com.tr\/index.php\/wp-json\/wp\/v2\/product"}],"about":[{"href":"https:\/\/roveyayinevi.com.tr\/index.php\/wp-json\/wp\/v2\/types\/product"}],"wp:attachment":[{"href":"https:\/\/roveyayinevi.com.tr\/index.php\/wp-json\/wp\/v2\/media?parent=758618"}],"wp:term":[{"taxonomy":"product_brand","embeddable":true,"href":"https:\/\/roveyayinevi.com.tr\/index.php\/wp-json\/wp\/v2\/product_brand?post=758618"},{"taxonomy":"product_cat","embeddable":true,"href":"https:\/\/roveyayinevi.com.tr\/index.php\/wp-json\/wp\/v2\/product_cat?post=758618"},{"taxonomy":"product_tag","embeddable":true,"href":"https:\/\/roveyayinevi.com.tr\/index.php\/wp-json\/wp\/v2\/product_tag?post=758618"}],"curies":[{"name":"wp","href":"https:\/\/api.w.org\/{rel}","templated":true}]}}