{"id":758615,"date":"2025-08-28T08:09:51","date_gmt":"2025-08-28T05:09:51","guid":{"rendered":"https:\/\/roveyayinevi.com.tr\/index.php\/urun\/kisa-oyku-ve-dilbilimsel-elestiri\/"},"modified":"2026-04-16T03:11:43","modified_gmt":"2026-04-16T00:11:43","slug":"kisa-oyku-ve-dilbilimsel-elestiri","status":"publish","type":"product","link":"https:\/\/roveyayinevi.com.tr\/index.php\/urun\/kisa-oyku-ve-dilbilimsel-elestiri\/","title":{"rendered":"K\u0131sa \u00d6yk\u00fc ve Dilbilimsel Ele\u015ftiri"},"content":{"rendered":"<p>\u00d6yk\u00fc yazarlar\u0131 \u00e7o\u011funlu\u011fun duyamad\u0131\u011f\u0131n\u0131 duyan ve okurlar\u0131na duyurabilen, \u00e7o\u011funlu\u011fun g\u00f6remedi\u011fini g\u00f6ren ve okurlar\u0131na g\u00f6sterebilen bireylerdir. \u00d6yk\u00fcler yazarlar\u0131n d\u00fc\u015flerini, duygular\u0131n\u0131, d\u00fc\u015f\u00fcncelerini ve g\u00f6zlemlerini okurlar\u0131yla dil arac\u0131l\u0131\u011f\u0131yla payla\u015fmalar\u0131n\u0131 sa\u011flayan sanatsal ileti\u015fim ortamlar\u0131d\u0131r. \u00d6yk\u00fc metninin derinliklerinde yazar taraf\u0131ndan tam olarak belirlenmi\u015f ve gizlenmi\u015f olan bilgiler bulunur. Bu bilgilerin anla\u015f\u0131labilmesi ve yorumlanabilmesi i\u00e7in gerekli olan t\u00fcm ipu\u00e7lar\u0131 metnin y\u00fczeyine serpi\u015ftirilmi\u015ftir asl\u0131nda. K\u0131sa \u00f6yk\u00fcler sanatsal metinlerdir. \u00d6yk\u00fcn\u00fcn ba\u015far\u0131s\u0131 yaz\u0131lmam\u0131\u015f ya da yaz\u0131lamam\u0131\u015f olanlar\u0131n, okuyucuya metnin derin yap\u0131s\u0131nda bulunan simgesel alt yap\u0131larla iletilmesindedir. Bu alt yap\u0131lar\u0131n i\u00e7inde okuyucu taraf\u0131ndan \u00e7\u00f6z\u00fclmesi gereken, onun zihninde bir dizi sorular olu\u015fturan kimi gizler sakl\u0131d\u0131r. Okuyucu bu sorular\u0131 yan\u0131tlarken, gizleri \u00e7\u00f6zerken yazar\u0131n \u201cyard\u0131mc\u0131 yarat\u0131c\u0131s\u0131\u201d ve \u00f6yk\u00fcdeki anlamlar\u0131n ortaya \u00e7\u0131kmas\u0131na yard\u0131m eden aktif kat\u0131l\u0131mc\u0131 konumundad\u0131r. Okuyucunun \u00f6yk\u00fcye kat\u0131l\u0131m\u0131 ve sezgisel tepkileri okur-merkezli bir ele\u015ftiridir asl\u0131nda. Yazar ise sanat\u0131n\u0131n getirdi\u011fi kimi s\u0131n\u0131rlar\u0131 bilen, sanat\u0131n\u0131n dar s\u0131n\u0131rlar\u0131 i\u00e7inde dil kullanma \u00f6zg\u00fcrl\u00fc\u011f\u00fcn\u00fc diledi\u011fince kullanma hakk\u0131na sahip bir sanat\u00e7\u0131\u2026 K\u0131sa \u00d6yk\u00fc ve Dilbilimsel Ele\u015ftiri dilbilimcilere, \u00f6yk\u00fc yazarlar\u0131na, edebiyat ele\u015ftirmenlerine, \u00fcniversitelerin dilbilimi ve edebiyat b\u00f6l\u00fcm\u00fc \u00f6\u011frencilerine, \u00f6\u011fretmenlere, edebiyat ve \u00f6yk\u00fc seven okurlara seslenmektedir. \u201cAysu Erden\u2019in kitab\u0131 terim karma\u015f\u0131kl\u0131klar\u0131n\u0131 ortadan kald\u0131rmak i\u00e7in adlama listesi de i\u00e7eriyor. K\u0131sa \u00f6yk\u00fc alan\u0131nda uygulanabilecek inceleme y\u00f6ntemlerini vermesi bak\u0131m\u0131ndan kitab\u0131 bu konularla ilgilenen herkesin, her \u00f6\u011frencinin, her \u00f6\u011fretmenin, her yazar\u0131n, her ele\u015ftirmenin okumas\u0131 gerekiyor.\u201d (Prof. Dr. \u00dcnsal \u00d6z\u00fcnl\u00fc: \u201cK\u0131sa \u00d6yk\u00fcn\u00fcn Uzun Ele\u015ftirisi Olabilir\u201d, Cumhuriyet Kitap, 15 Temmuz 1999) <\/p>\n","protected":false},"excerpt":{"rendered":"<p>\u00d6yk\u00fc yazarlar\u0131 \u00e7o\u011funlu\u011fun duyamad\u0131\u011f\u0131n\u0131 duyan ve okurlar\u0131na duyurabilen, \u00e7o\u011funlu\u011fun g\u00f6remedi\u011fini g\u00f6ren ve okurlar\u0131na g\u00f6sterebilen bireylerdir. \u00d6yk\u00fcler yazarlar\u0131n d\u00fc\u015flerini, duygular\u0131n\u0131, d\u00fc\u015f\u00fcncelerini ve g\u00f6zlemlerini okurlar\u0131yla dil arac\u0131l\u0131\u011f\u0131yla payla\u015fmalar\u0131n\u0131<span class=\"excerpt-hellip\"> [\u2026]<\/span><\/p>\n","protected":false},"featured_media":0,"template":"","meta":{"_monsterinsights_skip_tracking":false,"_monsterinsights_sitenote_active":false,"_monsterinsights_sitenote_note":"","_monsterinsights_sitenote_category":0},"product_brand":[],"product_cat":[13072,12291],"product_tag":[],"class_list":{"0":"post-758615","1":"product","2":"type-product","3":"status-publish","5":"product_cat-arastirma-inceleme-referans","6":"product_cat-edebiyat","7":"pa_cilt-ciltsiz","8":"pa_tur-kitap","9":"pa_yayinevi-bilge-kultur-sanat","10":"pa_yazar-aysu-erden","12":"first","13":"instock","14":"sale","15":"shipping-taxable","16":"purchasable","17":"product-type-simple"},"_links":{"self":[{"href":"https:\/\/roveyayinevi.com.tr\/index.php\/wp-json\/wp\/v2\/product\/758615","targetHints":{"allow":["GET"]}}],"collection":[{"href":"https:\/\/roveyayinevi.com.tr\/index.php\/wp-json\/wp\/v2\/product"}],"about":[{"href":"https:\/\/roveyayinevi.com.tr\/index.php\/wp-json\/wp\/v2\/types\/product"}],"wp:attachment":[{"href":"https:\/\/roveyayinevi.com.tr\/index.php\/wp-json\/wp\/v2\/media?parent=758615"}],"wp:term":[{"taxonomy":"product_brand","embeddable":true,"href":"https:\/\/roveyayinevi.com.tr\/index.php\/wp-json\/wp\/v2\/product_brand?post=758615"},{"taxonomy":"product_cat","embeddable":true,"href":"https:\/\/roveyayinevi.com.tr\/index.php\/wp-json\/wp\/v2\/product_cat?post=758615"},{"taxonomy":"product_tag","embeddable":true,"href":"https:\/\/roveyayinevi.com.tr\/index.php\/wp-json\/wp\/v2\/product_tag?post=758615"}],"curies":[{"name":"wp","href":"https:\/\/api.w.org\/{rel}","templated":true}]}}