{"id":758614,"date":"2025-08-28T08:09:49","date_gmt":"2025-08-28T05:09:49","guid":{"rendered":"https:\/\/roveyayinevi.com.tr\/index.php\/urun\/kuzeyin-efendileri-son-krallik-serisi-3-kitap\/"},"modified":"2026-04-16T03:11:43","modified_gmt":"2026-04-16T00:11:43","slug":"kuzeyin-efendileri-son-krallik-serisi-3-kitap","status":"publish","type":"product","link":"https:\/\/roveyayinevi.com.tr\/index.php\/urun\/kuzeyin-efendileri-son-krallik-serisi-3-kitap\/","title":{"rendered":"Kuzeyin Efendileri \/ Son Krall\u0131k Serisi 3. Kitap"},"content":{"rendered":"<p>\u201cDavam bunu gerektiriyordu. Kan davas\u0131 be\u015f y\u0131l \u00f6nce Kjartan ve adamlar\u0131n\u0131n gece vakti Kont Ragnar\u2019\u0131n salonuna gelmesiyle ba\u015flam\u0131\u015ft\u0131. Salonu yakm\u0131\u015flar ve alevlerden ka\u00e7maya \u00e7al\u0131\u015fan halk\u0131 \u00f6ld\u00fcrm\u00fc\u015flerdi. Beni Ragnar yeti\u015ftirmi\u015fti. Onu bir baba gibi sevmi\u015ftim ve \u00f6ld\u00fcr\u00fclmesinin intikam\u0131 al\u0131nmam\u0131\u015ft\u0131. Bir o\u011flu vard\u0131, onun da ad\u0131 Ragnar\u2019d\u0131 ama Gen\u00e7 Ragnar intikam alamazd\u0131 \u00e7\u00fcnk\u00fc art\u0131k Wessex\u2019te rehineydi. Bu y\u00fczden kuzeye gidecek, Kjartan\u2019\u0131 bulacak ve onu \u00f6ld\u00fcrecektim.\u201d Y\u0131l 878 ve Wessex art\u0131k Vikinglerin h\u00fckm\u00fcnde de\u011fil. B\u00fcy\u00fck Alfred\u2019in bu sava\u015f\u0131 kazanmas\u0131 i\u00e7in onun yan\u0131nda olan Uhtred, art\u0131k kral\u0131n ba\u011fnazl\u0131\u011f\u0131ndan ve c\u00f6mert olmayan davran\u0131\u015flar\u0131ndan bunalm\u0131\u015ft\u0131r. Bunun \u00fczerine Uhtred, en az\u0131l\u0131 d\u00fc\u015fman\u0131 Danimarkal\u0131 Lord Kjartan taraf\u0131ndan \u00f6ld\u00fcr\u00fclen \u00fcvey babas\u0131n\u0131n intikam\u0131n\u0131 almak ve k\u0131z karde\u015fini kurtarmak i\u00e7in bir grup adamla birlikte kuzeye yolculuk etmek i\u00e7in Wessex\u2019ten ka\u00e7ar. Ancak kuzey kaos, isyan ve kanla doludur. \u0130ntikam\u0131n\u0131 planlayan Uhtred, bu yolda ihanete u\u011frar. Dostlar\u0131 ve m\u00fcttefikleri onu kurtarmak i\u00e7in birle\u015fmeli ve \u0130ngiltere i\u00e7in bir kez daha sava\u015fmal\u0131d\u0131r. Serinin \u00fc\u00e7\u00fcnc\u00fc kitab\u0131 olan Kuzeyin Efendileri g\u00fc\u00e7l\u00fc bir ihanet, romantizm ve m\u00fccadele hik\u00e2yesidir.<\/p>\n","protected":false},"excerpt":{"rendered":"<p>\u201cDavam bunu gerektiriyordu. Kan davas\u0131 be\u015f y\u0131l \u00f6nce Kjartan ve adamlar\u0131n\u0131n gece vakti Kont Ragnar\u2019\u0131n salonuna gelmesiyle ba\u015flam\u0131\u015ft\u0131. Salonu yakm\u0131\u015flar ve alevlerden ka\u00e7maya \u00e7al\u0131\u015fan halk\u0131 \u00f6ld\u00fcrm\u00fc\u015flerdi.<span class=\"excerpt-hellip\"> [\u2026]<\/span><\/p>\n","protected":false},"featured_media":0,"template":"","meta":{"_monsterinsights_skip_tracking":false,"_monsterinsights_sitenote_active":false,"_monsterinsights_sitenote_note":"","_monsterinsights_sitenote_category":0},"product_brand":[],"product_cat":[12291,12711],"product_tag":[],"class_list":{"0":"post-758614","1":"product","2":"type-product","3":"status-publish","5":"product_cat-edebiyat","6":"product_cat-roman-oyku","7":"pa_cilt-ciltsiz","8":"pa_tur-kitap","9":"pa_yayinevi-artemis-yayinlari","10":"pa_yazar-bernard-cornwell","12":"first","13":"instock","14":"sale","15":"shipping-taxable","16":"purchasable","17":"product-type-simple"},"_links":{"self":[{"href":"https:\/\/roveyayinevi.com.tr\/index.php\/wp-json\/wp\/v2\/product\/758614","targetHints":{"allow":["GET"]}}],"collection":[{"href":"https:\/\/roveyayinevi.com.tr\/index.php\/wp-json\/wp\/v2\/product"}],"about":[{"href":"https:\/\/roveyayinevi.com.tr\/index.php\/wp-json\/wp\/v2\/types\/product"}],"wp:attachment":[{"href":"https:\/\/roveyayinevi.com.tr\/index.php\/wp-json\/wp\/v2\/media?parent=758614"}],"wp:term":[{"taxonomy":"product_brand","embeddable":true,"href":"https:\/\/roveyayinevi.com.tr\/index.php\/wp-json\/wp\/v2\/product_brand?post=758614"},{"taxonomy":"product_cat","embeddable":true,"href":"https:\/\/roveyayinevi.com.tr\/index.php\/wp-json\/wp\/v2\/product_cat?post=758614"},{"taxonomy":"product_tag","embeddable":true,"href":"https:\/\/roveyayinevi.com.tr\/index.php\/wp-json\/wp\/v2\/product_tag?post=758614"}],"curies":[{"name":"wp","href":"https:\/\/api.w.org\/{rel}","templated":true}]}}