{"id":758611,"date":"2025-08-28T08:09:44","date_gmt":"2025-08-28T05:09:44","guid":{"rendered":"https:\/\/roveyayinevi.com.tr\/index.php\/urun\/yonetim-ve-organizasyon-calismalari\/"},"modified":"2026-04-16T03:11:43","modified_gmt":"2026-04-16T00:11:43","slug":"yonetim-ve-organizasyon-calismalari","status":"publish","type":"product","link":"https:\/\/roveyayinevi.com.tr\/index.php\/urun\/yonetim-ve-organizasyon-calismalari\/","title":{"rendered":"Y\u00f6netim Ve Organizasyon \u00c7al\u0131\u015fmalar\u0131"},"content":{"rendered":"<p>\u0130\u00e7indekiler :   1. B\u00d6L\u00dcM: REKABET STRATEJ\u0130LER\u0130   2. B\u00d6L\u00dcM: KR\u0130Z Y\u00d6NET\u0130M\u0130   3. B\u00d6L\u00dcM: ENTELEKT\u00dcEL SERMAYE   4. B\u00d6L\u00dcM: S\u0130BER ZORBALIK   5. B\u00d6L\u00dcM: KAPSAYICI L\u0130DERL\u0130K   6. B\u00d6L\u00dcM: ALGILANAN \u00d6RG\u00dcTSEL DESTEK   7. B\u00d6L\u00dcM: T\u00dcKENM\u0130\u015eL\u0130K   8. B\u00d6L\u00dcM: \u00d6RG\u00dcTSEL SESS\u0130ZL\u0130K   9. B\u00d6L\u00dcM: \u00d6RG\u00dcTSEL ADALET <\/p>\n","protected":false},"excerpt":{"rendered":"<p>\u0130\u00e7indekiler : 1. B\u00d6L\u00dcM: REKABET STRATEJ\u0130LER\u0130 2. B\u00d6L\u00dcM: KR\u0130Z Y\u00d6NET\u0130M\u0130 3. B\u00d6L\u00dcM: ENTELEKT\u00dcEL SERMAYE 4. B\u00d6L\u00dcM: S\u0130BER ZORBALIK 5. B\u00d6L\u00dcM: KAPSAYICI L\u0130DERL\u0130K 6. B\u00d6L\u00dcM: ALGILANAN \u00d6RG\u00dcTSEL<span class=\"excerpt-hellip\"> [\u2026]<\/span><\/p>\n","protected":false},"featured_media":0,"template":"","meta":{"_monsterinsights_skip_tracking":false,"_monsterinsights_sitenote_active":false,"_monsterinsights_sitenote_note":"","_monsterinsights_sitenote_category":0},"product_brand":[],"product_cat":[13043],"product_tag":[],"class_list":{"0":"post-758611","1":"product","2":"type-product","3":"status-publish","5":"product_cat-ekonomi","6":"pa_cilt-ciltsiz","7":"pa_tur-kitap","8":"pa_yayinevi-gazi-kitabevi","9":"pa_yazar-kolektif","11":"first","12":"instock","13":"sale","14":"shipping-taxable","15":"purchasable","16":"product-type-simple"},"_links":{"self":[{"href":"https:\/\/roveyayinevi.com.tr\/index.php\/wp-json\/wp\/v2\/product\/758611","targetHints":{"allow":["GET"]}}],"collection":[{"href":"https:\/\/roveyayinevi.com.tr\/index.php\/wp-json\/wp\/v2\/product"}],"about":[{"href":"https:\/\/roveyayinevi.com.tr\/index.php\/wp-json\/wp\/v2\/types\/product"}],"wp:attachment":[{"href":"https:\/\/roveyayinevi.com.tr\/index.php\/wp-json\/wp\/v2\/media?parent=758611"}],"wp:term":[{"taxonomy":"product_brand","embeddable":true,"href":"https:\/\/roveyayinevi.com.tr\/index.php\/wp-json\/wp\/v2\/product_brand?post=758611"},{"taxonomy":"product_cat","embeddable":true,"href":"https:\/\/roveyayinevi.com.tr\/index.php\/wp-json\/wp\/v2\/product_cat?post=758611"},{"taxonomy":"product_tag","embeddable":true,"href":"https:\/\/roveyayinevi.com.tr\/index.php\/wp-json\/wp\/v2\/product_tag?post=758611"}],"curies":[{"name":"wp","href":"https:\/\/api.w.org\/{rel}","templated":true}]}}