{"id":758610,"date":"2025-08-28T08:09:43","date_gmt":"2025-08-28T05:09:43","guid":{"rendered":"https:\/\/roveyayinevi.com.tr\/index.php\/urun\/ingiliz-basininda-27-mayis-1960-askeri-darbesi-ve-yassiada-yargilamalari\/"},"modified":"2026-02-23T12:26:05","modified_gmt":"2026-02-23T09:26:05","slug":"ingiliz-basininda-27-mayis-1960-askeri-darbesi-ve-yassiada-yargilamalari","status":"publish","type":"product","link":"https:\/\/roveyayinevi.com.tr\/index.php\/urun\/ingiliz-basininda-27-mayis-1960-askeri-darbesi-ve-yassiada-yargilamalari\/","title":{"rendered":"\u0130ngiliz Bas\u0131n\u0131nda 27 May\u0131s 1960 Askeri Darbesi Ve Yass\u0131ada Yarg\u0131lamalar\u0131"},"content":{"rendered":"<p>\u0130\u00e7indekiler :     B\u0130R\u0130NC\u0130 B\u00d6L\u00dcM : 27 MAYIS 1960 ASKER\u0130 DARBES\u0130\u2019NE G\u0130DEN S\u00dcRE\u00c7   \u0130K\u0130NC\u0130 B\u00d6L\u00dcM : \u0130NG\u0130L\u0130Z BASININDA 27 MAYIS 1960 ASKER\u0130 DARBES\u0130   \u00dc\u00c7\u00dcNC\u00dc B\u00d6L\u00dcM : \u0130NG\u0130L\u0130Z BASININDA YASSIADA YARGILAMALARI <\/p>\n","protected":false},"excerpt":{"rendered":"<p>\u0130\u00e7indekiler : B\u0130R\u0130NC\u0130 B\u00d6L\u00dcM : 27 MAYIS 1960 ASKER\u0130 DARBES\u0130\u2019NE G\u0130DEN S\u00dcRE\u00c7 \u0130K\u0130NC\u0130 B\u00d6L\u00dcM : \u0130NG\u0130L\u0130Z BASININDA 27 MAYIS 1960 ASKER\u0130 DARBES\u0130 \u00dc\u00c7\u00dcNC\u00dc B\u00d6L\u00dcM : \u0130NG\u0130L\u0130Z<span class=\"excerpt-hellip\"> [\u2026]<\/span><\/p>\n","protected":false},"featured_media":0,"template":"","meta":{"_monsterinsights_skip_tracking":false,"_monsterinsights_sitenote_active":false,"_monsterinsights_sitenote_note":"","_monsterinsights_sitenote_category":0},"product_brand":[],"product_cat":[12304],"product_tag":[],"class_list":{"0":"post-758610","1":"product","2":"type-product","3":"status-publish","5":"product_cat-tarih","6":"pa_cilt-ciltsiz","7":"pa_tur-kitap","8":"pa_yayinevi-gazi-kitabevi","9":"pa_yazar-merve-demir","11":"first","12":"instock","13":"sale","14":"shipping-taxable","15":"purchasable","16":"product-type-simple"},"_links":{"self":[{"href":"https:\/\/roveyayinevi.com.tr\/index.php\/wp-json\/wp\/v2\/product\/758610","targetHints":{"allow":["GET"]}}],"collection":[{"href":"https:\/\/roveyayinevi.com.tr\/index.php\/wp-json\/wp\/v2\/product"}],"about":[{"href":"https:\/\/roveyayinevi.com.tr\/index.php\/wp-json\/wp\/v2\/types\/product"}],"wp:attachment":[{"href":"https:\/\/roveyayinevi.com.tr\/index.php\/wp-json\/wp\/v2\/media?parent=758610"}],"wp:term":[{"taxonomy":"product_brand","embeddable":true,"href":"https:\/\/roveyayinevi.com.tr\/index.php\/wp-json\/wp\/v2\/product_brand?post=758610"},{"taxonomy":"product_cat","embeddable":true,"href":"https:\/\/roveyayinevi.com.tr\/index.php\/wp-json\/wp\/v2\/product_cat?post=758610"},{"taxonomy":"product_tag","embeddable":true,"href":"https:\/\/roveyayinevi.com.tr\/index.php\/wp-json\/wp\/v2\/product_tag?post=758610"}],"curies":[{"name":"wp","href":"https:\/\/api.w.org\/{rel}","templated":true}]}}