{"id":758608,"date":"2025-08-28T08:09:40","date_gmt":"2025-08-28T05:09:40","guid":{"rendered":"https:\/\/roveyayinevi.com.tr\/index.php\/urun\/sabahattin-ali-butun-siirleri-ses-hikayeler\/"},"modified":"2026-04-16T03:11:42","modified_gmt":"2026-04-16T00:11:42","slug":"sabahattin-ali-butun-siirleri-ses-hikayeler","status":"publish","type":"product","link":"https:\/\/roveyayinevi.com.tr\/index.php\/urun\/sabahattin-ali-butun-siirleri-ses-hikayeler\/","title":{"rendered":"Sabahattin Ali-B\u00fct\u00fcn \u015eiirleri-Ses-Hikayeler"},"content":{"rendered":"<p>\u00abBeni en g\u00fczel g\u00fcn\u00fcmde   Sebepsiz bir keder al\u0131r.   B\u00fct\u00fcn \u00f6mr\u00fcm\u00fcn beynimde                Ac\u0131 bir tortusu kal\u0131r\u2026\u00bb   Sabahattin Ali ismi ge\u00e7ti\u011finde, 41 y\u0131ll\u0131k k\u0131sa bir \u00f6m\u00fcr, bu k\u0131sa \u00f6mre s\u0131\u011fd\u0131r\u0131lm\u0131\u015f birbirinden de\u011ferli romanlar ve hikayeler ve bir de h\u00e2l\u00e2 \u00e7\u00f6z\u00fclemeyen s\u0131r dolu veda belirir zihnimizde. Sonra, Kuyucakl\u0131 Yusuf\u2019tan, K\u00fcrk Mantolu Madonna\u2019ya gider akl\u0131m\u0131z, Gramofon Avrat al\u0131r sahneyi, ard\u0131ndan Hanende Melek, Arabalar Be\u015f Kuru\u015fa, Ses, Ka\u011fn\u0131, S\u0131r\u00e7a K\u00f6\u015fk\u2026 uzar gider bu liste, hakk\u0131n\u0131 teslim etmemize bir faydas\u0131 dokunur zann\u0131yla. Ya, \u201cD\u00f6nd\u00fcm daldan kopan kuru yapra\u011fa\u201d t\u00fcrk\u00fcs\u00fcn\u00fc duydu\u011fumuzda, \u201cBurda \u00e7i\u00e7ekler a\u00e7m\u0131yor\u201du, \u201cBa\u015f\u0131m da\u011f, sa\u00e7lar\u0131m kard\u0131r,\u201d \u015fark\u0131s\u0131n\u0131, \u201cBa\u015f\u0131n\u0131 g\u00f6\u011fs\u00fcme sakla sevgilim,\/G\u00fczel sa\u00e7lar\u0131nda dola\u015fs\u0131n elim.\u201di, \u201cBeni en g\u00fczel g\u00fcn\u00fcmde\/Sebepsiz bir keder al\u0131r.\u201d\u0131, ya da \u201cBa\u015f\u0131n \u00f6ne e\u011filmesin\u201di, veya \u201cSeneler s\u00fcrer her g\u00fcn\u00fcm,\/Yaln\u0131z gitmekten yorgunum.\u201du, duydu\u011fumuzda, Sabahattin Ali\u2019yi yad etmez miyiz? Roman ve hikayeleri ile edebiyat\u0131m\u0131zda kendine \u00f6zg\u00fc bir tarz olu\u015fturan Sabahattin Ali, baz\u0131lar\u0131n\u0131 sayd\u0131\u011f\u0131m\u0131z birbirinden duygulu \u015fiirleri ve onlardan yap\u0131lan bestelerle de hem g\u00f6nl\u00fcm\u00fczde ve hem de dilimizde, bir faniye kolay kolay k\u0131smet olmayacak, nevi \u015fahs\u0131na m\u00fcnhas\u0131r, m\u00fcstesna bir yer edinmi\u015f, kendisi her ne kadar, mektuplar\u0131n\u0131n birinde; \u201c\u2026 Ben bu \u015fiirleri kitap halinde \u00e7\u0131karmamal\u0131 idim\u2026\u201d deyip pi\u015fman olsa da. Zaten bu duygusunun neticesi olsa gerek, 1934 y\u0131l\u0131nda \u00e7\u0131kan, \u201cDa\u011flar ve R\u00fczg\u00e2r\u201d adl\u0131 kitab\u0131ndan sonra, \u015fiirlerini kitapla\u015ft\u0131rmam\u0131\u015ft\u0131r.  Matru\u015fka Kitaplar serimizin bu d\u00f6rd\u00fcnc\u00fc kitab\u0131 ile Sabahattin Ali\u2019ye bir sayg\u0131 duru\u015funda bulunuyor ve \u201cTerkib-i Bend\u201d hari\u00e7, B\u00fct\u00fcn \u015eiirleri\u2019ni ve i\u00e7inde \u201cD\u00f6nd\u00fcm daldan kopan kuru yapra\u011fa\u201d m\u0131sralar\u0131 ile dilimize pelesenk olmu\u015f \u015fiiri de bar\u0131nd\u0131ran \u00abSes\u00bb adl\u0131 hikayenin de yer ald\u0131\u011f\u0131, hikaye kitab\u0131n\u0131, tek bir kitap olarak okuyucunun be\u011fenisine sunuyor ve yine bir \u201cilk\u201de imza at\u0131yoruz. Edit\u00f6rl\u00fc\u011f\u00fcn\u00fc K\u00fclt\u00fcr ve Turizm Bakanl\u0131\u011f\u0131 Halk \u015eairi ve yay\u0131nevimiz yazar\u0131 Hakan Karc\u0131\u2019n\u0131n yapt\u0131\u011f\u0131 \u201cMatru\u015fka Kitaplar-Bir Kitap, \u0130ki Eser\u201d serisi, Sabahattin Ali, \u201cB\u00fct\u00fcn \u015eiirleri\/Ses-Hikayeler\u201d  kitab\u0131yla, do\u011fru rota ile yeni ufuklara yol almaya devam ediyor. <\/p>\n","protected":false},"excerpt":{"rendered":"<p>\u00abBeni en g\u00fczel g\u00fcn\u00fcmde Sebepsiz bir keder al\u0131r. B\u00fct\u00fcn \u00f6mr\u00fcm\u00fcn beynimde Ac\u0131 bir tortusu kal\u0131r\u2026\u00bb Sabahattin Ali ismi ge\u00e7ti\u011finde, 41 y\u0131ll\u0131k k\u0131sa bir \u00f6m\u00fcr, bu k\u0131sa<span class=\"excerpt-hellip\"> [\u2026]<\/span><\/p>\n","protected":false},"featured_media":0,"template":"","meta":{"_monsterinsights_skip_tracking":false,"_monsterinsights_sitenote_active":false,"_monsterinsights_sitenote_note":"","_monsterinsights_sitenote_category":0},"product_brand":[],"product_cat":[12291,12509],"product_tag":[],"class_list":{"0":"post-758608","1":"product","2":"type-product","3":"status-publish","5":"product_cat-edebiyat","6":"product_cat-siir","7":"pa_cilt-ciltsiz","8":"pa_tur-kitap","9":"pa_yayinevi-kaptan-kitap","10":"pa_yazar-sabahattin-ali","12":"first","13":"instock","14":"sale","15":"shipping-taxable","16":"purchasable","17":"product-type-simple"},"_links":{"self":[{"href":"https:\/\/roveyayinevi.com.tr\/index.php\/wp-json\/wp\/v2\/product\/758608","targetHints":{"allow":["GET"]}}],"collection":[{"href":"https:\/\/roveyayinevi.com.tr\/index.php\/wp-json\/wp\/v2\/product"}],"about":[{"href":"https:\/\/roveyayinevi.com.tr\/index.php\/wp-json\/wp\/v2\/types\/product"}],"wp:attachment":[{"href":"https:\/\/roveyayinevi.com.tr\/index.php\/wp-json\/wp\/v2\/media?parent=758608"}],"wp:term":[{"taxonomy":"product_brand","embeddable":true,"href":"https:\/\/roveyayinevi.com.tr\/index.php\/wp-json\/wp\/v2\/product_brand?post=758608"},{"taxonomy":"product_cat","embeddable":true,"href":"https:\/\/roveyayinevi.com.tr\/index.php\/wp-json\/wp\/v2\/product_cat?post=758608"},{"taxonomy":"product_tag","embeddable":true,"href":"https:\/\/roveyayinevi.com.tr\/index.php\/wp-json\/wp\/v2\/product_tag?post=758608"}],"curies":[{"name":"wp","href":"https:\/\/api.w.org\/{rel}","templated":true}]}}