{"id":758605,"date":"2025-08-28T08:09:35","date_gmt":"2025-08-28T05:09:35","guid":{"rendered":"https:\/\/roveyayinevi.com.tr\/index.php\/urun\/canak-enginar-hasanaga-ciltli\/"},"modified":"2026-04-16T03:11:42","modified_gmt":"2026-04-16T00:11:42","slug":"canak-enginar-hasanaga-ciltli","status":"publish","type":"product","link":"https:\/\/roveyayinevi.com.tr\/index.php\/urun\/canak-enginar-hasanaga-ciltli\/","title":{"rendered":"\u00c7anak Enginar Hasana\u011fa (Ciltli)"},"content":{"rendered":"<p>Gerek b\u00fcy\u00fckl\u00fc\u011f\u00fc, gerekse lezzetiyle di\u011fer b\u00f6lgelerde yeti\u015ftirilen enginarlardan farkl\u0131 olan Hasana\u011fa enginar\u0131, Nil\u00fcfer Belediyesi \u00f6nc\u00fcl\u00fc\u011f\u00fcnde 2020 y\u0131l\u0131nda Co\u011frafi \u0130\u015faret ald\u0131. Bursa halk k\u00fclt\u00fcr\u00fc ve tarihi hakk\u0131ndaki \u00e7al\u0131\u015fmalar, enginar\u0131n Bursa ili ve Hasana\u011fa Mahallesi i\u00e7in ayr\u0131 bir ekonomik anlam ta\u015f\u0131d\u0131\u011f\u0131n\u0131 g\u00f6steriyor. Enginar\u0131n Hasana\u011fa&#8217;ya geli\u015finin \u00e7ok eskilere dayanmad\u0131\u011f\u0131 d\u00fc\u015f\u00fcn\u00fclse de Uluabat G\u00f6l\u00fc \u00e7evresinde yap\u0131lan arkeolojik kaz\u0131larda ortaya \u00e7\u0131kar\u0131lan, M\u00d6 350 y\u0131l\u0131na ait sikkelerde, g\u00f6lden elde edilen kerevitler ile &#8220;enginar&#8221; resimleri de bulundu.\u015eef Aydan \u00dcstkanat, ikinci enginar kitab\u0131 \u00c7anak Enginar Hasana\u011fa&#8217;da y\u0131llarca biriktirdi\u011fi \u00e7anak enginarl\u0131 tarif ar\u015fivini okurla bulu\u015fturuyor. Bu de\u011ferli \u00e7al\u0131\u015fman\u0131n buram buram vatan lezzetleri kokan sayfalar\u0131, \u00f6ncelikle Hasana\u011fa enginar\u0131n\u0131n temellerinin at\u0131ld\u0131\u011f\u0131 yerin ilk sahibini, Hasan Dede&#8217;yi konuk ediyor. Ard\u0131ndan bu \u00f6zel enginarla yap\u0131lan birbirinden lezzetli ve ufuk a\u00e7\u0131c\u0131 tariflere yer veriyor.<\/p>\n","protected":false},"excerpt":{"rendered":"<p>Gerek b\u00fcy\u00fckl\u00fc\u011f\u00fc, gerekse lezzetiyle di\u011fer b\u00f6lgelerde yeti\u015ftirilen enginarlardan farkl\u0131 olan Hasana\u011fa enginar\u0131, Nil\u00fcfer Belediyesi \u00f6nc\u00fcl\u00fc\u011f\u00fcnde 2020 y\u0131l\u0131nda Co\u011frafi \u0130\u015faret ald\u0131. Bursa halk k\u00fclt\u00fcr\u00fc ve tarihi hakk\u0131ndaki<span class=\"excerpt-hellip\"> [\u2026]<\/span><\/p>\n","protected":false},"featured_media":0,"template":"","meta":{"_monsterinsights_skip_tracking":false,"_monsterinsights_sitenote_active":false,"_monsterinsights_sitenote_note":"","_monsterinsights_sitenote_category":0},"product_brand":[],"product_cat":[22706,12457],"product_tag":[],"class_list":{"0":"post-758605","1":"product","2":"type-product","3":"status-publish","5":"product_cat-dunya-mutfagi","6":"product_cat-yemek-kitaplari","7":"pa_cilt-ciltli","8":"pa_tur-kitap","9":"pa_yayinevi-altin-kitaplar","10":"pa_yazar-aydan-ustkanat","12":"first","13":"instock","14":"sale","15":"shipping-taxable","16":"purchasable","17":"product-type-simple"},"_links":{"self":[{"href":"https:\/\/roveyayinevi.com.tr\/index.php\/wp-json\/wp\/v2\/product\/758605","targetHints":{"allow":["GET"]}}],"collection":[{"href":"https:\/\/roveyayinevi.com.tr\/index.php\/wp-json\/wp\/v2\/product"}],"about":[{"href":"https:\/\/roveyayinevi.com.tr\/index.php\/wp-json\/wp\/v2\/types\/product"}],"wp:attachment":[{"href":"https:\/\/roveyayinevi.com.tr\/index.php\/wp-json\/wp\/v2\/media?parent=758605"}],"wp:term":[{"taxonomy":"product_brand","embeddable":true,"href":"https:\/\/roveyayinevi.com.tr\/index.php\/wp-json\/wp\/v2\/product_brand?post=758605"},{"taxonomy":"product_cat","embeddable":true,"href":"https:\/\/roveyayinevi.com.tr\/index.php\/wp-json\/wp\/v2\/product_cat?post=758605"},{"taxonomy":"product_tag","embeddable":true,"href":"https:\/\/roveyayinevi.com.tr\/index.php\/wp-json\/wp\/v2\/product_tag?post=758605"}],"curies":[{"name":"wp","href":"https:\/\/api.w.org\/{rel}","templated":true}]}}