{"id":758604,"date":"2025-08-28T08:09:34","date_gmt":"2025-08-28T05:09:34","guid":{"rendered":"https:\/\/roveyayinevi.com.tr\/index.php\/urun\/beethoven-muzigin-ozani\/"},"modified":"2026-04-16T03:11:42","modified_gmt":"2026-04-16T00:11:42","slug":"beethoven-muzigin-ozani","status":"publish","type":"product","link":"https:\/\/roveyayinevi.com.tr\/index.php\/urun\/beethoven-muzigin-ozani\/","title":{"rendered":"Beethoven M\u00fczi\u011fin Ozan\u0131"},"content":{"rendered":"<p>Ludwig van Beethoven\u2019\u0131n m\u00fczik hayat\u0131 1780\u2019lerde, Almanya\u2019da, ailesini ge\u00e7indirmek i\u00e7in saray orkestras\u0131nda viyola \u00e7almas\u0131yla ba\u015flam\u0131\u015ft\u0131. Mutsuz ve \u00f6fkeli babas\u0131n\u0131n evde yaratt\u0131\u011f\u0131 kasvetli havay\u0131, en \u00e7ok karde\u015fi Karl\u2019la, Ren Nehri k\u0131y\u0131s\u0131nda zaman ge\u00e7irerek k\u0131r\u0131yordu. Giderek yitirdi\u011fi i\u015fitme yetisine ra\u011fmen, m\u00fczi\u011fini do\u011faya duydu\u011fu sevgiyle bestelemek ve b\u00fcy\u00fck kitlelere eri\u015filir hale getirmek istiyordu. Sarayda ya da birinin emri alt\u0131nda de\u011fil, halk\u0131n i\u00e7inde, herkes gibi ya\u015fayarak yapacakt\u0131 bunu. \u00c7\u00fcnk\u00fc Beethoven\u2019a g\u00f6re m\u00fczik, soludu\u011fumuz hava kadar do\u011fald\u0131 ve herkes i\u00e7indi.   Klasik Bat\u0131 M\u00fczi\u011fi\u2019nin \u00f6nemli bestecilerinin ya\u015famlar\u0131n\u0131 2006\u2019dan bu yana \u00e7ocuklar i\u00e7in romanla\u015ft\u0131ran yazar, viyola sanat\u00e7\u0131s\u0131 ve akademisyen G\u00f6knil \u00d6zk\u00f6k, bu kez do\u011fan\u0131n sesini, renklerini, bi\u00e7imlerini, kokular\u0131n\u0131 m\u00fczikle anlatmay\u0131 hayat\u0131n\u0131n amac\u0131 olarak g\u00f6ren; aksi mizac\u0131n\u0131n ard\u0131nda y\u00fcre\u011fi merhametle \u00e7arpan, \u00e7a\u011flara ilham olmu\u015f bir ozan\u0131n, Ludwig van Beethoven\u2019in ya\u015fam\u0131n\u0131 kaleme al\u0131yor. <\/p>\n","protected":false},"excerpt":{"rendered":"<p>Ludwig van Beethoven\u2019\u0131n m\u00fczik hayat\u0131 1780\u2019lerde, Almanya\u2019da, ailesini ge\u00e7indirmek i\u00e7in saray orkestras\u0131nda viyola \u00e7almas\u0131yla ba\u015flam\u0131\u015ft\u0131. Mutsuz ve \u00f6fkeli babas\u0131n\u0131n evde yaratt\u0131\u011f\u0131 kasvetli havay\u0131, en \u00e7ok karde\u015fi<span class=\"excerpt-hellip\"> [\u2026]<\/span><\/p>\n","protected":false},"featured_media":0,"template":"","meta":{"_monsterinsights_skip_tracking":false,"_monsterinsights_sitenote_active":false,"_monsterinsights_sitenote_note":"","_monsterinsights_sitenote_category":0},"product_brand":[],"product_cat":[12274],"product_tag":[],"class_list":{"0":"post-758604","1":"product","2":"type-product","3":"status-publish","5":"product_cat-cocuk-ve-genclik-kitaplari","6":"pa_cilt-ciltsiz","7":"pa_tur-kitap","8":"pa_yayinevi-can-cocuk-yayinlari","9":"pa_yazar-goknil-ozkok","11":"first","12":"instock","13":"sale","14":"shipping-taxable","15":"purchasable","16":"product-type-simple"},"_links":{"self":[{"href":"https:\/\/roveyayinevi.com.tr\/index.php\/wp-json\/wp\/v2\/product\/758604","targetHints":{"allow":["GET"]}}],"collection":[{"href":"https:\/\/roveyayinevi.com.tr\/index.php\/wp-json\/wp\/v2\/product"}],"about":[{"href":"https:\/\/roveyayinevi.com.tr\/index.php\/wp-json\/wp\/v2\/types\/product"}],"wp:attachment":[{"href":"https:\/\/roveyayinevi.com.tr\/index.php\/wp-json\/wp\/v2\/media?parent=758604"}],"wp:term":[{"taxonomy":"product_brand","embeddable":true,"href":"https:\/\/roveyayinevi.com.tr\/index.php\/wp-json\/wp\/v2\/product_brand?post=758604"},{"taxonomy":"product_cat","embeddable":true,"href":"https:\/\/roveyayinevi.com.tr\/index.php\/wp-json\/wp\/v2\/product_cat?post=758604"},{"taxonomy":"product_tag","embeddable":true,"href":"https:\/\/roveyayinevi.com.tr\/index.php\/wp-json\/wp\/v2\/product_tag?post=758604"}],"curies":[{"name":"wp","href":"https:\/\/api.w.org\/{rel}","templated":true}]}}