{"id":758602,"date":"2025-08-28T08:09:31","date_gmt":"2025-08-28T05:09:31","guid":{"rendered":"https:\/\/roveyayinevi.com.tr\/index.php\/urun\/kibrista-demokrasi-bunalimlari-ve-vretcali-hoca-ozker-ozgur\/"},"modified":"2026-04-16T03:11:42","modified_gmt":"2026-04-16T00:11:42","slug":"kibrista-demokrasi-bunalimlari-ve-vretcali-hoca-ozker-ozgur","status":"publish","type":"product","link":"https:\/\/roveyayinevi.com.tr\/index.php\/urun\/kibrista-demokrasi-bunalimlari-ve-vretcali-hoca-ozker-ozgur\/","title":{"rendered":"K\u0131br\u0131s\u2019ta Demokrasi Bunal\u0131mlar\u0131 ve Vret\u00e7al\u0131 Hoca \u00d6zker \u00d6zg\u00fcr"},"content":{"rendered":"<p>\u00d6zker \u00d6zg\u00fcr, 2005 y\u0131l\u0131n\u0131n Kas\u0131m ay\u0131nda ya\u015fama veda etti. \u00d6mr\u00fcn\u00fc, sosyalizmin ideallerine ve de\u011ferlerine, demokrasi ve emek m\u00fccadelesine, K\u0131br\u0131sl\u0131t\u00fcrk, K\u0131br\u0131sl\u0131rum, t\u00fcm K\u0131br\u0131s halk\u0131n\u0131n bar\u0131\u015f i\u00e7inde bir arada ya\u015fam\u0131na ve ortak vatana adad\u0131. Son an\u0131na kadar m\u00fccadeleden kopmad\u0131. Bu kitap, ya\u015fam\u0131 boyunca zorlu adalet yolculu\u011funu kararl\u0131 ad\u0131mlarla kat eden Vret\u00e7al\u0131 \u00d6zker \u00d6zg\u00fcr\u2019\u00fc okurla bulu\u015fturuyor; onun, ya\u015fam\u0131 anlaml\u0131 ve ya\u015fanabilir k\u0131lma aray\u0131\u015f\u0131n\u0131, K\u0131br\u0131s siyasi ya\u015fam\u0131ndaki radikal, d\u00f6n\u00fc\u015ft\u00fcr\u00fcc\u00fc etkisini, ya\u015fad\u0131\u011f\u0131 adaletsizlikleri ve ard\u0131nda b\u0131rakt\u0131\u011f\u0131 m\u00fccadele miras\u0131n\u0131 anlat\u0131yor. Belgeler, g\u00fcnl\u00fckler ve tan\u0131kl\u0131klarla kapsaml\u0131 bir \u00d6zker \u00d6zg\u00fcr portresi sunan kitap, K\u0131br\u0131s&#8217;ta ya\u015fanan demokrasi bunal\u0131mlar\u0131n\u0131n yan\u0131 s\u0131ra K\u0131br\u0131sl\u0131t\u00fcrk toplumundaki \u00fc\u00e7\u00fcnc\u00fc ku\u015fak sol m\u00fccadelenin olu\u015fum s\u00fcrecini ve k\u0131sa tarihini de kaps\u0131yor.<\/p>\n","protected":false},"excerpt":{"rendered":"<p>\u00d6zker \u00d6zg\u00fcr, 2005 y\u0131l\u0131n\u0131n Kas\u0131m ay\u0131nda ya\u015fama veda etti. \u00d6mr\u00fcn\u00fc, sosyalizmin ideallerine ve de\u011ferlerine, demokrasi ve emek m\u00fccadelesine, K\u0131br\u0131sl\u0131t\u00fcrk, K\u0131br\u0131sl\u0131rum, t\u00fcm K\u0131br\u0131s halk\u0131n\u0131n bar\u0131\u015f i\u00e7inde bir<span class=\"excerpt-hellip\"> [\u2026]<\/span><\/p>\n","protected":false},"featured_media":0,"template":"","meta":{"_monsterinsights_skip_tracking":false,"_monsterinsights_sitenote_active":false,"_monsterinsights_sitenote_note":"","_monsterinsights_sitenote_category":0},"product_brand":[],"product_cat":[12337],"product_tag":[],"class_list":{"0":"post-758602","1":"product","2":"type-product","3":"status-publish","5":"product_cat-politika-siyaset","6":"pa_cilt-ciltsiz","7":"pa_tur-kitap","8":"pa_yayinevi-koyusiyah-kitap","9":"pa_yazar-abdullah-korkmazhan","11":"first","12":"instock","13":"sale","14":"shipping-taxable","15":"purchasable","16":"product-type-simple"},"_links":{"self":[{"href":"https:\/\/roveyayinevi.com.tr\/index.php\/wp-json\/wp\/v2\/product\/758602","targetHints":{"allow":["GET"]}}],"collection":[{"href":"https:\/\/roveyayinevi.com.tr\/index.php\/wp-json\/wp\/v2\/product"}],"about":[{"href":"https:\/\/roveyayinevi.com.tr\/index.php\/wp-json\/wp\/v2\/types\/product"}],"wp:attachment":[{"href":"https:\/\/roveyayinevi.com.tr\/index.php\/wp-json\/wp\/v2\/media?parent=758602"}],"wp:term":[{"taxonomy":"product_brand","embeddable":true,"href":"https:\/\/roveyayinevi.com.tr\/index.php\/wp-json\/wp\/v2\/product_brand?post=758602"},{"taxonomy":"product_cat","embeddable":true,"href":"https:\/\/roveyayinevi.com.tr\/index.php\/wp-json\/wp\/v2\/product_cat?post=758602"},{"taxonomy":"product_tag","embeddable":true,"href":"https:\/\/roveyayinevi.com.tr\/index.php\/wp-json\/wp\/v2\/product_tag?post=758602"}],"curies":[{"name":"wp","href":"https:\/\/api.w.org\/{rel}","templated":true}]}}