{"id":758601,"date":"2025-08-28T08:09:30","date_gmt":"2025-08-28T05:09:30","guid":{"rendered":"https:\/\/roveyayinevi.com.tr\/index.php\/urun\/hayatimizi-sekillendiren-10-yil-yirmili-yaslarimiz-neden-onemlidir-ve-bu-yillari-en-iyi-nasil-degerlendiririz\/"},"modified":"2026-04-16T03:11:42","modified_gmt":"2026-04-16T00:11:42","slug":"hayatimizi-sekillendiren-10-yil-yirmili-yaslarimiz-neden-onemlidir-ve-bu-yillari-en-iyi-nasil-degerlendiririz","status":"publish","type":"product","link":"https:\/\/roveyayinevi.com.tr\/index.php\/urun\/hayatimizi-sekillendiren-10-yil-yirmili-yaslarimiz-neden-onemlidir-ve-bu-yillari-en-iyi-nasil-degerlendiririz\/","title":{"rendered":"Hayat\u0131m\u0131z\u0131 \u015eekillendiren 10 Y\u0131l: Yirmili Ya\u015flar\u0131m\u0131z Neden \u00d6nemlidir ve Bu Y\u0131llar\u0131 En \u0130yi Nas\u0131l De\u011ferlendiririz?"},"content":{"rendered":"<p>Hayat\u0131m\u0131z\u0131 \u015eekillendiren On Y\u0131l yirmili ya\u015flar\u0131ndaki milyonlarca gencin kendileri hakk\u0131ndaki d\u00fc\u015f\u00fcncelerini de\u011fi\u015ftirerek hayatlar\u0131na y\u00f6n verdi. G\u00fcn\u00fcm\u00fcz gen\u00e7li\u011fi i\u00e7in g\u00f6zden ge\u00e7irilip yeniden yay\u0131mlanan bu kitap, size de yirmili ya\u015flar\u0131n\u0131z i\u00e7in bir yol haritas\u0131 sunabilir. Yayg\u0131n olarak kabul g\u00f6ren \u201cOtuz yeni yirmidir\u201d yakla\u015f\u0131m\u0131 bize yirmili ya\u015flar\u0131n \u00f6nemli olmad\u0131\u011f\u0131n\u0131 s\u00f6yl\u00fcyor. Kimileri bu ya\u015flar\u0131 uzat\u0131lm\u0131\u015f bir ergenlik d\u00f6nemi, kimileriyse yeni yeti\u015fkinlik d\u00f6nemi olarak g\u00f6r\u00fcyor. Hayat\u0131m\u0131z\u0131 \u015eekillendiren On Y\u0131l adl\u0131 kitab\u0131nda Meg Jay yirmili ya\u015flar\u0131n yanl\u0131\u015f bilgi ve kabuller sarmal\u0131na s\u0131k\u0131\u015ft\u0131r\u0131larak \u00f6nemsizle\u015ftirildi\u011fini g\u00f6steriyor ve hayat\u0131m\u0131z\u0131n en d\u00f6n\u00fc\u015ft\u00fcr\u00fcc\u00fc d\u00f6nemine sahip \u00e7\u0131kmam\u0131z gerekti\u011fini savunuyor. Y\u00fczlerce dan\u0131\u015fan\u0131 ve \u00f6\u011frencisiyle yirmi y\u0131l\u0131 a\u015fk\u0131n bir s\u00fcredir \u00e7al\u0131\u015fan Jay, yirmili ya\u015flara ait en son bilimsel verileri, gen\u00e7lerin kapal\u0131 kap\u0131lar ard\u0131nda kendisiyle payla\u015ft\u0131\u011f\u0131 hik\u00e2yelerle bir araya getiriyor. Sonu\u00e7, okurlara yirmili ya\u015flar\u0131n\u0131 en iyi \u015fekilde de\u011ferlendirmeye y\u00f6nelik ara\u00e7lar\u0131 sa\u011flayan; i\u015f, ili\u015fkiler, ki\u015filik, kimlik ve hatta beyin geli\u015fimi gibi konularda ufuk a\u00e7\u0131c\u0131 bir okuma vadeden, k\u0131lavuz niteli\u011finde bir metin.  \u201cE\u011fer \u00fcniversite \u00f6\u011frencisiyseniz ya da \u00e7ocu\u011funuz \u00fcniversite \u00f6\u011frencisiyse l\u00fctfen bu kitab\u0131 okuyun ve aran\u0131zda tart\u0131\u015f\u0131n.\u201d  \u2014 Do\u011fan C\u00fccelo\u011flu  \u201c\u0130\u015fte yirmili ya\u015flar\u0131n bekledi\u011fi kitap. Size hayat\u0131n\u0131zda ne yapman\u0131z gerekti\u011fini s\u00f6ylemeyecek, ama bunu bulman\u0131z i\u00e7in size ilham verecek ve e\u011fitecek.\u201d \u2014 Rachel Simmons<\/p>\n","protected":false},"excerpt":{"rendered":"<p>Hayat\u0131m\u0131z\u0131 \u015eekillendiren On Y\u0131l yirmili ya\u015flar\u0131ndaki milyonlarca gencin kendileri hakk\u0131ndaki d\u00fc\u015f\u00fcncelerini de\u011fi\u015ftirerek hayatlar\u0131na y\u00f6n verdi. G\u00fcn\u00fcm\u00fcz gen\u00e7li\u011fi i\u00e7in g\u00f6zden ge\u00e7irilip yeniden yay\u0131mlanan bu kitap, size de<span class=\"excerpt-hellip\"> [\u2026]<\/span><\/p>\n","protected":false},"featured_media":0,"template":"","meta":{"_monsterinsights_skip_tracking":false,"_monsterinsights_sitenote_active":false,"_monsterinsights_sitenote_note":"","_monsterinsights_sitenote_category":0},"product_brand":[],"product_cat":[12357],"product_tag":[],"class_list":{"0":"post-758601","1":"product","2":"type-product","3":"status-publish","5":"product_cat-psikoloji","6":"pa_cilt-ciltsiz","7":"pa_tur-kitap","8":"pa_yayinevi-koridor-yayincilik","9":"pa_yazar-meg-jay","11":"first","12":"instock","13":"sale","14":"shipping-taxable","15":"purchasable","16":"product-type-simple"},"_links":{"self":[{"href":"https:\/\/roveyayinevi.com.tr\/index.php\/wp-json\/wp\/v2\/product\/758601","targetHints":{"allow":["GET"]}}],"collection":[{"href":"https:\/\/roveyayinevi.com.tr\/index.php\/wp-json\/wp\/v2\/product"}],"about":[{"href":"https:\/\/roveyayinevi.com.tr\/index.php\/wp-json\/wp\/v2\/types\/product"}],"wp:attachment":[{"href":"https:\/\/roveyayinevi.com.tr\/index.php\/wp-json\/wp\/v2\/media?parent=758601"}],"wp:term":[{"taxonomy":"product_brand","embeddable":true,"href":"https:\/\/roveyayinevi.com.tr\/index.php\/wp-json\/wp\/v2\/product_brand?post=758601"},{"taxonomy":"product_cat","embeddable":true,"href":"https:\/\/roveyayinevi.com.tr\/index.php\/wp-json\/wp\/v2\/product_cat?post=758601"},{"taxonomy":"product_tag","embeddable":true,"href":"https:\/\/roveyayinevi.com.tr\/index.php\/wp-json\/wp\/v2\/product_tag?post=758601"}],"curies":[{"name":"wp","href":"https:\/\/api.w.org\/{rel}","templated":true}]}}