{"id":758600,"date":"2025-08-28T08:09:29","date_gmt":"2025-08-28T05:09:29","guid":{"rendered":"https:\/\/roveyayinevi.com.tr\/index.php\/urun\/islamda-cocuklugun-tarihi\/"},"modified":"2026-04-16T03:11:42","modified_gmt":"2026-04-16T00:11:42","slug":"islamda-cocuklugun-tarihi","status":"publish","type":"product","link":"https:\/\/roveyayinevi.com.tr\/index.php\/urun\/islamda-cocuklugun-tarihi\/","title":{"rendered":"\u0130slam\u2019da \u00c7ocuklu\u011fun Tarihi"},"content":{"rendered":"<p>Bu kitapta yer alan c\u0327al\u0131s\u0327malar, konuya dair kars\u0327\u0131las\u0327t\u0131rmal\u0131 bir yaklas\u0327\u0131mla zenginles\u0327tirilen tarihi-filolojik metodolojiye dayanmaktad\u0131r. Bu da Orta C\u0327ag\u0306\u2019a ait Arapc\u0327a metinler incelenirken toplumsal tarihc\u0327ilerin, o\u0308zellikle de I\u0307slam medeniyetinin alan\u0131n\u0131n d\u0131s\u0327\u0131ndaki toplumlardaki aile ve c\u0327ocukluk tarihc\u0327ileri ile Orta Dog\u0306u toplumlar\u0131 u\u0308zerine c\u0327al\u0131s\u0327an antropologlar\u0131n bulgular\u0131n\u0131n go\u0308z o\u0308nu\u0308nde bulunduruldug\u0306u anlam\u0131na gelmektedir. I\u0307slam\u2019da c\u0327ocukluk tarihinin ha\u0302la\u0302 emekleme c\u0327ag\u0306\u0131nda olmas\u0131 ve bu aras\u0327t\u0131rman\u0131n, alandaki neredeyse ilk ad\u0131mlar\u0131 atmas\u0131, kitab\u0131 iddial\u0131 k\u0131lan o\u0308nemli unsurlardan biridir. Elinizdeki derlemenin, I\u0307slam medeniyeti tarihinin anlas\u0327\u0131lmas\u0131nda da vazgec\u0327ilmez nitelikte olan bu ilgi c\u0327ekici konunun daha sistematik ve kapsaml\u0131 s\u0327ekilde incelenmesi ic\u0327in bir bas\u0327lang\u0131c\u0327 noktas\u0131 olacag\u0306\u0131n\u0131 umuyoruz. <\/p>\n","protected":false},"excerpt":{"rendered":"<p>Bu kitapta yer alan c\u0327al\u0131s\u0327malar, konuya dair kars\u0327\u0131las\u0327t\u0131rmal\u0131 bir yaklas\u0327\u0131mla zenginles\u0327tirilen tarihi-filolojik metodolojiye dayanmaktad\u0131r. Bu da Orta C\u0327ag\u0306\u2019a ait Arapc\u0327a metinler incelenirken toplumsal tarihc\u0327ilerin, o\u0308zellikle de<span class=\"excerpt-hellip\"> [\u2026]<\/span><\/p>\n","protected":false},"featured_media":0,"template":"","meta":{"_monsterinsights_skip_tracking":false,"_monsterinsights_sitenote_active":false,"_monsterinsights_sitenote_note":"","_monsterinsights_sitenote_category":0},"product_brand":[],"product_cat":[12304],"product_tag":[],"class_list":{"0":"post-758600","1":"product","2":"type-product","3":"status-publish","5":"product_cat-tarih","6":"pa_cilt-ciltsiz","7":"pa_tur-kitap","8":"pa_yayinevi-albaraka-yayinlari","9":"pa_yazar-avner-giladi","11":"first","12":"instock","13":"sale","14":"shipping-taxable","15":"purchasable","16":"product-type-simple"},"_links":{"self":[{"href":"https:\/\/roveyayinevi.com.tr\/index.php\/wp-json\/wp\/v2\/product\/758600","targetHints":{"allow":["GET"]}}],"collection":[{"href":"https:\/\/roveyayinevi.com.tr\/index.php\/wp-json\/wp\/v2\/product"}],"about":[{"href":"https:\/\/roveyayinevi.com.tr\/index.php\/wp-json\/wp\/v2\/types\/product"}],"wp:attachment":[{"href":"https:\/\/roveyayinevi.com.tr\/index.php\/wp-json\/wp\/v2\/media?parent=758600"}],"wp:term":[{"taxonomy":"product_brand","embeddable":true,"href":"https:\/\/roveyayinevi.com.tr\/index.php\/wp-json\/wp\/v2\/product_brand?post=758600"},{"taxonomy":"product_cat","embeddable":true,"href":"https:\/\/roveyayinevi.com.tr\/index.php\/wp-json\/wp\/v2\/product_cat?post=758600"},{"taxonomy":"product_tag","embeddable":true,"href":"https:\/\/roveyayinevi.com.tr\/index.php\/wp-json\/wp\/v2\/product_tag?post=758600"}],"curies":[{"name":"wp","href":"https:\/\/api.w.org\/{rel}","templated":true}]}}