{"id":758599,"date":"2025-08-28T08:09:28","date_gmt":"2025-08-28T05:09:28","guid":{"rendered":"https:\/\/roveyayinevi.com.tr\/index.php\/urun\/islami-sosyal-finans\/"},"modified":"2026-04-16T03:11:42","modified_gmt":"2026-04-16T00:11:42","slug":"islami-sosyal-finans","status":"publish","type":"product","link":"https:\/\/roveyayinevi.com.tr\/index.php\/urun\/islami-sosyal-finans\/","title":{"rendered":"\u0130slami Sosyal Finans"},"content":{"rendered":"<p>D\u00fcnya ekonomisinin mevcut dinamikleri, kredi tedarig\u0306inin ve giris\u0327imcilig\u0306in sosyo-ekonomisinde dikkate deg\u0306er deg\u0306is\u0327iklikler go\u0308stermektedir. Paylas\u0327\u0131m ekonomisinin ortaya c\u0327\u0131k\u0131s\u0327\u0131; is\u0327 birlig\u0306ine dayal\u0131 temsilcilik, ag\u0306 olus\u0327turma ve giris\u0327imcilig\u0306in yenilikc\u0327i modellerini tes\u0327vik ederken ekonomik akto\u0308rler de ka\u0302rl\u0131l\u0131g\u0306\u0131 ve toplum refah\u0131n\u0131 tes\u0327vik edebilecek daha su\u0308rdu\u0308ru\u0308lebilir bir kalk\u0131nma ar\u0131yor. Bu kitap, ekonomik verimlilik ile sosyal etki aras\u0131ndaki dengenin, piyasan\u0131n bir mu\u0308badeleden topluluk odakl\u0131 bir kuruma do\u0308nu\u0308s\u0327mesine katk\u0131da bulundug\u0306u, deg\u0306is\u0327im ha\u0302lindeki ekonominin en o\u0308nemli o\u0308rneg\u0306i olarak I\u0307slami sosyal finans\u0131 aras\u0327t\u0131r\u0131yor. Toplanan makaleler, I\u0307slami bir perspektiften giris\u0327imcilig\u0306in sosyal boyutunu analiz ederek \u201cpaylas\u0327ma\u201d, dag\u0306\u0131t\u0131mve is\u0327 birlig\u0306i anlay\u0131s\u0327lar\u0131n\u0131n I\u0307slam\u2019da piyasan\u0131n \u201crefah\u0131n paylas\u0327\u0131ld\u0131g\u0306\u0131\u201d yer olarak kavramsallas\u0327t\u0131r\u0131lmas\u0131n\u0131 ne o\u0308lc\u0327u\u0308de etkiledig\u0306ini vurgulamaktad\u0131r. Katk\u0131da bulunan yazarlar, bu paradigman\u0131n kavramsal \u201cko\u0308klerinden\u201d onun faal \u201cdallar\u0131na\u201d dog\u0306ru hareket ederek paylas\u0327\u0131m ekonomisi, FinTech ve kitle fonlamas\u0131ndan mikrokredi, vak\u0131f, zeka\u0302t, sukuk ve yes\u0327il yat\u0131r\u0131mlara kadar finansal piyasadaki en son eg\u0306ilimleri topluluk refah\u0131 ad\u0131na s\u0327er\u2019i\u0302 temelli stratejilere bag\u0306layarak I\u0307slami sosyal finans\u0131n uygulamalar\u0131n\u0131 ele almaktad\u0131r. <\/p>\n","protected":false},"excerpt":{"rendered":"<p>D\u00fcnya ekonomisinin mevcut dinamikleri, kredi tedarig\u0306inin ve giris\u0327imcilig\u0306in sosyo-ekonomisinde dikkate deg\u0306er deg\u0306is\u0327iklikler go\u0308stermektedir. Paylas\u0327\u0131m ekonomisinin ortaya c\u0327\u0131k\u0131s\u0327\u0131; is\u0327 birlig\u0306ine dayal\u0131 temsilcilik, ag\u0306 olus\u0327turma ve giris\u0327imcilig\u0306in yenilikc\u0327i<span class=\"excerpt-hellip\"> [\u2026]<\/span><\/p>\n","protected":false},"featured_media":0,"template":"","meta":{"_monsterinsights_skip_tracking":false,"_monsterinsights_sitenote_active":false,"_monsterinsights_sitenote_note":"","_monsterinsights_sitenote_category":0},"product_brand":[],"product_cat":[17249,13043],"product_tag":[],"class_list":{"0":"post-758599","1":"product","2":"type-product","3":"status-publish","5":"product_cat-borsa-finans","6":"product_cat-ekonomi","7":"pa_cilt-ciltsiz","8":"pa_tur-kitap","9":"pa_yayinevi-albaraka-yayinlari","10":"pa_yazar-kolektif","12":"first","13":"instock","14":"sale","15":"shipping-taxable","16":"purchasable","17":"product-type-simple"},"_links":{"self":[{"href":"https:\/\/roveyayinevi.com.tr\/index.php\/wp-json\/wp\/v2\/product\/758599","targetHints":{"allow":["GET"]}}],"collection":[{"href":"https:\/\/roveyayinevi.com.tr\/index.php\/wp-json\/wp\/v2\/product"}],"about":[{"href":"https:\/\/roveyayinevi.com.tr\/index.php\/wp-json\/wp\/v2\/types\/product"}],"wp:attachment":[{"href":"https:\/\/roveyayinevi.com.tr\/index.php\/wp-json\/wp\/v2\/media?parent=758599"}],"wp:term":[{"taxonomy":"product_brand","embeddable":true,"href":"https:\/\/roveyayinevi.com.tr\/index.php\/wp-json\/wp\/v2\/product_brand?post=758599"},{"taxonomy":"product_cat","embeddable":true,"href":"https:\/\/roveyayinevi.com.tr\/index.php\/wp-json\/wp\/v2\/product_cat?post=758599"},{"taxonomy":"product_tag","embeddable":true,"href":"https:\/\/roveyayinevi.com.tr\/index.php\/wp-json\/wp\/v2\/product_tag?post=758599"}],"curies":[{"name":"wp","href":"https:\/\/api.w.org\/{rel}","templated":true}]}}