{"id":758598,"date":"2025-08-28T08:09:26","date_gmt":"2025-08-28T05:09:26","guid":{"rendered":"https:\/\/roveyayinevi.com.tr\/index.php\/urun\/islam-felsefesinde-aristoteles-ve-plotinos\/"},"modified":"2026-04-16T03:11:42","modified_gmt":"2026-04-16T00:11:42","slug":"islam-felsefesinde-aristoteles-ve-plotinos","status":"publish","type":"product","link":"https:\/\/roveyayinevi.com.tr\/index.php\/urun\/islam-felsefesinde-aristoteles-ve-plotinos\/","title":{"rendered":"\u0130slam Felsefesinde Aristoteles ve Plotinos"},"content":{"rendered":"<p>\u0130slam d\u00fcnyas\u0131nda Aristoteles, felsefi du\u0308s\u0327u\u0308nmenin temellerini belirleyen filozoftur. Aristoteles\u2019in etkilemedi\u011fi bir alan hemen hemen yok gibidir. Bu etki ya kendi eserleriyle do\u011frudan ya da Aristoteles\u2019ten etkilenen Grek filozoflar\u0131 arac\u0131l\u0131\u011f\u0131yla olmu\u015ftur. Aristoteles\u2019in etkisi tam anla\u015f\u0131lmadan I\u0307slam felsefesi anla\u015f\u0131lamaz. Aristotelesc\u0327ilik, b\u00fct\u00fcn \u00f6nemine ve sayg\u0131nl\u0131\u011f\u0131na ra\u011fmen filozoflar, kelamc\u0131lar ve bilim adamlar\u0131 taraf\u0131ndan zaman zaman ele\u015ftirilmi\u015ftir. Fakat bu ele\u015ftiriler bile Aristotelesc\u0327ilig\u0306in felsefi y\u00f6nteminin ve mant\u0131\u011f\u0131n\u0131n pop\u00fcler olmas\u0131na ve felsefenin s\u0131n\u0131rlar\u0131n\u0131n \u00f6tesine ge\u00e7mesine engel olamam\u0131\u015ft\u0131r. Aristotelesc\u0327ilik ile ilgili tart\u0131\u015fmalar felsefi olmaktan \u00e7ok dini\u0302 inan\u00e7\u0327 ve kabullerle Aristoteles\u2019in du\u0308s\u0327u\u0308ncelerinin uyus\u0327up uyus\u0327mad\u0131g\u0306\u0131 konusundad\u0131r. <\/p>\n","protected":false},"excerpt":{"rendered":"<p>\u0130slam d\u00fcnyas\u0131nda Aristoteles, felsefi du\u0308s\u0327u\u0308nmenin temellerini belirleyen filozoftur. Aristoteles\u2019in etkilemedi\u011fi bir alan hemen hemen yok gibidir. Bu etki ya kendi eserleriyle do\u011frudan ya da Aristoteles\u2019ten etkilenen<span class=\"excerpt-hellip\"> [\u2026]<\/span><\/p>\n","protected":false},"featured_media":0,"template":"","meta":{"_monsterinsights_skip_tracking":false,"_monsterinsights_sitenote_active":false,"_monsterinsights_sitenote_note":"","_monsterinsights_sitenote_category":0},"product_brand":[],"product_cat":[12389,12388],"product_tag":[],"class_list":{"0":"post-758598","1":"product","2":"type-product","3":"status-publish","5":"product_cat-diger-felsefe","6":"product_cat-felsefe","7":"pa_cilt-ciltsiz","8":"pa_tur-kitap","9":"pa_yayinevi-albaraka-yayinlari","10":"pa_yazar-michel-fattal","12":"first","13":"instock","14":"sale","15":"shipping-taxable","16":"purchasable","17":"product-type-simple"},"_links":{"self":[{"href":"https:\/\/roveyayinevi.com.tr\/index.php\/wp-json\/wp\/v2\/product\/758598","targetHints":{"allow":["GET"]}}],"collection":[{"href":"https:\/\/roveyayinevi.com.tr\/index.php\/wp-json\/wp\/v2\/product"}],"about":[{"href":"https:\/\/roveyayinevi.com.tr\/index.php\/wp-json\/wp\/v2\/types\/product"}],"wp:attachment":[{"href":"https:\/\/roveyayinevi.com.tr\/index.php\/wp-json\/wp\/v2\/media?parent=758598"}],"wp:term":[{"taxonomy":"product_brand","embeddable":true,"href":"https:\/\/roveyayinevi.com.tr\/index.php\/wp-json\/wp\/v2\/product_brand?post=758598"},{"taxonomy":"product_cat","embeddable":true,"href":"https:\/\/roveyayinevi.com.tr\/index.php\/wp-json\/wp\/v2\/product_cat?post=758598"},{"taxonomy":"product_tag","embeddable":true,"href":"https:\/\/roveyayinevi.com.tr\/index.php\/wp-json\/wp\/v2\/product_tag?post=758598"}],"curies":[{"name":"wp","href":"https:\/\/api.w.org\/{rel}","templated":true}]}}