{"id":758597,"date":"2025-08-28T08:09:24","date_gmt":"2025-08-28T05:09:24","guid":{"rendered":"https:\/\/roveyayinevi.com.tr\/index.php\/urun\/super-patates-nerede\/"},"modified":"2026-04-16T03:11:42","modified_gmt":"2026-04-16T00:11:42","slug":"super-patates-nerede","status":"publish","type":"product","link":"https:\/\/roveyayinevi.com.tr\/index.php\/urun\/super-patates-nerede\/","title":{"rendered":"S\u00fcper Patates &#8211; Nerede?"},"content":{"rendered":"<p>S\u00fcper Patates, Sebzeler ve K\u00f6t\u00fc Bezelye nerede gizleniyor?   Bu s\u00fcper e\u011flenceli ara ve bul kitab\u0131ndaki etkinliklerde g\u00f6zlerini d\u00f6rt a\u00e7!   S\u00fcpermarketteki saklamba\u00e7 maceras\u0131na kat\u0131l.<\/p>\n","protected":false},"excerpt":{"rendered":"<p>S\u00fcper Patates, Sebzeler ve K\u00f6t\u00fc Bezelye nerede gizleniyor? Bu s\u00fcper e\u011flenceli ara ve bul kitab\u0131ndaki etkinliklerde g\u00f6zlerini d\u00f6rt a\u00e7! S\u00fcpermarketteki saklamba\u00e7 maceras\u0131na kat\u0131l.<\/p>\n","protected":false},"featured_media":0,"template":"","meta":{"_monsterinsights_skip_tracking":false,"_monsterinsights_sitenote_active":false,"_monsterinsights_sitenote_note":"","_monsterinsights_sitenote_category":0},"product_brand":[],"product_cat":[12274,15842],"product_tag":[],"class_list":{"0":"post-758597","1":"product","2":"type-product","3":"status-publish","5":"product_cat-cocuk-ve-genclik-kitaplari","6":"product_cat-egitici-kitaplar","7":"pa_cilt-ciltsiz","8":"pa_tur-kitap","9":"pa_yayinevi-beta-kids","10":"pa_yazar-sue-hendra-paul-linnet","12":"first","13":"instock","14":"sale","15":"shipping-taxable","16":"purchasable","17":"product-type-simple"},"_links":{"self":[{"href":"https:\/\/roveyayinevi.com.tr\/index.php\/wp-json\/wp\/v2\/product\/758597","targetHints":{"allow":["GET"]}}],"collection":[{"href":"https:\/\/roveyayinevi.com.tr\/index.php\/wp-json\/wp\/v2\/product"}],"about":[{"href":"https:\/\/roveyayinevi.com.tr\/index.php\/wp-json\/wp\/v2\/types\/product"}],"wp:attachment":[{"href":"https:\/\/roveyayinevi.com.tr\/index.php\/wp-json\/wp\/v2\/media?parent=758597"}],"wp:term":[{"taxonomy":"product_brand","embeddable":true,"href":"https:\/\/roveyayinevi.com.tr\/index.php\/wp-json\/wp\/v2\/product_brand?post=758597"},{"taxonomy":"product_cat","embeddable":true,"href":"https:\/\/roveyayinevi.com.tr\/index.php\/wp-json\/wp\/v2\/product_cat?post=758597"},{"taxonomy":"product_tag","embeddable":true,"href":"https:\/\/roveyayinevi.com.tr\/index.php\/wp-json\/wp\/v2\/product_tag?post=758597"}],"curies":[{"name":"wp","href":"https:\/\/api.w.org\/{rel}","templated":true}]}}