{"id":758596,"date":"2025-08-28T08:09:23","date_gmt":"2025-08-28T05:09:23","guid":{"rendered":"https:\/\/roveyayinevi.com.tr\/index.php\/urun\/ot-ciltli\/"},"modified":"2026-04-16T03:11:42","modified_gmt":"2026-04-16T00:11:42","slug":"ot-ciltli","status":"publish","type":"product","link":"https:\/\/roveyayinevi.com.tr\/index.php\/urun\/ot-ciltli\/","title":{"rendered":"Ot (Ciltli)"},"content":{"rendered":"<p>\u201cR\u00fczg\u00e2rda savrulup \u00fczerine bas\u0131lsa bile tekrar aya\u011fa kalkan ot&#8230; Belki de baca\u011f\u0131n\u0131z\u0131 hafif\u00e7e ok\u015far ve size \u00e7ekinerek bir selam verir.\u201d Ot, \u0130kinci D\u00fcnya Sava\u015f\u0131 s\u0131ras\u0131nda Japon Ordusu i\u00e7in seks k\u00f6leli\u011fine zorlanan Lee Okson\u2019un zorlu ya\u015fam\u0131n\u0131 anlatan sava\u015f kar\u015f\u0131t\u0131 g\u00fc\u00e7l\u00fc bir \u00e7izgi roman\u2026  Koreli bir kad\u0131n\u0131n ger\u00e7ek hayat hik\u00e2yesine dayanan bu eser, sava\u015f\u0131n vah\u015fetinin kad\u0131nlar\u0131n hayatlar\u0131n\u0131 nas\u0131l alt\u00fcst etti\u011fini belgeliyor ve bu i\u015fgalin Kore halk\u0131na ya\u015fatt\u0131\u011f\u0131 yo\u011fun ac\u0131lar\u0131 da g\u00f6zler \u00f6n\u00fcne seriyor. Siyah m\u00fcrekkeple yap\u0131lm\u0131\u015f \u00e7izimler ise t\u00fcm duygular\u0131 y\u00fcre\u011finizde hissettirmeyi ba\u015far\u0131yor. Ot, sava\u015f\u0131n korkun\u00e7 bedelini ve bar\u0131\u015f\u0131n \u00f6nemini vurgulayan, d\u00f6n\u00fcm noktas\u0131 niteli\u011finde bir \u00e7izgi roman. \u00dczerine bas\u0131lsa dahi daima aya\u011fa kalkmay\u0131 ba\u015faran, ilerlemeye ve kendi hayatlar\u0131n\u0131 ya\u015famaya \u00e7al\u0131\u015fan kad\u0131nlar\u0131n hik\u00e2yesi\u2026<\/p>\n","protected":false},"excerpt":{"rendered":"<p>\u201cR\u00fczg\u00e2rda savrulup \u00fczerine bas\u0131lsa bile tekrar aya\u011fa kalkan ot&#8230; Belki de baca\u011f\u0131n\u0131z\u0131 hafif\u00e7e ok\u015far ve size \u00e7ekinerek bir selam verir.\u201d Ot, \u0130kinci D\u00fcnya Sava\u015f\u0131 s\u0131ras\u0131nda Japon<span class=\"excerpt-hellip\"> [\u2026]<\/span><\/p>\n","protected":false},"featured_media":0,"template":"","meta":{"_monsterinsights_skip_tracking":false,"_monsterinsights_sitenote_active":false,"_monsterinsights_sitenote_note":"","_monsterinsights_sitenote_category":0},"product_brand":[],"product_cat":[12416,12291],"product_tag":[],"class_list":{"0":"post-758596","1":"product","2":"type-product","3":"status-publish","5":"product_cat-cizgi-roman","6":"product_cat-edebiyat","7":"pa_cilt-ciltli","8":"pa_tur-kitap","9":"pa_yayinevi-epsilon-yayinlari","10":"pa_yazar-keum-suk-gendry-kim","12":"first","13":"instock","14":"sale","15":"shipping-taxable","16":"purchasable","17":"product-type-simple"},"_links":{"self":[{"href":"https:\/\/roveyayinevi.com.tr\/index.php\/wp-json\/wp\/v2\/product\/758596","targetHints":{"allow":["GET"]}}],"collection":[{"href":"https:\/\/roveyayinevi.com.tr\/index.php\/wp-json\/wp\/v2\/product"}],"about":[{"href":"https:\/\/roveyayinevi.com.tr\/index.php\/wp-json\/wp\/v2\/types\/product"}],"wp:attachment":[{"href":"https:\/\/roveyayinevi.com.tr\/index.php\/wp-json\/wp\/v2\/media?parent=758596"}],"wp:term":[{"taxonomy":"product_brand","embeddable":true,"href":"https:\/\/roveyayinevi.com.tr\/index.php\/wp-json\/wp\/v2\/product_brand?post=758596"},{"taxonomy":"product_cat","embeddable":true,"href":"https:\/\/roveyayinevi.com.tr\/index.php\/wp-json\/wp\/v2\/product_cat?post=758596"},{"taxonomy":"product_tag","embeddable":true,"href":"https:\/\/roveyayinevi.com.tr\/index.php\/wp-json\/wp\/v2\/product_tag?post=758596"}],"curies":[{"name":"wp","href":"https:\/\/api.w.org\/{rel}","templated":true}]}}