{"id":758595,"date":"2025-08-28T08:09:20","date_gmt":"2025-08-28T05:09:20","guid":{"rendered":"https:\/\/roveyayinevi.com.tr\/index.php\/urun\/kucuk-acilar\/"},"modified":"2026-04-16T03:11:42","modified_gmt":"2026-04-16T00:11:42","slug":"kucuk-acilar","status":"publish","type":"product","link":"https:\/\/roveyayinevi.com.tr\/index.php\/urun\/kucuk-acilar\/","title":{"rendered":"K\u00fc\u00e7\u00fck Ac\u0131lar"},"content":{"rendered":"<p>\u0130lk kitap. \u0130lk g\u00f6z a\u011fr\u0131m. Kanat al\u0131\u015ft\u0131rmalar\u0131m. \u00d6nce Varl\u0131k dergisinde bir \u015fiirler (1978), sonra K\u00fc\u00e7\u00fck Ac\u0131lar\u2019la (1984) d\u00fcnyaya tuttu\u011fum hayat\u0131m. Ba\u015flang\u0131\u00e7ta bilmiyordum, insan\u0131n s\u00f6zle yeniden var oldu\u011funu. \u201cBi\u00e7im veremedi\u011fimiz \u015feylerin bi\u00e7imini almamak\u201d i\u00e7in buldu\u011fum mucize oldu yazmak. \u015eiir giderek sonsuz bir insan hazinesine d\u00f6nd\u00fc. B\u00fct\u00fcn hayat\u0131mla \u00f6\u011frendi\u011fim \u015fudur ki, \u00f6l\u00fcm\u00fcn b\u00fcy\u00fck yaln\u0131zl\u0131\u011f\u0131na bu b\u00fcy\u00fck hazineyle gidece\u011fim. \u015e\u00fckr\u00fc Erba\u015f <\/p>\n","protected":false},"excerpt":{"rendered":"<p>\u0130lk kitap. \u0130lk g\u00f6z a\u011fr\u0131m. Kanat al\u0131\u015ft\u0131rmalar\u0131m. \u00d6nce Varl\u0131k dergisinde bir \u015fiirler (1978), sonra K\u00fc\u00e7\u00fck Ac\u0131lar\u2019la (1984) d\u00fcnyaya tuttu\u011fum hayat\u0131m. Ba\u015flang\u0131\u00e7ta bilmiyordum, insan\u0131n s\u00f6zle yeniden var<span class=\"excerpt-hellip\"> [\u2026]<\/span><\/p>\n","protected":false},"featured_media":0,"template":"","meta":{"_monsterinsights_skip_tracking":false,"_monsterinsights_sitenote_active":false,"_monsterinsights_sitenote_note":"","_monsterinsights_sitenote_category":0},"product_brand":[],"product_cat":[12291,12509],"product_tag":[],"class_list":{"0":"post-758595","1":"product","2":"type-product","3":"status-publish","5":"product_cat-edebiyat","6":"product_cat-siir","7":"pa_cilt-ciltsiz","8":"pa_tur-kitap","9":"pa_yayinevi-kirmizi-kedi-yayinevi","10":"pa_yazar-sukru-erbas","12":"first","13":"instock","14":"sale","15":"shipping-taxable","16":"purchasable","17":"product-type-simple"},"_links":{"self":[{"href":"https:\/\/roveyayinevi.com.tr\/index.php\/wp-json\/wp\/v2\/product\/758595","targetHints":{"allow":["GET"]}}],"collection":[{"href":"https:\/\/roveyayinevi.com.tr\/index.php\/wp-json\/wp\/v2\/product"}],"about":[{"href":"https:\/\/roveyayinevi.com.tr\/index.php\/wp-json\/wp\/v2\/types\/product"}],"wp:attachment":[{"href":"https:\/\/roveyayinevi.com.tr\/index.php\/wp-json\/wp\/v2\/media?parent=758595"}],"wp:term":[{"taxonomy":"product_brand","embeddable":true,"href":"https:\/\/roveyayinevi.com.tr\/index.php\/wp-json\/wp\/v2\/product_brand?post=758595"},{"taxonomy":"product_cat","embeddable":true,"href":"https:\/\/roveyayinevi.com.tr\/index.php\/wp-json\/wp\/v2\/product_cat?post=758595"},{"taxonomy":"product_tag","embeddable":true,"href":"https:\/\/roveyayinevi.com.tr\/index.php\/wp-json\/wp\/v2\/product_tag?post=758595"}],"curies":[{"name":"wp","href":"https:\/\/api.w.org\/{rel}","templated":true}]}}