{"id":758591,"date":"2025-08-28T08:09:12","date_gmt":"2025-08-28T05:09:12","guid":{"rendered":"https:\/\/roveyayinevi.com.tr\/index.php\/urun\/bagislanamaz-olan\/"},"modified":"2026-04-03T03:15:16","modified_gmt":"2026-04-03T00:15:16","slug":"bagislanamaz-olan","status":"publish","type":"product","link":"https:\/\/roveyayinevi.com.tr\/index.php\/urun\/bagislanamaz-olan\/","title":{"rendered":"Ba\u011f\u0131\u015flanamaz Olan"},"content":{"rendered":"<p>bag\u0306\u0131s\u0327lamak diyor Janke\u0301le\u0301vitch o\u0308lu\u0308m kamplar\u0131nda o\u0308lmu\u0308s\u0327tu\u0308r alt\u0131n\u0131 c\u0327iziyorum bunun, bag\u0306\u0131s\u0327lamak kal\u0131n c\u0327izgi o\u0308lmu\u0308s\u0327tu\u0308r incecik. o\u0308lu\u0308m kamplar\u0131 ne tuhaf, sanki ru\u0308zga\u0302r gec\u0327irmez bir derisi varm\u0131s\u0327 gibi. yeryu\u0308zu\u0308ne inand\u0131g\u0306\u0131 yerden bas\u0327l\u0131yor oysa hayvan, soluk almaya. ellerin en sog\u0306uk k\u0131tay\u0131 aramas\u0131 atlasta, kendimden biri deg\u0306ilim diyen o s\u0327air denizi go\u0308rmu\u0308s\u0327 mu\u0308du\u0308r, sahilin kumlu yu\u0308zeyinde dolanan \u0131stakozu? <\/p>\n","protected":false},"excerpt":{"rendered":"<p>bag\u0306\u0131s\u0327lamak diyor Janke\u0301le\u0301vitch o\u0308lu\u0308m kamplar\u0131nda o\u0308lmu\u0308s\u0327tu\u0308r alt\u0131n\u0131 c\u0327iziyorum bunun, bag\u0306\u0131s\u0327lamak kal\u0131n c\u0327izgi o\u0308lmu\u0308s\u0327tu\u0308r incecik. o\u0308lu\u0308m kamplar\u0131 ne tuhaf, sanki ru\u0308zga\u0302r gec\u0327irmez bir derisi varm\u0131s\u0327 gibi. yeryu\u0308zu\u0308ne<span class=\"excerpt-hellip\"> [\u2026]<\/span><\/p>\n","protected":false},"featured_media":0,"template":"","meta":{"_monsterinsights_skip_tracking":false,"_monsterinsights_sitenote_active":false,"_monsterinsights_sitenote_note":"","_monsterinsights_sitenote_category":0},"product_brand":[],"product_cat":[12291,12509],"product_tag":[],"class_list":{"0":"post-758591","1":"product","2":"type-product","3":"status-publish","5":"product_cat-edebiyat","6":"product_cat-siir","7":"pa_cilt-ciltsiz","8":"pa_tur-kitap","9":"pa_yayinevi-ithaki-yayinlari","10":"pa_yazar-huseyin-akcan","12":"first","13":"instock","14":"sale","15":"shipping-taxable","16":"purchasable","17":"product-type-simple"},"_links":{"self":[{"href":"https:\/\/roveyayinevi.com.tr\/index.php\/wp-json\/wp\/v2\/product\/758591","targetHints":{"allow":["GET"]}}],"collection":[{"href":"https:\/\/roveyayinevi.com.tr\/index.php\/wp-json\/wp\/v2\/product"}],"about":[{"href":"https:\/\/roveyayinevi.com.tr\/index.php\/wp-json\/wp\/v2\/types\/product"}],"wp:attachment":[{"href":"https:\/\/roveyayinevi.com.tr\/index.php\/wp-json\/wp\/v2\/media?parent=758591"}],"wp:term":[{"taxonomy":"product_brand","embeddable":true,"href":"https:\/\/roveyayinevi.com.tr\/index.php\/wp-json\/wp\/v2\/product_brand?post=758591"},{"taxonomy":"product_cat","embeddable":true,"href":"https:\/\/roveyayinevi.com.tr\/index.php\/wp-json\/wp\/v2\/product_cat?post=758591"},{"taxonomy":"product_tag","embeddable":true,"href":"https:\/\/roveyayinevi.com.tr\/index.php\/wp-json\/wp\/v2\/product_tag?post=758591"}],"curies":[{"name":"wp","href":"https:\/\/api.w.org\/{rel}","templated":true}]}}