{"id":758588,"date":"2025-08-28T08:09:05","date_gmt":"2025-08-28T05:09:05","guid":{"rendered":"https:\/\/roveyayinevi.com.tr\/index.php\/urun\/kuslar-2\/"},"modified":"2026-04-16T03:11:42","modified_gmt":"2026-04-16T00:11:42","slug":"kuslar-2","status":"publish","type":"product","link":"https:\/\/roveyayinevi.com.tr\/index.php\/urun\/kuslar-2\/","title":{"rendered":"Ku\u015flar"},"content":{"rendered":"<p>\u201cDaphne du Maurier\u2019nin dehas\u0131, yazd\u0131\u011f\u0131 birbirinden \u00f6zg\u00fcn her \u00f6yk\u00fcde kendini g\u00f6steriyor.\u201d \u2014Alberto ManguelDerinlikli, sonunu a\u00e7\u0131k etmeyen tekni\u011fiyle pek \u00e7ok eseri beyaz perdeye uyarlanan Daphne du Maurier gotik edebiyat\u0131n hak etti\u011fi takdiri zaman i\u00e7inde g\u00f6ren yazarlar\u0131ndan. Alfred Hitchcock\u2019un sinemaya uyarlad\u0131\u011f\u0131 \u201cKu\u015flar\u201d \u00f6yk\u00fcs\u00fcn\u00fc de i\u00e7eren bu derleme iki d\u00fcnya aras\u0131na s\u0131k\u0131\u015fm\u0131\u015f, kendilerine \u00e7\u0131k\u0131\u015f yolu arayan tutkulu karakterleriyle okura son sayfaya kadar \u015f\u00fcphe, \u015fa\u015fk\u0131nl\u0131k vadeden yazar\u0131n korku gerilim \u00f6yk\u00fclerini i\u00e7eren k\u0131ymetli bir hazine.\u0130nsanlara sald\u0131rmaya ba\u015flayan ku\u015flar, korkun\u00e7 bir bedel kar\u015f\u0131l\u0131\u011f\u0131nda \u00f6l\u00fcms\u00fczl\u00fck bah\u015feden bir da\u011f, kocas\u0131na elma a\u011fac\u0131 suretinde musallat olan \u00f6l\u00fc bir e\u015f, bir foto\u011fraf\u00e7\u0131yla tehlikeli bir ili\u015fkiye ba\u015flayan gen\u00e7 bir kad\u0131n, sonu mezarl\u0131kta biten bir randevu ve trajik bir s\u0131rra sahip bir aile\u2026 \u0130nsan\u0131n d\u00fcnya \u00fczerindeki egemenli\u011fiyle alay eden alt\u0131 \u00f6yk\u00fc bu derlemede kendine yer buluyor.G\u00f6\u011f\u00fcn d\u00f6rt bir yan\u0131ndan a\u015fa\u011f\u0131 s\u00fcz\u00fcl\u00fcyor&#8230; ku\u015flar.<\/p>\n","protected":false},"excerpt":{"rendered":"<p>\u201cDaphne du Maurier\u2019nin dehas\u0131, yazd\u0131\u011f\u0131 birbirinden \u00f6zg\u00fcn her \u00f6yk\u00fcde kendini g\u00f6steriyor.\u201d \u2014Alberto ManguelDerinlikli, sonunu a\u00e7\u0131k etmeyen tekni\u011fiyle pek \u00e7ok eseri beyaz perdeye uyarlanan Daphne du Maurier<span class=\"excerpt-hellip\"> [\u2026]<\/span><\/p>\n","protected":false},"featured_media":0,"template":"","meta":{"_monsterinsights_skip_tracking":false,"_monsterinsights_sitenote_active":false,"_monsterinsights_sitenote_note":"","_monsterinsights_sitenote_category":0},"product_brand":[],"product_cat":[12291,17033],"product_tag":[],"class_list":{"0":"post-758588","1":"product","2":"type-product","3":"status-publish","5":"product_cat-edebiyat","6":"product_cat-korku-gerilim","7":"pa_cilt-ciltsiz","8":"pa_tur-kitap","9":"pa_yayinevi-ithaki-yayinlari","10":"pa_yazar-daphne-du-maurier","12":"first","13":"instock","14":"sale","15":"shipping-taxable","16":"purchasable","17":"product-type-simple"},"_links":{"self":[{"href":"https:\/\/roveyayinevi.com.tr\/index.php\/wp-json\/wp\/v2\/product\/758588","targetHints":{"allow":["GET"]}}],"collection":[{"href":"https:\/\/roveyayinevi.com.tr\/index.php\/wp-json\/wp\/v2\/product"}],"about":[{"href":"https:\/\/roveyayinevi.com.tr\/index.php\/wp-json\/wp\/v2\/types\/product"}],"wp:attachment":[{"href":"https:\/\/roveyayinevi.com.tr\/index.php\/wp-json\/wp\/v2\/media?parent=758588"}],"wp:term":[{"taxonomy":"product_brand","embeddable":true,"href":"https:\/\/roveyayinevi.com.tr\/index.php\/wp-json\/wp\/v2\/product_brand?post=758588"},{"taxonomy":"product_cat","embeddable":true,"href":"https:\/\/roveyayinevi.com.tr\/index.php\/wp-json\/wp\/v2\/product_cat?post=758588"},{"taxonomy":"product_tag","embeddable":true,"href":"https:\/\/roveyayinevi.com.tr\/index.php\/wp-json\/wp\/v2\/product_tag?post=758588"}],"curies":[{"name":"wp","href":"https:\/\/api.w.org\/{rel}","templated":true}]}}