{"id":758587,"date":"2025-08-28T08:09:03","date_gmt":"2025-08-28T05:09:03","guid":{"rendered":"https:\/\/roveyayinevi.com.tr\/index.php\/urun\/terapistin-ikilemi-iliskisel-psikoterapinin-sifreleri\/"},"modified":"2026-04-16T03:11:42","modified_gmt":"2026-04-16T00:11:42","slug":"terapistin-ikilemi-iliskisel-psikoterapinin-sifreleri","status":"publish","type":"product","link":"https:\/\/roveyayinevi.com.tr\/index.php\/urun\/terapistin-ikilemi-iliskisel-psikoterapinin-sifreleri\/","title":{"rendered":"Terapistin \u0130kilemi: \u0130li\u015fkisel Psikoterapinin \u015eifreleri"},"content":{"rendered":"<p>\u0130li\u015fkisel psikoterapi, dan\u0131\u015fan\u0131n kendi hayat\u0131nda ya\u015fad\u0131\u011f\u0131 ancak bir t\u00fcrl\u00fc ad\u0131n\u0131 koyamad\u0131\u011f\u0131 zorluklar\u0131n, terapistle dan\u0131\u015fan aras\u0131nda psikoterapi s\u00fcrecinde de yeniden ya\u015fanarak anlamland\u0131r\u0131labilece\u011fi esas\u0131na dayan\u0131r. Bu anlarda ili\u015fkisel psikoterapist, etik bir \u00e7er\u00e7eve i\u00e7erisinde dan\u0131\u015fanla birlikte \u00e7al\u0131\u015farak aralar\u0131ndaki ili\u015fkiyi \u00e7\u00f6z\u00fcmler ve s\u00fcreci i\u015flevsel h\u00e2le getirir. Dan\u0131\u015fan\u0131n deneyimledi\u011fi bu yeni benlik h\u00e2li, ona terapi d\u0131\u015f\u0131ndaki ili\u015fkilerinde de kendisini daha \u00f6zg\u00fcn ve i\u015flevsel olarak ortaya koyabilmenin yolunu a\u00e7ar.   \u00d6te yandan, ili\u015fkisel terapi s\u00fcreci \u00e7ok boyutlu ve \u00f6ng\u00f6r\u00fclemez dinamiklerin ya\u015fand\u0131\u011f\u0131 bir may\u0131n tarlas\u0131 gibidir. Bunu iyi y\u00f6netebilmek i\u00e7in terapistin dan\u0131\u015fanla aras\u0131nda ge\u00e7enler kadar kendi i\u00e7sel s\u00fcre\u00e7lerine de h\u00e2kim olmas\u0131 esast\u0131r. Terapistin \u0130kilemi i\u015fte bu noktada, karanl\u0131k ve i\u00e7inden \u00e7\u0131k\u0131lmas\u0131 g\u00fc\u00e7 gibi duran s\u00fcre\u00e7lerin anla\u015f\u0131lmas\u0131na y\u00f6nelik \u00e7\u00f6z\u00fcmleri okuyucusuna aktaran bir rehber olarak kar\u015f\u0131m\u0131za \u00e7\u0131k\u0131yor.   Dr. Elvin Ayd\u0131n Kele\u015f, alan\u0131na yenilik getiren bu kitapla gerek terapi becerilerini geli\u015ftirmek isteyen ruh sa\u011fl\u0131\u011f\u0131 uzmanlar\u0131n\u0131, gerekse ki\u015fisel geli\u015fimine katk\u0131 sa\u011flamak isteyen okuyucular\u0131, \u00f6zg\u00fcn dili ve yakla\u015f\u0131m\u0131yla kendilerine e\u015fsiz katk\u0131lar sa\u011flayabilecekleri bir yolculu\u011fa \u00e7\u0131kar\u0131yor. <\/p>\n","protected":false},"excerpt":{"rendered":"<p>\u0130li\u015fkisel psikoterapi, dan\u0131\u015fan\u0131n kendi hayat\u0131nda ya\u015fad\u0131\u011f\u0131 ancak bir t\u00fcrl\u00fc ad\u0131n\u0131 koyamad\u0131\u011f\u0131 zorluklar\u0131n, terapistle dan\u0131\u015fan aras\u0131nda psikoterapi s\u00fcrecinde de yeniden ya\u015fanarak anlamland\u0131r\u0131labilece\u011fi esas\u0131na dayan\u0131r. Bu anlarda ili\u015fkisel<span class=\"excerpt-hellip\"> [\u2026]<\/span><\/p>\n","protected":false},"featured_media":0,"template":"","meta":{"_monsterinsights_skip_tracking":false,"_monsterinsights_sitenote_active":false,"_monsterinsights_sitenote_note":"","_monsterinsights_sitenote_category":0},"product_brand":[],"product_cat":[12357],"product_tag":[],"class_list":{"0":"post-758587","1":"product","2":"type-product","3":"status-publish","5":"product_cat-psikoloji","6":"pa_cilt-ciltsiz","7":"pa_tur-kitap","8":"pa_yayinevi-nova-kitap","9":"pa_yazar-elvin-aydin-keles","11":"first","12":"instock","13":"sale","14":"shipping-taxable","15":"purchasable","16":"product-type-simple"},"_links":{"self":[{"href":"https:\/\/roveyayinevi.com.tr\/index.php\/wp-json\/wp\/v2\/product\/758587","targetHints":{"allow":["GET"]}}],"collection":[{"href":"https:\/\/roveyayinevi.com.tr\/index.php\/wp-json\/wp\/v2\/product"}],"about":[{"href":"https:\/\/roveyayinevi.com.tr\/index.php\/wp-json\/wp\/v2\/types\/product"}],"wp:attachment":[{"href":"https:\/\/roveyayinevi.com.tr\/index.php\/wp-json\/wp\/v2\/media?parent=758587"}],"wp:term":[{"taxonomy":"product_brand","embeddable":true,"href":"https:\/\/roveyayinevi.com.tr\/index.php\/wp-json\/wp\/v2\/product_brand?post=758587"},{"taxonomy":"product_cat","embeddable":true,"href":"https:\/\/roveyayinevi.com.tr\/index.php\/wp-json\/wp\/v2\/product_cat?post=758587"},{"taxonomy":"product_tag","embeddable":true,"href":"https:\/\/roveyayinevi.com.tr\/index.php\/wp-json\/wp\/v2\/product_tag?post=758587"}],"curies":[{"name":"wp","href":"https:\/\/api.w.org\/{rel}","templated":true}]}}