{"id":758584,"date":"2025-08-28T08:08:58","date_gmt":"2025-08-28T05:08:58","guid":{"rendered":"https:\/\/roveyayinevi.com.tr\/index.php\/urun\/enerji-terapistinin-rehberi\/"},"modified":"2026-04-03T03:15:00","modified_gmt":"2026-04-03T00:15:00","slug":"enerji-terapistinin-rehberi","status":"publish","type":"product","link":"https:\/\/roveyayinevi.com.tr\/index.php\/urun\/enerji-terapistinin-rehberi\/","title":{"rendered":"Enerji Terapistinin Rehberi"},"content":{"rendered":"<p>\u0130\u00c7\u0130N\u0130ZDEK\u0130 \u015e\u0130FACI \u0130LE TANI\u015eMAYA HAZIR MISINIZ? Enerji Terapistinin Rehberi, \u015fifalanmak ve \u015fifa da\u011f\u0131tmak isteyenler i\u00e7in yaz\u0131lm\u0131\u015ft\u0131r. Bu kitap olumsuz alan kopyalar\u0131n\u0131n, pasif ge\u00e7i\u015flilerin, negatif tortular\u0131n, marazl\u0131 kanallar\u0131n ve daha nice k\u00f6t\u00fc enerjiden do\u011fan yarat\u0131m\u0131n d\u00f6n\u00fc\u015ft\u00fcr\u00fcc\u00fcs\u00fcd\u00fcr. Amac\u0131, okuruna \u00f6zel olarak bireysel bir e\u011fitim vermektir. Bilin\u00e7siz bilincin yarat\u0131mlar\u0131n\u0131 y\u0131k\u0131p bilin\u00e7li bilin\u00e7le yeniden pozitif bak\u0131\u015f a\u00e7\u0131s\u0131 olu\u015fturman\u0131z i\u00e7in bir\u00e7ok \u00f6rnekle yeni ve \u015fifal\u0131 enerji alanlar\u0131n\u0131n yarat\u0131m\u0131n\u0131 anlatan bu kitapta, kendi \u015fifac\u0131 g\u00fcc\u00fcn\u00fcz\u00fcn enerjisini a\u00e7\u0131\u011fa \u00e7\u0131karmak i\u00e7in gerekli bilgiyi bulacaks\u0131n\u0131z. Enerji g\u00fcc\u00fcn\u00fcz\u00fcn d\u00f6n\u00fc\u015ft\u00fcr\u00fcc\u00fc b\u00fcy\u00fcs\u00fcn\u00fc ke\u015ffetme zaman\u0131! <\/p>\n","protected":false},"excerpt":{"rendered":"<p>\u0130\u00c7\u0130N\u0130ZDEK\u0130 \u015e\u0130FACI \u0130LE TANI\u015eMAYA HAZIR MISINIZ? Enerji Terapistinin Rehberi, \u015fifalanmak ve \u015fifa da\u011f\u0131tmak isteyenler i\u00e7in yaz\u0131lm\u0131\u015ft\u0131r. Bu kitap olumsuz alan kopyalar\u0131n\u0131n, pasif ge\u00e7i\u015flilerin, negatif tortular\u0131n, marazl\u0131<span class=\"excerpt-hellip\"> [\u2026]<\/span><\/p>\n","protected":false},"featured_media":0,"template":"","meta":{"_monsterinsights_skip_tracking":false,"_monsterinsights_sitenote_active":false,"_monsterinsights_sitenote_note":"","_monsterinsights_sitenote_category":0},"product_brand":[],"product_cat":[12364,12376],"product_tag":[],"class_list":{"0":"post-758584","1":"product","2":"type-product","3":"status-publish","5":"product_cat-genel-konular","6":"product_cat-kisisel-gelisim","7":"pa_cilt-ciltsiz","8":"pa_tur-kitap","9":"pa_yayinevi-muptela-yayinevi","10":"pa_yazar-kevser-demet","12":"first","13":"instock","14":"sale","15":"shipping-taxable","16":"purchasable","17":"product-type-simple"},"_links":{"self":[{"href":"https:\/\/roveyayinevi.com.tr\/index.php\/wp-json\/wp\/v2\/product\/758584","targetHints":{"allow":["GET"]}}],"collection":[{"href":"https:\/\/roveyayinevi.com.tr\/index.php\/wp-json\/wp\/v2\/product"}],"about":[{"href":"https:\/\/roveyayinevi.com.tr\/index.php\/wp-json\/wp\/v2\/types\/product"}],"wp:attachment":[{"href":"https:\/\/roveyayinevi.com.tr\/index.php\/wp-json\/wp\/v2\/media?parent=758584"}],"wp:term":[{"taxonomy":"product_brand","embeddable":true,"href":"https:\/\/roveyayinevi.com.tr\/index.php\/wp-json\/wp\/v2\/product_brand?post=758584"},{"taxonomy":"product_cat","embeddable":true,"href":"https:\/\/roveyayinevi.com.tr\/index.php\/wp-json\/wp\/v2\/product_cat?post=758584"},{"taxonomy":"product_tag","embeddable":true,"href":"https:\/\/roveyayinevi.com.tr\/index.php\/wp-json\/wp\/v2\/product_tag?post=758584"}],"curies":[{"name":"wp","href":"https:\/\/api.w.org\/{rel}","templated":true}]}}