{"id":758580,"date":"2025-08-28T08:08:52","date_gmt":"2025-08-28T05:08:52","guid":{"rendered":"https:\/\/roveyayinevi.com.tr\/index.php\/urun\/ayurveda-ve-kendini-bulma-sanati\/"},"modified":"2026-04-16T03:11:42","modified_gmt":"2026-04-16T00:11:42","slug":"ayurveda-ve-kendini-bulma-sanati","status":"publish","type":"product","link":"https:\/\/roveyayinevi.com.tr\/index.php\/urun\/ayurveda-ve-kendini-bulma-sanati\/","title":{"rendered":"Ayurveda ve Kendini Bulma Sanat\u0131"},"content":{"rendered":"<p>\u201cYa\u015fam beden, duyular, ak\u0131l ve reenkarne olan ruhun bir bile\u015fimidir. Ayurveda en kutsal ya\u015fam bilimidir, insanlara hem bu d\u00fcnyada hem de \u00f6tesinde faydal\u0131d\u0131r.\u201d Charaka Samhita 1. 42-34 6000 y\u0131la yak\u0131n ge\u00e7mi\u015fiyle kendini onlarca y\u00fczy\u0131la ve milyonlarca insana kan\u0131tlayan kadim disiplin ayurveda, uzun ve sa\u011fl\u0131kl\u0131 bir ya\u015fam aray\u0131\u015f\u0131n\u0131n toplam\u0131d\u0131r. Yery\u00fcz\u00fcndeki ilk ve en eski anti-aging t\u0131p olan bu disiplin, ki\u015finin kendisini g\u00f6zlemlemesi, kendisine yakla\u015fmas\u0131 ve tan\u0131mas\u0131 i\u00e7in yarat\u0131lm\u0131\u015f bir f\u0131rsat ve insan\u0131 her katman\u0131nda \u015fifaland\u0131ran bir kendini bulma sanat\u0131d\u0131r. \u201cBeni \u00f6zbenli\u011fimden zaman i\u00e7inde sinsice uzakla\u015ft\u0131ran o sabah git ak\u015fam gel d\u00f6ng\u00fcs\u00fc ve hafta sonu denen o iki g\u00fcnde de ne yapaca\u011f\u0131n\u0131 bilemeyen, hangi saatine hangi \u015feyi s\u0131\u011fd\u0131raca\u011f\u0131m diye daha fazla stres \u00fcreten sadaka zamanlar silsilesi hi\u00e7 mi hi\u00e7 \u00e7ekmiyordu. Kendimi do\u011fan\u0131n kuca\u011f\u0131na \u00f6yle bir atm\u0131\u015ft\u0131m ki bir daha herhangi bir metropolde hayal edemez olmu\u015ftum. \u0130\u00e7imdeki his, Seda b\u00fcy\u00fck kentte ya\u015fama miad\u0131n\u0131 doldurdu ve art\u0131k ba\u015fka bir hayata ge\u00e7meli diyordu.\u201d Bu kitap, sadece kendi sa\u011fl\u0131k sorunlar\u0131n\u0131 \u00e7\u00f6zen bir kad\u0131n\u0131n ayurveda ile olan hik\u00e2yesini ve ayurvedan\u0131n onu nas\u0131l d\u00f6n\u00fc\u015ft\u00fcrd\u00fc\u011f\u00fcn\u00fc de\u011fil, ayn\u0131 zamanda t\u00fcm y\u00f6nleriyle insan sa\u011fl\u0131\u011f\u0131n\u0131 ve manevi hayat\u0131 d\u00fczenleyen ve kendi i\u00e7inde b\u00fct\u00fcn olan sistemi de anlat\u0131yor.<\/p>\n","protected":false},"excerpt":{"rendered":"<p>\u201cYa\u015fam beden, duyular, ak\u0131l ve reenkarne olan ruhun bir bile\u015fimidir. Ayurveda en kutsal ya\u015fam bilimidir, insanlara hem bu d\u00fcnyada hem de \u00f6tesinde faydal\u0131d\u0131r.\u201d Charaka Samhita 1.<span class=\"excerpt-hellip\"> [\u2026]<\/span><\/p>\n","protected":false},"featured_media":0,"template":"","meta":{"_monsterinsights_skip_tracking":false,"_monsterinsights_sitenote_active":false,"_monsterinsights_sitenote_note":"","_monsterinsights_sitenote_category":0},"product_brand":[],"product_cat":[12364,12376],"product_tag":[],"class_list":{"0":"post-758580","1":"product","2":"type-product","3":"status-publish","5":"product_cat-genel-konular","6":"product_cat-kisisel-gelisim","7":"pa_cilt-ciltsiz","8":"pa_tur-kitap","9":"pa_yayinevi-literatur-yayinevi","10":"pa_yazar-seda-shambhavi-kervanoglu","12":"first","13":"instock","14":"sale","15":"shipping-taxable","16":"purchasable","17":"product-type-simple"},"_links":{"self":[{"href":"https:\/\/roveyayinevi.com.tr\/index.php\/wp-json\/wp\/v2\/product\/758580","targetHints":{"allow":["GET"]}}],"collection":[{"href":"https:\/\/roveyayinevi.com.tr\/index.php\/wp-json\/wp\/v2\/product"}],"about":[{"href":"https:\/\/roveyayinevi.com.tr\/index.php\/wp-json\/wp\/v2\/types\/product"}],"wp:attachment":[{"href":"https:\/\/roveyayinevi.com.tr\/index.php\/wp-json\/wp\/v2\/media?parent=758580"}],"wp:term":[{"taxonomy":"product_brand","embeddable":true,"href":"https:\/\/roveyayinevi.com.tr\/index.php\/wp-json\/wp\/v2\/product_brand?post=758580"},{"taxonomy":"product_cat","embeddable":true,"href":"https:\/\/roveyayinevi.com.tr\/index.php\/wp-json\/wp\/v2\/product_cat?post=758580"},{"taxonomy":"product_tag","embeddable":true,"href":"https:\/\/roveyayinevi.com.tr\/index.php\/wp-json\/wp\/v2\/product_tag?post=758580"}],"curies":[{"name":"wp","href":"https:\/\/api.w.org\/{rel}","templated":true}]}}