{"id":758579,"date":"2025-08-28T08:08:50","date_gmt":"2025-08-28T05:08:50","guid":{"rendered":"https:\/\/roveyayinevi.com.tr\/index.php\/urun\/yoga-ve-kendini-bulma-sanati\/"},"modified":"2026-04-16T03:11:42","modified_gmt":"2026-04-16T00:11:42","slug":"yoga-ve-kendini-bulma-sanati","status":"publish","type":"product","link":"https:\/\/roveyayinevi.com.tr\/index.php\/urun\/yoga-ve-kendini-bulma-sanati\/","title":{"rendered":"Yoga ve Kendini Bulma Sanat\u0131"},"content":{"rendered":"<p>\u201cYa\u015fam \u00e7\u00f6z\u00fclmesi gereken bir sorun de\u011fil, ancak deneyimlenmesi gereken ger\u00e7ekliktir.\u201d Soren Kierkegaard Yoga, antik metinleriyle birlikte, ki\u015finin kendisinden ba\u015flay\u0131p \u00e7evresindeki t\u00fcm varl\u0131klara do\u011fru bir fark\u0131ndal\u0131k kazanmas\u0131n\u0131 sa\u011flar. Varolu\u015fsal ve ya\u015famsal zorluklara kar\u015f\u0131 ba\u015fl\u0131 ba\u015f\u0131na bir \u00e7\u00f6z\u00fcm olana\u011f\u0131d\u0131r. Ki\u015finin, sezgilerini de kullanarak olu\u015f ile varl\u0131k aras\u0131ndaki ayr\u0131mda yerini bulmas\u0131, mutla\u011f\u0131 alg\u0131lamak i\u00e7in kendisini ger\u00e7ekle\u015ftirmesidir. Kalbi safla\u015ft\u0131racak t\u00fcm teknikler bir b\u00fct\u00fcn olarak zihinsel \u00f6zg\u00fcrle\u015fme ve m\u00fckemmelli\u011fe ula\u015fma yoludur. \u0130\u015fte bu sebeple yoga, kendini bulma sanat\u0131n\u0131n en de\u011ferli ara\u00e7lar\u0131ndan biridir. Bu kitap, okuyucular\u0131 yoga prati\u011finin derinliklerine g\u00f6t\u00fcr\u00fcrken yogan\u0131n bedende, zihinde ve duygularda yarataca\u011f\u0131 d\u00f6n\u00fc\u015f\u00fcmleri de ke\u015ffetmenizi sa\u011fl\u0131yor ve okura kendini bulma yolculu\u011funda k\u0131lavuzluk ediyor. <\/p>\n","protected":false},"excerpt":{"rendered":"<p>\u201cYa\u015fam \u00e7\u00f6z\u00fclmesi gereken bir sorun de\u011fil, ancak deneyimlenmesi gereken ger\u00e7ekliktir.\u201d Soren Kierkegaard Yoga, antik metinleriyle birlikte, ki\u015finin kendisinden ba\u015flay\u0131p \u00e7evresindeki t\u00fcm varl\u0131klara do\u011fru bir fark\u0131ndal\u0131k kazanmas\u0131n\u0131<span class=\"excerpt-hellip\"> [\u2026]<\/span><\/p>\n","protected":false},"featured_media":0,"template":"","meta":{"_monsterinsights_skip_tracking":false,"_monsterinsights_sitenote_active":false,"_monsterinsights_sitenote_note":"","_monsterinsights_sitenote_category":0},"product_brand":[],"product_cat":[12364,12376],"product_tag":[],"class_list":{"0":"post-758579","1":"product","2":"type-product","3":"status-publish","5":"product_cat-genel-konular","6":"product_cat-kisisel-gelisim","7":"pa_cilt-ciltsiz","8":"pa_tur-kitap","9":"pa_yayinevi-literatur-yayinevi","10":"pa_yazar-bora-ercan","12":"first","13":"instock","14":"sale","15":"shipping-taxable","16":"purchasable","17":"product-type-simple"},"_links":{"self":[{"href":"https:\/\/roveyayinevi.com.tr\/index.php\/wp-json\/wp\/v2\/product\/758579","targetHints":{"allow":["GET"]}}],"collection":[{"href":"https:\/\/roveyayinevi.com.tr\/index.php\/wp-json\/wp\/v2\/product"}],"about":[{"href":"https:\/\/roveyayinevi.com.tr\/index.php\/wp-json\/wp\/v2\/types\/product"}],"wp:attachment":[{"href":"https:\/\/roveyayinevi.com.tr\/index.php\/wp-json\/wp\/v2\/media?parent=758579"}],"wp:term":[{"taxonomy":"product_brand","embeddable":true,"href":"https:\/\/roveyayinevi.com.tr\/index.php\/wp-json\/wp\/v2\/product_brand?post=758579"},{"taxonomy":"product_cat","embeddable":true,"href":"https:\/\/roveyayinevi.com.tr\/index.php\/wp-json\/wp\/v2\/product_cat?post=758579"},{"taxonomy":"product_tag","embeddable":true,"href":"https:\/\/roveyayinevi.com.tr\/index.php\/wp-json\/wp\/v2\/product_tag?post=758579"}],"curies":[{"name":"wp","href":"https:\/\/api.w.org\/{rel}","templated":true}]}}