{"id":758578,"date":"2025-08-28T08:08:49","date_gmt":"2025-08-28T05:08:49","guid":{"rendered":"https:\/\/roveyayinevi.com.tr\/index.php\/urun\/birlesmis-milletler-cinsiyet-rejimi\/"},"modified":"2026-04-16T03:11:42","modified_gmt":"2026-04-16T00:11:42","slug":"birlesmis-milletler-cinsiyet-rejimi","status":"publish","type":"product","link":"https:\/\/roveyayinevi.com.tr\/index.php\/urun\/birlesmis-milletler-cinsiyet-rejimi\/","title":{"rendered":"Birle\u015fmi\u015f Milletler Cinsiyet Rejimi"},"content":{"rendered":"<p>Modern Bat\u0131 felsefe tarihini ba\u015ftan sona etkileyen \u2018ben\/\u00f6teki\u2019 ikili\u011fi kolonyal tahayy\u00fclde nas\u0131l kurulur ve i\u015fler? Muharrem Do\u011fan, \u2018d\u0131\u015far\u0131dan gelen ile yerli\u2019 olarak adland\u0131rd\u0131\u011f\u0131 bu hiyerar\u015fik ili\u015fkiyi Birle\u015fmi\u015f Milletler cinsiyet rejiminin in\u015fas\u0131 \u00f6rnek olay\u0131 \u00fczerinden ele al\u0131yor ve \u2018k\u00fcresel versus yerli\u2019 ikili\u011fine dayanan norm hiyerar\u015fisinin postkolonyal ve Kristevac\u0131 bir ele\u015ftirisini sunuyor. Kitab\u0131n temel arg\u00fcman\u0131 Birle\u015fmi\u015f Milletler cinsiyet rejiminin in\u015fas\u0131nda kolonyal ge\u00e7mi\u015fin miras\u0131n\u0131n h\u00fck\u00fcm s\u00fcrd\u00fc\u011f\u00fcd\u00fcr. Kitap, d\u0131\u015far\u0131dan gelen ile yerli aras\u0131ndaki hiyerar\u015fik iktidar ili\u015fkisinin BM\u2019nin hem kurumsal g\u00f6r\u00fcn\u00fcm\u00fcndeki hem de i\u015fleyi\u015f mekanizmalar\u0131ndaki g\u00f6r\u00fcn\u00fcm\u00fcne odaklan\u0131yor ve \u00f6rg\u00fct\u00fcn kolonyal ge\u00e7mi\u015f ile kurdu\u011fu ba\u011f\u0131n cinsiyet rejiminin in\u015fas\u0131ndaki kurucu rol\u00fcne vurgu yap\u0131yor. Do\u011fan\u2019a g\u00f6re BM egemenlik, i\u00e7 i\u015flerine kar\u0131\u015fmama ve kendi kaderini tayin etme gibi bir\u00e7ok evrensel normun uygulan\u0131\u015f\u0131nda oldu\u011fu gibi cinsiyet normlar\u0131n\u0131n uygulan\u0131\u015f\u0131nda da e\u015fitsizliklerin yeniden \u00fcretilmesinde kilit bir rol oynuyor. Bu nedenle Do\u011fan\u2019a g\u00f6re, BM\u2019nin \u00e7a\u011fda\u015f d\u00fcnyadaki rol\u00fcn\u00fcn kolonyal s\u00fcre\u00e7ler olmaks\u0131z\u0131n anla\u015f\u0131lmas\u0131 m\u00fcmk\u00fcn de\u011fildir. <\/p>\n","protected":false},"excerpt":{"rendered":"<p>Modern Bat\u0131 felsefe tarihini ba\u015ftan sona etkileyen \u2018ben\/\u00f6teki\u2019 ikili\u011fi kolonyal tahayy\u00fclde nas\u0131l kurulur ve i\u015fler? Muharrem Do\u011fan, \u2018d\u0131\u015far\u0131dan gelen ile yerli\u2019 olarak adland\u0131rd\u0131\u011f\u0131 bu hiyerar\u015fik ili\u015fkiyi<span class=\"excerpt-hellip\"> [\u2026]<\/span><\/p>\n","protected":false},"featured_media":0,"template":"","meta":{"_monsterinsights_skip_tracking":false,"_monsterinsights_sitenote_active":false,"_monsterinsights_sitenote_note":"","_monsterinsights_sitenote_category":0},"product_brand":[],"product_cat":[12351,12324],"product_tag":[],"class_list":{"0":"post-758578","1":"product","2":"type-product","3":"status-publish","5":"product_cat-siyaset-sosyolojisi","6":"product_cat-sosyoloji","7":"pa_cilt-ciltsiz","8":"pa_tur-kitap","9":"pa_yayinevi-nika-yayinevi","10":"pa_yazar-muharrem-dogan","12":"first","13":"instock","14":"sale","15":"shipping-taxable","16":"purchasable","17":"product-type-simple"},"_links":{"self":[{"href":"https:\/\/roveyayinevi.com.tr\/index.php\/wp-json\/wp\/v2\/product\/758578","targetHints":{"allow":["GET"]}}],"collection":[{"href":"https:\/\/roveyayinevi.com.tr\/index.php\/wp-json\/wp\/v2\/product"}],"about":[{"href":"https:\/\/roveyayinevi.com.tr\/index.php\/wp-json\/wp\/v2\/types\/product"}],"wp:attachment":[{"href":"https:\/\/roveyayinevi.com.tr\/index.php\/wp-json\/wp\/v2\/media?parent=758578"}],"wp:term":[{"taxonomy":"product_brand","embeddable":true,"href":"https:\/\/roveyayinevi.com.tr\/index.php\/wp-json\/wp\/v2\/product_brand?post=758578"},{"taxonomy":"product_cat","embeddable":true,"href":"https:\/\/roveyayinevi.com.tr\/index.php\/wp-json\/wp\/v2\/product_cat?post=758578"},{"taxonomy":"product_tag","embeddable":true,"href":"https:\/\/roveyayinevi.com.tr\/index.php\/wp-json\/wp\/v2\/product_tag?post=758578"}],"curies":[{"name":"wp","href":"https:\/\/api.w.org\/{rel}","templated":true}]}}